{"id":4456,"date":"2022-08-18T13:28:21","date_gmt":"2022-08-18T16:28:21","guid":{"rendered":"https:\/\/deltamed.cl\/tienda\/?post_type=product&#038;p=4456"},"modified":"2026-02-27T13:30:44","modified_gmt":"2026-02-27T16:30:44","slug":"picaron-inflable-40-x-45cm","status":"publish","type":"product","link":"https:\/\/deltamed.cl\/tienda\/producto\/picaron-inflable-40-x-45cm\/","title":{"rendered":"Picar\u00f3n inflable 40 X 45cm"},"content":{"rendered":"<p>Picar\u00f3n inflable 40 X 45cm<\/p>\n<p>Coj\u00edn redondo inflable para asiento de Silla, soporte para cadera, hemorroides, nervio ci\u00e1tico, alivio del dolor de hueso trasero, masaje de cadera, Donut, coj\u00edn de asiento. \u2022 Tela suave y buena elasticidad de PVC duradera, c\u00f3moda y respetuosa con el medio ambiente.<br \/>\n\u2022 El dise\u00f1o ergon\u00f3mico puede adaptarse bien a la forma de su cadera y distribuir la gravedad uniformemente, tambi\u00e9n puede ayudar a reducir la<br \/>\nopresi\u00f3n parcial y aliviar la presi\u00f3n en la columna vertebral para demostrarle una sentado seguro y saludable.<br \/>\n\u2022 Este coj\u00edn de asiento est\u00e1 dise\u00f1ado para aliviar la espalda, el adormecimiento y las molestias cuando te sientes.<br \/>\n\u2022 Es inflable, proporciona una bomba que ser\u00e1 m\u00e1s conveniente de usar y almacenar. Adecuado para personas que tienen problemas con hemorroides, coxalgia, dolor de cama y otros trastornos anales.<br \/>\n\u2022 Fabricado en Vinilo de alta resistencia.<br \/>\n\u2022 Lavable.<br \/>\n\u2022 Ofrece comodidad y apoyo al estar sentado.<br \/>\n\u2022 El centro est\u00e1 abierto para proporcionar el m\u00e1ximo alivio de presi\u00f3n.<br \/>\n\u2022 F\u00e1cil de Inflar.<br \/>\n\u2022 Di\u00e1metro 45cm x 4cm<br \/>\n\u2022 Color gris<br \/>\n\u2022 Cod 2913<\/p>\n","protected":false},"excerpt":{"rendered":"<p>Picar\u00f3n inflable 40 X 45cm<\/p>\n<p>Picar\u00f3n inflable 40 X 45cm<\/p>\n<p>Coj\u00edn redondo inflable para asiento de Silla, soporte para cadera, hemorroides, nervio ci\u00e1tico, alivio del dolor de hueso trasero, masaje de cadera, Donut, coj\u00edn de asiento. \u2022 Tela suave y buena elasticidad de PVC duradera, c\u00f3moda y respetuosa con el medio ambiente.<br \/>\n\u2022 El dise\u00f1o ergon\u00f3mico puede adaptarse bien a la forma de su cadera y distribuir la gravedad uniformemente, tambi\u00e9n puede ayudar a reducir la<br \/>\nopresi\u00f3n parcial y aliviar la presi\u00f3n en la columna vertebral para demostrarle una sentado seguro y saludable.<br \/>\n\u2022 Este coj\u00edn de asiento est\u00e1 dise\u00f1ado para aliviar la espalda, el adormecimiento y las molestias cuando te sientes.<br \/>\n\u2022 Es inflable, proporciona una bomba que ser\u00e1 m\u00e1s conveniente de usar y almacenar. Adecuado para personas que tienen problemas con hemorroides, coxalgia, dolor de cama y otros trastornos anales.<br \/>\n\u2022 Fabricado en Vinilo de alta resistencia.<br \/>\n\u2022 Lavable.<br \/>\n\u2022 Ofrece comodidad y apoyo al estar sentado.<br \/>\n\u2022 El centro est\u00e1 abierto para proporcionar el m\u00e1ximo alivio de presi\u00f3n.<br \/>\n\u2022 F\u00e1cil de Inflar.<br \/>\n\u2022 Di\u00e1metro 45cm x 4cm<br \/>\n\u2022 Color gris<br \/>\n\u2022 Cod 2913<\/p>\n","protected":false},"featured_media":4458,"comment_status":"open","ping_status":"closed","template":"","meta":{"_acf_changed":false},"product_brand":[1091],"product_cat":[992,978,23],"product_tag":[486,703,585],"class_list":{"0":"post-4456","1":"product","2":"type-product","3":"status-publish","4":"has-post-thumbnail","6":"product_brand-deltamed","7":"product_cat-cojin","8":"product_cat-prevencion-antiescaras","9":"product_cat-ayudas-tecnicas-de-bano","10":"product_tag-ayudas-tecnicas","11":"product_tag-cyberday","12":"product_tag-deltamed","13":"product_shipping_class-pequeno","15":"first","16":"instock","17":"shipping-taxable","18":"purchasable","19":"product-type-simple"},"acf":[],"_links":{"self":[{"href":"https:\/\/deltamed.cl\/tienda\/wp-json\/wp\/v2\/product\/4456","targetHints":{"allow":["GET"]}}],"collection":[{"href":"https:\/\/deltamed.cl\/tienda\/wp-json\/wp\/v2\/product"}],"about":[{"href":"https:\/\/deltamed.cl\/tienda\/wp-json\/wp\/v2\/types\/product"}],"replies":[{"embeddable":true,"href":"https:\/\/deltamed.cl\/tienda\/wp-json\/wp\/v2\/comments?post=4456"}],"version-history":[{"count":1,"href":"https:\/\/deltamed.cl\/tienda\/wp-json\/wp\/v2\/product\/4456\/revisions"}],"predecessor-version":[{"id":10562,"href":"https:\/\/deltamed.cl\/tienda\/wp-json\/wp\/v2\/product\/4456\/revisions\/10562"}],"wp:featuredmedia":[{"embeddable":true,"href":"https:\/\/deltamed.cl\/tienda\/wp-json\/wp\/v2\/media\/4458"}],"wp:attachment":[{"href":"https:\/\/deltamed.cl\/tienda\/wp-json\/wp\/v2\/media?parent=4456"}],"wp:term":[{"taxonomy":"product_brand","embeddable":true,"href":"https:\/\/deltamed.cl\/tienda\/wp-json\/wp\/v2\/product_brand?post=4456"},{"taxonomy":"product_cat","embeddable":true,"href":"https:\/\/deltamed.cl\/tienda\/wp-json\/wp\/v2\/product_cat?post=4456"},{"taxonomy":"product_tag","embeddable":true,"href":"https:\/\/deltamed.cl\/tienda\/wp-json\/wp\/v2\/product_tag?post=4456"}],"curies":[{"name":"wp","href":"https:\/\/api.w.org\/{rel}","templated":true}]}}