{"id":4417,"date":"2022-08-03T16:39:39","date_gmt":"2022-08-03T19:39:39","guid":{"rendered":"https:\/\/deltamed.cl\/tienda\/?post_type=product&#038;p=4417"},"modified":"2026-02-27T13:30:44","modified_gmt":"2026-02-27T16:30:44","slug":"cojin-antiescara-de-flotacion-seca-premium-dl341","status":"publish","type":"product","link":"https:\/\/deltamed.cl\/tienda\/producto\/cojin-antiescara-de-flotacion-seca-premium-dl341\/","title":{"rendered":"Coj\u00edn antiescaras de flotaci\u00f3n seca Premium DL341"},"content":{"rendered":"<p>Coj\u00edn antiescaras de flotaci\u00f3n seca Premium DL341<\/p>\n<p>Coj\u00edn inflable cuyo objetivo es prevenir y ayudar en la curaci\u00f3n de \u00falceras isqu\u00e9micas y descomposici\u00f3n de tejidos.<br \/>\nDisminuye los puntos de presi\u00f3n mantenidos por per\u00edodos prolongados de tiempo, distribuyendo el peso en sus 36 celdas. Gracias a su efecto de descompresi\u00f3n, puede ser utilizado por personas con historial de rotura de piel o tejidos blandos actuales, lesiones por presi\u00f3n, injertos de la piel y\/o cirug\u00eda cut\u00e1nea, postoperatorio, etc.<br \/>\nLas diferencias de puntos de presi\u00f3n sostenidos por las celdas permiten mejorar la irrigaci\u00f3n de los tejidos otorgando mayor oxigenaci\u00f3n.<br \/>\nDise\u00f1o, modelado y descompresi\u00f3n de celdas de aire en 3D<br \/>\nCubierta antideslizante, transpirable y resistente a la humedad.<br \/>\nMantenci\u00f3n del producto: limpiar funda protectora con pa\u00f1o h\u00famedo.<br \/>\nAdecuado para silla de ruedas, oficina, exterior, etc.<br \/>\nF\u00e1cil de transportar, inflar y de limpiar.<br \/>\nMaterial: cada celda est\u00e1 compuesta por TPU (Poliuretano termopl\u00e1stico) de alta resistencia ante la abrasi\u00f3n y flexible, espuma de Poliuretano y aire.<\/p>\n<p><strong>ESPECIFICACIONES:<\/strong><br \/>\nPeso m\u00e1ximo soportado: 135 kg<br \/>\nDimensiones: 43 x 43 x 5 cm<br \/>\nPeso: 0,45 kg (0,628 con funda)<br \/>\nCeldas de aire: 36 celdas interconectadas.<br \/>\nV\u00e1lvula de aire de acero inoxidable.<br \/>\nIncluye bomb\u00edn inflador y funda protectora.<\/p>\n","protected":false},"excerpt":{"rendered":"<p>Coj\u00edn antiescaras de flotaci\u00f3n seca Premium DL341<\/p>\n<p>Coj\u00edn inflable cuyo objetivo es prevenir y ayudar en la curaci\u00f3n de \u00falceras isqu\u00e9micas y descomposici\u00f3n de tejidos.<br \/>\nDisminuye los puntos de presi\u00f3n mantenidos por per\u00edodos prolongados de tiempo, distribuyendo el peso en sus 36 celdas. Gracias a su efecto de descompresi\u00f3n, puede ser utilizado por personas con historial de rotura de piel o tejidos blandos actuales, lesiones por presi\u00f3n, injertos de la piel y\/o cirug\u00eda cut\u00e1nea, postoperatorio, etc.<br \/>\nLas diferencias de puntos de presi\u00f3n sostenidos por las celdas permiten mejorar la irrigaci\u00f3n de los tejidos otorgando mayor oxigenaci\u00f3n.<br \/>\nDise\u00f1o, modelado y descompresi\u00f3n de celdas de aire en 3D<br \/>\nCubierta antideslizante, transpirable y resistente a la humedad.<br \/>\nMantenci\u00f3n del producto: limpiar funda protectora con pa\u00f1o h\u00famedo.<br \/>\nAdecuado para silla de ruedas, oficina, exterior, etc.<br \/>\nF\u00e1cil de transportar, inflar y de limpiar.<br \/>\nMaterial: cada celda est\u00e1 compuesta por TPU (Poliuretano termopl\u00e1stico) de alta resistencia ante la abrasi\u00f3n y flexible, espuma de Poliuretano y aire.<\/p>\n","protected":false},"featured_media":6588,"comment_status":"open","ping_status":"closed","template":"","meta":{"_acf_changed":false},"product_brand":[1091],"product_cat":[992,978,23],"product_tag":[486,703,585],"class_list":{"0":"post-4417","1":"product","2":"type-product","3":"status-publish","4":"has-post-thumbnail","6":"product_brand-deltamed","7":"product_cat-cojin","8":"product_cat-prevencion-antiescaras","9":"product_cat-ayudas-tecnicas-de-bano","10":"product_tag-ayudas-tecnicas","11":"product_tag-cyberday","12":"product_tag-deltamed","13":"product_shipping_class-pequeno","15":"first","16":"instock","17":"shipping-taxable","18":"purchasable","19":"product-type-simple"},"acf":[],"_links":{"self":[{"href":"https:\/\/deltamed.cl\/tienda\/wp-json\/wp\/v2\/product\/4417","targetHints":{"allow":["GET"]}}],"collection":[{"href":"https:\/\/deltamed.cl\/tienda\/wp-json\/wp\/v2\/product"}],"about":[{"href":"https:\/\/deltamed.cl\/tienda\/wp-json\/wp\/v2\/types\/product"}],"replies":[{"embeddable":true,"href":"https:\/\/deltamed.cl\/tienda\/wp-json\/wp\/v2\/comments?post=4417"}],"version-history":[{"count":5,"href":"https:\/\/deltamed.cl\/tienda\/wp-json\/wp\/v2\/product\/4417\/revisions"}],"predecessor-version":[{"id":14196,"href":"https:\/\/deltamed.cl\/tienda\/wp-json\/wp\/v2\/product\/4417\/revisions\/14196"}],"wp:featuredmedia":[{"embeddable":true,"href":"https:\/\/deltamed.cl\/tienda\/wp-json\/wp\/v2\/media\/6588"}],"wp:attachment":[{"href":"https:\/\/deltamed.cl\/tienda\/wp-json\/wp\/v2\/media?parent=4417"}],"wp:term":[{"taxonomy":"product_brand","embeddable":true,"href":"https:\/\/deltamed.cl\/tienda\/wp-json\/wp\/v2\/product_brand?post=4417"},{"taxonomy":"product_cat","embeddable":true,"href":"https:\/\/deltamed.cl\/tienda\/wp-json\/wp\/v2\/product_cat?post=4417"},{"taxonomy":"product_tag","embeddable":true,"href":"https:\/\/deltamed.cl\/tienda\/wp-json\/wp\/v2\/product_tag?post=4417"}],"curies":[{"name":"wp","href":"https:\/\/api.w.org\/{rel}","templated":true}]}}