{"id":4414,"date":"2022-08-03T13:45:42","date_gmt":"2022-08-03T16:45:42","guid":{"rendered":"https:\/\/deltamed.cl\/tienda\/?post_type=product&#038;p=4414"},"modified":"2026-02-27T13:30:43","modified_gmt":"2026-02-27T16:30:43","slug":"cojin-antiescaras-de-flotacion-seca-dl340","status":"publish","type":"product","link":"https:\/\/deltamed.cl\/tienda\/producto\/cojin-antiescaras-de-flotacion-seca-dl340\/","title":{"rendered":"Coj\u00edn antiescaras de flotaci\u00f3n seca DL340"},"content":{"rendered":"<p>Coj\u00edn antiescaras de flotaci\u00f3n seca DL340<\/p>\n<p>Coj\u00edn inflable dise\u00f1ado especialmente para prevenir la aparici\u00f3n de escaras. Disminuye los puntos de presi\u00f3n mantenidos por per\u00edodos prolongados de tiempo, distribuye el peso recibido en sus 36 celdas de aire interconectadas.<br \/>\nLa descompresi\u00f3n reduce y previene el da\u00f1o del tejido de la piel. Prevenci\u00f3n y alivio de la presi\u00f3n de las escaras.<br \/>\nLa diferencia de puntos de presi\u00f3n sostenidos por las celdas permite mejorar la irrigaci\u00f3n de los tejidos otorgando mayor oxigenaci\u00f3n.<br \/>\nDise\u00f1o, modelado y descompresi\u00f3n de celdas de aire en 3D<br \/>\nCubierta antideslizante, transpirable y resistente a la humedad.<br \/>\nMantenci\u00f3n del producto: limpiar funda protectora con pa\u00f1o h\u00famedo.<br \/>\nAdecuado para silla de ruedas, oficina, exterior, etc<br \/>\nF\u00e1cil de transportar, de inflar y de limpiar.<br \/>\nMaterial: Poliuretano Termopl\u00e1stico (TPU) de alta resistencia ante la abrasi\u00f3n, flexible.<\/p>\n<p>ESPECIFICACIONES:<br \/>\nPeso m\u00e1ximo soportado: 135 kg<br \/>\nDimensiones: 43 x 43 x 5 cm<br \/>\nPeso: 0,45 kg (0,628 con funda)<br \/>\nCeldas de aire: 36 celdas interconectadas.<br \/>\nV\u00e1lvula de aire de acero inoxidable.<br \/>\nIncluye bomb\u00edn inflador y funda protectora<\/p>\n","protected":false},"excerpt":{"rendered":"<p>Coj\u00edn antiescaras de flotaci\u00f3n seca DL340<\/p>\n<p>Coj\u00edn inflable dise\u00f1ado especialmente para prevenir la aparici\u00f3n de escaras. Disminuye los puntos de presi\u00f3n mantenidos por per\u00edodos prolongados de tiempo, distribuye el peso recibido en sus 36 celdas de aire interconectadas.<br \/>\nLa descompresi\u00f3n reduce y previene el da\u00f1o del tejido de la piel. Prevenci\u00f3n y alivio de la presi\u00f3n de las escaras.<br \/>\nLa diferencia de puntos de presi\u00f3n sostenidos por las celdas permite mejorar la irrigaci\u00f3n de los tejidos otorgando mayor oxigenaci\u00f3n.<br \/>\nDise\u00f1o, modelado y descompresi\u00f3n de celdas de aire en 3D<br \/>\nCubierta antideslizante, transpirable y resistente a la humedad.<br \/>\nMantenci\u00f3n del producto: limpiar funda protectora con pa\u00f1o h\u00famedo.<br \/>\nAdecuado para silla de ruedas, oficina, exterior, etc<br \/>\nF\u00e1cil de transportar, de inflar y de limpiar.<br \/>\nMaterial: Poliuretano Termopl\u00e1stico (TPU) de alta resistencia ante la abrasi\u00f3n, flexible.<\/p>\n","protected":false},"featured_media":4416,"comment_status":"open","ping_status":"closed","template":"","meta":{"_acf_changed":false},"product_brand":[1091],"product_cat":[992,978,23],"product_tag":[486,703,585],"class_list":{"0":"post-4414","1":"product","2":"type-product","3":"status-publish","4":"has-post-thumbnail","6":"product_brand-deltamed","7":"product_cat-cojin","8":"product_cat-prevencion-antiescaras","9":"product_cat-ayudas-tecnicas-de-bano","10":"product_tag-ayudas-tecnicas","11":"product_tag-cyberday","12":"product_tag-deltamed","13":"product_shipping_class-pequeno","15":"first","16":"instock","17":"shipping-taxable","18":"purchasable","19":"product-type-simple"},"acf":[],"_links":{"self":[{"href":"https:\/\/deltamed.cl\/tienda\/wp-json\/wp\/v2\/product\/4414","targetHints":{"allow":["GET"]}}],"collection":[{"href":"https:\/\/deltamed.cl\/tienda\/wp-json\/wp\/v2\/product"}],"about":[{"href":"https:\/\/deltamed.cl\/tienda\/wp-json\/wp\/v2\/types\/product"}],"replies":[{"embeddable":true,"href":"https:\/\/deltamed.cl\/tienda\/wp-json\/wp\/v2\/comments?post=4414"}],"version-history":[{"count":4,"href":"https:\/\/deltamed.cl\/tienda\/wp-json\/wp\/v2\/product\/4414\/revisions"}],"predecessor-version":[{"id":14195,"href":"https:\/\/deltamed.cl\/tienda\/wp-json\/wp\/v2\/product\/4414\/revisions\/14195"}],"wp:featuredmedia":[{"embeddable":true,"href":"https:\/\/deltamed.cl\/tienda\/wp-json\/wp\/v2\/media\/4416"}],"wp:attachment":[{"href":"https:\/\/deltamed.cl\/tienda\/wp-json\/wp\/v2\/media?parent=4414"}],"wp:term":[{"taxonomy":"product_brand","embeddable":true,"href":"https:\/\/deltamed.cl\/tienda\/wp-json\/wp\/v2\/product_brand?post=4414"},{"taxonomy":"product_cat","embeddable":true,"href":"https:\/\/deltamed.cl\/tienda\/wp-json\/wp\/v2\/product_cat?post=4414"},{"taxonomy":"product_tag","embeddable":true,"href":"https:\/\/deltamed.cl\/tienda\/wp-json\/wp\/v2\/product_tag?post=4414"}],"curies":[{"name":"wp","href":"https:\/\/api.w.org\/{rel}","templated":true}]}}