{"id":4390,"date":"2022-07-28T17:47:16","date_gmt":"2022-07-28T20:47:16","guid":{"rendered":"https:\/\/deltamed.cl\/tienda\/?post_type=product&#038;p=4390"},"modified":"2026-02-27T13:30:44","modified_gmt":"2026-02-27T16:30:44","slug":"faja-laboral-blunding","status":"publish","type":"product","link":"https:\/\/deltamed.cl\/tienda\/producto\/faja-laboral-blunding\/","title":{"rendered":"Faja laboral Blunding"},"content":{"rendered":"<div class=\"scroll-content\">\n<div class=\"col-lg-12 col-md-12 tab-content\">\n<div id=\"descripcion\" class=\"tab-pane fade in active\">\n<p>Faja laboral Blunding<\/p>\n<p>Se trata de un\u00a0<b>dispositivo de tela el\u00e1stica capaz de proveer soporte al cargar y proteger la zona lumbar y sacrolumbar<\/b>. La faja de soporte lumbar es uno de los accesorios m\u00e1s utilizados en ambiente laborales de carga y descarga, su uso es ligero y permite movimiento al operador.<\/p>\n<p class=\"description\">Soporte lumbar, confeccionado de el\u00e1stico tipo Rachel perforado, con refuerzo en zona dorso lumbar, m\u00e1s tirantes autoajustables y barras laterales de polipropileno flexibles. Ajustable con doble cierre de contacto. Indicaci\u00f3n Estabilizaci\u00f3n de la regi\u00f3n Lumbar Previene las lesiones columna lumbar ocasionadas por sobre esfuerzos<\/p>\n<p class=\"description\">*Blunding recomienda utilizar este producto bajo prescripci\u00f3n m\u00e9dica. El\u00e1stico: 70% Poli\u00e9ster \/ 30% L\u00e1tex Felpa y Gancho: 100% nylon Barras Dorsales: 100% Polipropileno<\/p>\n<\/div>\n<\/div>\n<div class=\"clearfix\"><\/div>\n<\/div>\n<div class=\"fixed-details\">\n<div id=\"cart-form\" data-hook=\"cart_form\">\n<div id=\"inside-product-cart-form\" data-hook=\"inside_product_cart_form\">\n<div class=\"row\"><\/div>\n<\/div>\n<\/div>\n<\/div>\n","protected":false},"excerpt":{"rendered":"<p>Faja laboral Blunding<\/p>\n<p>Se trata de un\u00a0<b>dispositivo de tela el\u00e1stica capaz de proveer soporte al cargar y proteger la zona lumbar y sacrolumbar<\/b>. La faja de soporte lumbar es uno de los accesorios m\u00e1s utilizados en ambiente laborales de carga y descarga, su uso es ligero y permite movimiento al operador.<\/p>\n<p class=\"description\">Soporte lumbar, confeccionado de el\u00e1stico tipo Rachel perforado, con refuerzo en zona dorso lumbar, m\u00e1s tirantes autoajustables y barras laterales de polipropileno flexibles. Ajustable con doble cierre de contacto. Indicaci\u00f3n Estabilizaci\u00f3n de la regi\u00f3n Lumbar Previene las lesiones columna lumbar ocasionadas por sobre esfuerzos<\/p>\n<p class=\"description\">*Blunding recomienda utilizar este producto bajo prescripci\u00f3n m\u00e9dica. El\u00e1stico: 70% Poli\u00e9ster \/ 30% L\u00e1tex Felpa y Gancho: 100% nylon Barras Dorsales: 100% Polipropileno<\/p>\n","protected":false},"featured_media":4395,"comment_status":"open","ping_status":"closed","template":"","meta":{"_acf_changed":false},"product_brand":[1093],"product_cat":[235,426],"product_tag":[],"class_list":{"0":"post-4390","1":"product","2":"type-product","3":"status-publish","4":"has-post-thumbnail","6":"product_brand-blunding","7":"product_cat-ortopedia","8":"product_cat-fajas","9":"product_shipping_class-pequeno","11":"first","12":"instock","13":"shipping-taxable","14":"purchasable","15":"product-type-variable"},"acf":[],"_links":{"self":[{"href":"https:\/\/deltamed.cl\/tienda\/wp-json\/wp\/v2\/product\/4390","targetHints":{"allow":["GET"]}}],"collection":[{"href":"https:\/\/deltamed.cl\/tienda\/wp-json\/wp\/v2\/product"}],"about":[{"href":"https:\/\/deltamed.cl\/tienda\/wp-json\/wp\/v2\/types\/product"}],"replies":[{"embeddable":true,"href":"https:\/\/deltamed.cl\/tienda\/wp-json\/wp\/v2\/comments?post=4390"}],"version-history":[{"count":1,"href":"https:\/\/deltamed.cl\/tienda\/wp-json\/wp\/v2\/product\/4390\/revisions"}],"predecessor-version":[{"id":11843,"href":"https:\/\/deltamed.cl\/tienda\/wp-json\/wp\/v2\/product\/4390\/revisions\/11843"}],"wp:featuredmedia":[{"embeddable":true,"href":"https:\/\/deltamed.cl\/tienda\/wp-json\/wp\/v2\/media\/4395"}],"wp:attachment":[{"href":"https:\/\/deltamed.cl\/tienda\/wp-json\/wp\/v2\/media?parent=4390"}],"wp:term":[{"taxonomy":"product_brand","embeddable":true,"href":"https:\/\/deltamed.cl\/tienda\/wp-json\/wp\/v2\/product_brand?post=4390"},{"taxonomy":"product_cat","embeddable":true,"href":"https:\/\/deltamed.cl\/tienda\/wp-json\/wp\/v2\/product_cat?post=4390"},{"taxonomy":"product_tag","embeddable":true,"href":"https:\/\/deltamed.cl\/tienda\/wp-json\/wp\/v2\/product_tag?post=4390"}],"curies":[{"name":"wp","href":"https:\/\/api.w.org\/{rel}","templated":true}]}}