{"id":4364,"date":"2022-07-27T12:26:43","date_gmt":"2022-07-27T15:26:43","guid":{"rendered":"https:\/\/deltamed.cl\/tienda\/?post_type=product&#038;p=4364"},"modified":"2026-02-27T13:30:42","modified_gmt":"2026-02-27T16:30:42","slug":"faja-espaldillera-dorso-lumbar-blunding","status":"publish","type":"product","link":"https:\/\/deltamed.cl\/tienda\/producto\/faja-espaldillera-dorso-lumbar-blunding\/","title":{"rendered":"Faja espaldillera dorso-lumbar Blunding"},"content":{"rendered":"<p>Faja espaldillera dorso-lumbar Blunding<\/p>\n<p>Faja estructurada en bandas el\u00e1sticas afelpadas, reforzada en toda la zona dorsolumbar con barras de aluminio semir\u00edgido, se ajusta al cuerpo con dos bandas que pasan por la parte anterior de ambos hombros y se fijan en 2 hebillas con cierre de contacto, logrando un adecuado ajuste anat\u00f3mico necesario para asegurar la estabilidad dorsolumbar.<\/p>\n<p>Libre de l\u00e1tex.<\/p>\n<p>Indicacion: Estabilizaci\u00f3n de la regi\u00f3n dorsolumbar. Contracturas de la musculatura dorsal y lumbar. Enfermedades degenerativas de la columna dorsolumbar.<\/p>\n<p>*Blunding recomienda utilizar este producto bajo prescripci\u00f3n m\u00e9dica.<\/p>\n<p>El\u00e1stico: 73%<\/p>\n<p>Poli\u00e9ster \/ 21%<\/p>\n<p>Nylon \/ 6%<\/p>\n<p>Spandex Felpa y Cierre de Contacto: 100% nylon Barras Laterales: 100% Polipropileno<\/p>\n<p>Las fajas dorsolumbares\u00a0<b>ayudan a mantener la temperatura corporal natural y mejorar la circulaci\u00f3n sangu\u00ednea<\/b>.<\/p>\n<p>Esto ayuda en el alivio del dolor, la hinchaz\u00f3n y el entumecimiento.<\/p>\n<p>Tambi\u00e9n facilitan una curaci\u00f3n m\u00e1s r\u00e1pida de las lesiones.<\/p>\n","protected":false},"excerpt":{"rendered":"<p>Faja espaldillera dorso-lumbar Blunding<\/p>\n<p>Faja estructurada en bandas el\u00e1sticas afelpadas, reforzada en toda la zona dorsolumbar con barras de aluminio semir\u00edgido, se ajusta al cuerpo con dos bandas que pasan por la parte anterior de ambos hombros y se fijan en 2 hebillas con cierre de contacto, logrando un adecuado ajuste anat\u00f3mico necesario para asegurar la estabilidad dorsolumbar.<\/p>\n<p>Libre de l\u00e1tex.<\/p>\n<p>Indicacion: Estabilizaci\u00f3n de la regi\u00f3n dorsolumbar. Contracturas de la musculatura dorsal y lumbar. Enfermedades degenerativas de la columna dorsolumbar.<\/p>\n<p>*Blunding recomienda utilizar este producto bajo prescripci\u00f3n m\u00e9dica.<\/p>\n<p>El\u00e1stico: 73%<\/p>\n<p>Poli\u00e9ster \/ 21%<\/p>\n<p>Nylon \/ 6%<\/p>\n<p>Spandex Felpa y Cierre de Contacto: 100% nylon Barras Laterales: 100% Polipropileno<\/p>\n","protected":false},"featured_media":4366,"comment_status":"open","ping_status":"closed","template":"","meta":{"_acf_changed":false},"product_brand":[1093],"product_cat":[235,426],"product_tag":[],"class_list":{"0":"post-4364","1":"product","2":"type-product","3":"status-publish","4":"has-post-thumbnail","6":"product_brand-blunding","7":"product_cat-ortopedia","8":"product_cat-fajas","9":"product_shipping_class-pequeno","11":"first","12":"instock","13":"shipping-taxable","14":"purchasable","15":"product-type-variable"},"acf":[],"_links":{"self":[{"href":"https:\/\/deltamed.cl\/tienda\/wp-json\/wp\/v2\/product\/4364","targetHints":{"allow":["GET"]}}],"collection":[{"href":"https:\/\/deltamed.cl\/tienda\/wp-json\/wp\/v2\/product"}],"about":[{"href":"https:\/\/deltamed.cl\/tienda\/wp-json\/wp\/v2\/types\/product"}],"replies":[{"embeddable":true,"href":"https:\/\/deltamed.cl\/tienda\/wp-json\/wp\/v2\/comments?post=4364"}],"version-history":[{"count":1,"href":"https:\/\/deltamed.cl\/tienda\/wp-json\/wp\/v2\/product\/4364\/revisions"}],"predecessor-version":[{"id":11674,"href":"https:\/\/deltamed.cl\/tienda\/wp-json\/wp\/v2\/product\/4364\/revisions\/11674"}],"wp:featuredmedia":[{"embeddable":true,"href":"https:\/\/deltamed.cl\/tienda\/wp-json\/wp\/v2\/media\/4366"}],"wp:attachment":[{"href":"https:\/\/deltamed.cl\/tienda\/wp-json\/wp\/v2\/media?parent=4364"}],"wp:term":[{"taxonomy":"product_brand","embeddable":true,"href":"https:\/\/deltamed.cl\/tienda\/wp-json\/wp\/v2\/product_brand?post=4364"},{"taxonomy":"product_cat","embeddable":true,"href":"https:\/\/deltamed.cl\/tienda\/wp-json\/wp\/v2\/product_cat?post=4364"},{"taxonomy":"product_tag","embeddable":true,"href":"https:\/\/deltamed.cl\/tienda\/wp-json\/wp\/v2\/product_tag?post=4364"}],"curies":[{"name":"wp","href":"https:\/\/api.w.org\/{rel}","templated":true}]}}