{"id":4340,"date":"2022-07-20T16:13:44","date_gmt":"2022-07-20T19:13:44","guid":{"rendered":"https:\/\/deltamed.cl\/tienda\/?post_type=product&#038;p=4340"},"modified":"2026-02-27T13:52:29","modified_gmt":"2026-02-27T16:52:29","slug":"sabanilla-protector-cama-60-x-90-bolsa-x-25-sabanillas","status":"publish","type":"product","link":"https:\/\/deltamed.cl\/tienda\/producto\/sabanilla-protector-cama-60-x-90-bolsa-x-25-sabanillas\/","title":{"rendered":"Sabanilla protector cama 60 x 90 bolsa x 25 sabanillas"},"content":{"rendered":"<p>Sabanilla protector cama 60&#215;90 bolsa x 25 sabanillas<\/p>\n<p>El mejor aliados para el cuidado del adulto mayor y para tu hogar.<\/p>\n<p>Su tela no tejida facilita la absorci\u00f3n y se mantiene siempre seca. Tambi\u00e9n son impermeables y suaves.<\/p>\n<p>Adem\u00e1s, gracias a su<strong>\u00a0s\u00faper absorbente (<\/strong>SAP) tiene la capacidad de absorber entre 30 y 50 veces su peso.<\/p>\n<p>Sus dos<strong>\u00a0cierres autoadhesivos<\/strong>, son totalmente reposicionables, todas las veces que lo necesites.<\/p>\n<p>Sus materiales dejan que la piel respire, evitando irritaciones, para mantener la piel siempre sana.<\/p>\n<h2><strong>Entrenamiento de mascotas<\/strong><\/h2>\n<p>Las sabanillas tambi\u00e9n son necesarias en el cuidado de mascotas. Su uso te ayudar\u00e1 a mantener tu hogar limpio, d\u00e1ndole un espacio a los consentidos del hogar para sus necesidades biol\u00f3gicas.<\/p>\n<p>Gracias a sus diversas capas,\u00a0<strong>capturar\u00e1n todos los l\u00edquidos<\/strong>, evitando derrames, y mantendr\u00e1n todos los desechos s\u00f3lidos lejos de tu piso.<\/p>\n<p>Adem\u00e1s, facilitar\u00e1 su entrenamiento, indic\u00e1ndoles un lugar en espec\u00edfico para orinar y defecar, que\u00a0<strong>no podr\u00e1n mover<\/strong>\u00a0por sus autoadhesivos.<\/p>\n<p>&nbsp;<\/p>\n","protected":false},"excerpt":{"rendered":"<p>Sabanilla protector cama 60&#215;90 bolsa x 25 sabanillas<\/p>\n<p>El mejor aliados para el cuidado del adulto mayor y para tu hogar.<\/p>\n<p>Su tela no tejida facilita la absorci\u00f3n y se mantiene siempre seca. Tambi\u00e9n son impermeables y suaves.<\/p>\n<p>Adem\u00e1s, gracias a su<strong>\u00a0s\u00faper absorbente (<\/strong>SAP) tiene la capacidad de absorber entre 30 y 50 veces su peso.<\/p>\n<p>Sus dos<strong>\u00a0cierres autoadhesivos<\/strong>, son totalmente reposicionables, todas las veces que lo necesites.<\/p>\n<p>Sus materiales dejan que la piel respire, evitando irritaciones, para mantener la piel siempre sana.<\/p>\n","protected":false},"featured_media":4342,"comment_status":"open","ping_status":"closed","template":"","meta":{"_acf_changed":false},"product_brand":[],"product_cat":[94,380],"product_tag":[],"class_list":{"0":"post-4340","1":"product","2":"type-product","3":"status-publish","4":"has-post-thumbnail","6":"product_cat-insumos-desechables","7":"product_cat-sabanillas","8":"product_shipping_class-pequeno","10":"first","11":"outofstock","12":"shipping-taxable","13":"purchasable","14":"product-type-simple"},"acf":[],"_links":{"self":[{"href":"https:\/\/deltamed.cl\/tienda\/wp-json\/wp\/v2\/product\/4340","targetHints":{"allow":["GET"]}}],"collection":[{"href":"https:\/\/deltamed.cl\/tienda\/wp-json\/wp\/v2\/product"}],"about":[{"href":"https:\/\/deltamed.cl\/tienda\/wp-json\/wp\/v2\/types\/product"}],"replies":[{"embeddable":true,"href":"https:\/\/deltamed.cl\/tienda\/wp-json\/wp\/v2\/comments?post=4340"}],"version-history":[{"count":1,"href":"https:\/\/deltamed.cl\/tienda\/wp-json\/wp\/v2\/product\/4340\/revisions"}],"predecessor-version":[{"id":12761,"href":"https:\/\/deltamed.cl\/tienda\/wp-json\/wp\/v2\/product\/4340\/revisions\/12761"}],"wp:featuredmedia":[{"embeddable":true,"href":"https:\/\/deltamed.cl\/tienda\/wp-json\/wp\/v2\/media\/4342"}],"wp:attachment":[{"href":"https:\/\/deltamed.cl\/tienda\/wp-json\/wp\/v2\/media?parent=4340"}],"wp:term":[{"taxonomy":"product_brand","embeddable":true,"href":"https:\/\/deltamed.cl\/tienda\/wp-json\/wp\/v2\/product_brand?post=4340"},{"taxonomy":"product_cat","embeddable":true,"href":"https:\/\/deltamed.cl\/tienda\/wp-json\/wp\/v2\/product_cat?post=4340"},{"taxonomy":"product_tag","embeddable":true,"href":"https:\/\/deltamed.cl\/tienda\/wp-json\/wp\/v2\/product_tag?post=4340"}],"curies":[{"name":"wp","href":"https:\/\/api.w.org\/{rel}","templated":true}]}}