{"id":4337,"date":"2022-07-20T15:47:16","date_gmt":"2022-07-20T18:47:16","guid":{"rendered":"https:\/\/deltamed.cl\/tienda\/?post_type=product&#038;p=4337"},"modified":"2026-02-27T13:30:42","modified_gmt":"2026-02-27T16:30:42","slug":"tallimetro-bebe-colchoneta-flexible-seca-210","status":"publish","type":"product","link":"https:\/\/deltamed.cl\/tienda\/producto\/tallimetro-bebe-colchoneta-flexible-seca-210\/","title":{"rendered":"Tallimetro bebe colchoneta flexible seca 210"},"content":{"rendered":"<div class=\"hgroup\">\n<hgroup>\n<h3>Tall\u00edmetro port\u00e1til para beb\u00e9s y ni\u00f1os peque\u00f1os<\/h3>\n<\/hgroup>\n<\/div>\n<div class=\"dynamic-columns\">\n<p class=\"content-teaser\"><strong>Colchoneta suave al tacto, lavable, plegable con elementos para colgarla en la pared.<\/strong><\/p>\n<p>Se trata de una soluci\u00f3n ligera, que requiere poco espacio y que permite medir la talla de beb\u00e9s y ni\u00f1os peque\u00f1os acostados, f\u00e1cilmente y con precisi\u00f3n. La pieza fija de la cabeza y el tope deslizante para los pies simplifican su uso.<\/p>\n<p>Superficie robusta y f\u00e1cil de limpiar, apta para desinfectantes de uso comercial.<\/p>\n<\/div>\n<p>Para guardar en poco espacio, gracias a su colchoneta enrollable.<\/p>\n<p>Color blanco<\/p>\n<p>&nbsp;<\/p>\n<div class=\"dynamic-columns\">\n<table>\n<tbody>\n<tr class=\"row\">\n<th class=\"span3\">Rango de medici\u00f3n en cm:<\/th>\n<td class=\"span6\">10 &#8211; 99 cm<\/td>\n<\/tr>\n<tr class=\"row\">\n<th class=\"span3\">Rango de medici\u00f3n en inch:<\/th>\n<td class=\"span6\">4 &#8211; 39 \u00ab<\/td>\n<\/tr>\n<tr class=\"row\">\n<th class=\"span3\">Divisi\u00f3n:<\/th>\n<td class=\"span6\">5 mm \/ 1\/4 inch<\/td>\n<\/tr>\n<tr class=\"row\">\n<th class=\"span3\">Dimensiones ( AxAxP):<\/th>\n<td class=\"span6\">1250 x 140 x 300 mm , 49,2 x 5,5 x 11,8 inch<\/td>\n<\/tr>\n<tr class=\"row\">\n<th class=\"span3\">Peso neto:<\/th>\n<td class=\"span6\">575 g , 1,3 lbs<\/td>\n<\/tr>\n<tr class=\"row\">\n<th class=\"span3\">Funciones:<\/th>\n<td class=\"span6\">Error de pesaje, Montaje en la pared, Medici\u00f3n m\u00f3vil<\/td>\n<\/tr>\n<tr class=\"row\">\n<th class=\"span3\">CE:<\/th>\n<td class=\"span6\">CE 0123<\/td>\n<\/tr>\n<\/tbody>\n<\/table>\n<\/div>\n","protected":false},"excerpt":{"rendered":"<div class=\"hgroup\">\n<hgroup>\n<h3>Tall\u00edmetro port\u00e1til para beb\u00e9s y ni\u00f1os peque\u00f1os<\/h3>\n<\/hgroup>\n<\/div>\n<div class=\"dynamic-columns\">\n<p class=\"content-teaser\"><strong>Colchoneta suave al tacto, lavable, plegable con elementos para colgarla en la pared.<\/strong><\/p>\n<p>Se trata de una soluci\u00f3n ligera, que requiere poco espacio y que permite medir la talla de beb\u00e9s y ni\u00f1os peque\u00f1os acostados, f\u00e1cilmente y con precisi\u00f3n. La pieza fija de la cabeza y el tope deslizante para los pies simplifican su uso.<\/p>\n<p>Superficie robusta y f\u00e1cil de limpiar, apta para desinfectantes de uso comercial.<\/p>\n<\/div>\n<p>Para guardar en poco espacio, gracias a su colchoneta enrollable.<\/p>\n<p>Color blanco<\/p>\n<p>&nbsp;<\/p>\n","protected":false},"featured_media":4339,"comment_status":"open","ping_status":"closed","template":"","meta":{"_acf_changed":false},"product_brand":[1107],"product_cat":[15,357],"product_tag":[],"class_list":{"0":"post-4337","1":"product","2":"type-product","3":"status-publish","4":"has-post-thumbnail","6":"product_brand-seca","7":"product_cat-medicion-y-diagnostico","8":"product_cat-balanzas","9":"product_shipping_class-pequeno","11":"first","12":"instock","13":"shipping-taxable","14":"purchasable","15":"product-type-simple"},"acf":[],"_links":{"self":[{"href":"https:\/\/deltamed.cl\/tienda\/wp-json\/wp\/v2\/product\/4337","targetHints":{"allow":["GET"]}}],"collection":[{"href":"https:\/\/deltamed.cl\/tienda\/wp-json\/wp\/v2\/product"}],"about":[{"href":"https:\/\/deltamed.cl\/tienda\/wp-json\/wp\/v2\/types\/product"}],"replies":[{"embeddable":true,"href":"https:\/\/deltamed.cl\/tienda\/wp-json\/wp\/v2\/comments?post=4337"}],"version-history":[{"count":1,"href":"https:\/\/deltamed.cl\/tienda\/wp-json\/wp\/v2\/product\/4337\/revisions"}],"predecessor-version":[{"id":11335,"href":"https:\/\/deltamed.cl\/tienda\/wp-json\/wp\/v2\/product\/4337\/revisions\/11335"}],"wp:featuredmedia":[{"embeddable":true,"href":"https:\/\/deltamed.cl\/tienda\/wp-json\/wp\/v2\/media\/4339"}],"wp:attachment":[{"href":"https:\/\/deltamed.cl\/tienda\/wp-json\/wp\/v2\/media?parent=4337"}],"wp:term":[{"taxonomy":"product_brand","embeddable":true,"href":"https:\/\/deltamed.cl\/tienda\/wp-json\/wp\/v2\/product_brand?post=4337"},{"taxonomy":"product_cat","embeddable":true,"href":"https:\/\/deltamed.cl\/tienda\/wp-json\/wp\/v2\/product_cat?post=4337"},{"taxonomy":"product_tag","embeddable":true,"href":"https:\/\/deltamed.cl\/tienda\/wp-json\/wp\/v2\/product_tag?post=4337"}],"curies":[{"name":"wp","href":"https:\/\/api.w.org\/{rel}","templated":true}]}}