{"id":4326,"date":"2022-07-18T17:52:43","date_gmt":"2022-07-18T20:52:43","guid":{"rendered":"https:\/\/deltamed.cl\/tienda\/?post_type=product&#038;p=4326"},"modified":"2026-02-27T07:16:22","modified_gmt":"2026-02-27T10:16:22","slug":"toalla-jabonosa-sin-enjuague","status":"publish","type":"product","link":"https:\/\/deltamed.cl\/tienda\/producto\/toalla-jabonosa-sin-enjuague\/","title":{"rendered":"Toalla jabonosa sin enjuague"},"content":{"rendered":"<p>Toalla jabonosa sin enjuague ADDERMIS BIACTIV ESPONJA JABONOSA B20 X 20<\/p>\n<p>Esponja para aseo corporal sin necesidad de Enjuague, basta con agregar un poco de agua y se formara una delicada espuma de limpieza que se puede retirar con una toalla h\u00fameda. Insumos desechables para la higiene corporal diaria y completa de pacientes que son autovalentes para ducharse solos, y tambi\u00e9n para ba\u00f1o en cama de pacientes con dependencias en tareas de higiene.<\/p>\n<p>Sin conservantes artificiales.<\/p>\n<p>Gel dermatol\u00f3gico hipoalerg\u00e9nico.<\/p>\n<p>Para Aseo diario.<\/p>\n<p>Envase contiene 20 unidades.<\/p>\n<p>Producto desechable.<\/p>\n<p>Toalla sint\u00e9tica seca impregnada en jab\u00f3n cosm\u00e9tico.<\/p>\n<p>No requiere enjuague.<\/p>\n<p><span class=\"info\">Advertencias:<\/span> Uso externo. Mantener alejado de los ni\u00f1os. En caso de presentarse reacciones al\u00e9rgicas suspender su uso. En caso de contacto ocular: lavar con abundante agua por 15 minutos manteniendo los p\u00e1rpados abiertos.<\/p>\n<p>Producto No Est\u00e9ril<\/p>\n<p>Vigencia 3 a\u00f1os a partir de la fecha de fabricaci\u00f3n<\/p>\n<p>Certificado libre de l\u00e1tex<\/p>\n<p>Certificac\u00f3n\u00a0 ISO 14001 &#8211; 2004<\/p>\n<p>Bolsa con 20 unidades<\/p>\n<p>&nbsp;<\/p>\n<p>&nbsp;<\/p>\n<p>Posee un gel dermatol\u00f3gico e hipoalerg\u00e9nico con un pH de 5,5 que garantiza la mantenci\u00f3n de la barrera protectora de la piel. Posee un 0% de resinas. Su textura es ideal para eliminar las c\u00e9lulas muertas de su cutis.<\/p>\n<p>Instrucciones:<\/p>\n<ol>\n<li>Aplique la esponja h\u00fameda directamente sobre la piel.<\/li>\n<li>Frote delicadamente enjabonando y exfoliando la piel.<\/li>\n<li>Enjuague con una toalla h\u00fameda.<\/li>\n<li>Deseche la esponja.<\/li>\n<\/ol>\n<p>Nota: No sumergir en agua<\/p>\n","protected":false},"excerpt":{"rendered":"<div class=\"row mt-xlg\">\n<div class=\"col-md-6\">\n<div class=\"summary entry-summary\">\n<div class=\"mt-xlg\">\n<p>Toalla jabonosa sin enjuague<\/p>\n<p>Las esponjas jabonosas son insumos desechables para la higiene corporal diaria y completa de pacientes que son autovalentes para ducharse solos, y tambi\u00e9n para ba\u00f1o en cama de pacientes con dependencias en tareas de higiene.<\/p>\n<p>Posee un gel dermatol\u00f3gico e hipoalerg\u00e9nico con un pH 5,5 que garantiza la mantenci\u00f3n de la barrera protectora de la piel.<\/p>\n<p>Posee 0% de resinas. Su textura es ideal para eliminar c\u00e9lulas muertas.<\/p>\n<\/div>\n<div class=\"row\">\n<div class=\"col-xs-6\"><\/div>\n<\/div>\n<\/div>\n<\/div>\n<\/div>\n","protected":false},"featured_media":4327,"comment_status":"open","ping_status":"closed","template":"","meta":{"_acf_changed":false},"product_brand":[],"product_cat":[94,384],"product_tag":[],"class_list":{"0":"post-4326","1":"product","2":"type-product","3":"status-publish","4":"has-post-thumbnail","6":"product_cat-insumos-desechables","7":"product_cat-otros","8":"product_shipping_class-pequeno","10":"first","11":"outofstock","12":"shipping-taxable","13":"purchasable","14":"product-type-simple"},"acf":[],"_links":{"self":[{"href":"https:\/\/deltamed.cl\/tienda\/wp-json\/wp\/v2\/product\/4326","targetHints":{"allow":["GET"]}}],"collection":[{"href":"https:\/\/deltamed.cl\/tienda\/wp-json\/wp\/v2\/product"}],"about":[{"href":"https:\/\/deltamed.cl\/tienda\/wp-json\/wp\/v2\/types\/product"}],"replies":[{"embeddable":true,"href":"https:\/\/deltamed.cl\/tienda\/wp-json\/wp\/v2\/comments?post=4326"}],"version-history":[{"count":1,"href":"https:\/\/deltamed.cl\/tienda\/wp-json\/wp\/v2\/product\/4326\/revisions"}],"predecessor-version":[{"id":9910,"href":"https:\/\/deltamed.cl\/tienda\/wp-json\/wp\/v2\/product\/4326\/revisions\/9910"}],"wp:featuredmedia":[{"embeddable":true,"href":"https:\/\/deltamed.cl\/tienda\/wp-json\/wp\/v2\/media\/4327"}],"wp:attachment":[{"href":"https:\/\/deltamed.cl\/tienda\/wp-json\/wp\/v2\/media?parent=4326"}],"wp:term":[{"taxonomy":"product_brand","embeddable":true,"href":"https:\/\/deltamed.cl\/tienda\/wp-json\/wp\/v2\/product_brand?post=4326"},{"taxonomy":"product_cat","embeddable":true,"href":"https:\/\/deltamed.cl\/tienda\/wp-json\/wp\/v2\/product_cat?post=4326"},{"taxonomy":"product_tag","embeddable":true,"href":"https:\/\/deltamed.cl\/tienda\/wp-json\/wp\/v2\/product_tag?post=4326"}],"curies":[{"name":"wp","href":"https:\/\/api.w.org\/{rel}","templated":true}]}}