{"id":4273,"date":"2022-07-08T17:55:21","date_gmt":"2022-07-08T20:55:21","guid":{"rendered":"https:\/\/deltamed.cl\/tienda\/?post_type=product&#038;p=4273"},"modified":"2026-02-27T13:30:42","modified_gmt":"2026-02-27T16:30:42","slug":"estadiometro-tallimetro-portatil-seca-206","status":"publish","type":"product","link":"https:\/\/deltamed.cl\/tienda\/producto\/estadiometro-tallimetro-portatil-seca-206\/","title":{"rendered":"Estadiometro tallimetro portatil seca 206"},"content":{"rendered":"<p>Estadiometro tallimetro portatil seca 206<\/p>\n<p>El\u00a0<strong>Tall\u00edmetro de Pared Seca 206\u00a0<\/strong>se fija en la pared f\u00e1cilmente, con un solo tornillo.<\/p>\n<p>El indicador de medida se encuentra en el tope para la cabeza y permite una f\u00e1cil lectura de la altura.<\/p>\n<p>Esta soluci\u00f3n para espacios reducidos posee un mecanismo de enrollado autom\u00e1tico. Fabricada en metal que le otorga mayor durabilidad.<\/p>\n<p>&nbsp;<\/p>\n<ul>\n<li>Mecanismo de enrollado, para espacios reducidos.<\/li>\n<li>F\u00e1cil lectura del resultado de medici\u00f3n a trav\u00e9s del indicador.<\/li>\n<li>Cinta met\u00e1lica de alta durabilidad.<\/li>\n<li>La cinta m\u00e9trica con enrollado autom\u00e1tico requiere poco espacio.<\/li>\n<li>Con este tallimetro se puede conocer la Altura en ni\u00f1os y Adultos<\/li>\n<li>El Tall\u00edmetro de Pared Seca 206 se fija en la pared f\u00e1cilmente, con un solo tornillo.<\/li>\n<li>El indicador de medida se encuentra en el tope para la cabeza y permite una f\u00e1cil lectura de la altura.<\/li>\n<li>Fabricado en metal que le ofrece durabilidad.<\/li>\n<li>Ideal para espacios reducidos.<\/li>\n<li>F\u00e1cil lectura del resultado de medici\u00f3n a trav\u00e9s del indicador.<\/li>\n<li>Uso Cl\u00ednico y Profesional.<\/li>\n<\/ul>\n<p>&nbsp;<\/p>\n<h3 class=\"product-information-header\">Datos t\u00e9cnicos<\/h3>\n<table>\n<tbody>\n<tr class=\"row\">\n<th class=\"span3\">Rango de medici\u00f3n en cm:<\/th>\n<td class=\"span6\">0 &#8211; 220 cm<\/td>\n<\/tr>\n<tr class=\"row\">\n<th class=\"span3\">Rango de medici\u00f3n en inch:<\/th>\n<td class=\"span6\">0 &#8211; 87 \u00ab<\/td>\n<\/tr>\n<tr class=\"row\">\n<th class=\"span3\">Divisi\u00f3n:<\/th>\n<td class=\"span6\">1 mm, 1\/8 inch<\/td>\n<\/tr>\n<tr class=\"row\">\n<th class=\"span3\">Dimensiones ( AxAxP):<\/th>\n<td class=\"span6\">125 x 125 x 173 mm , 4,9 x 4,9 x 6,8 inch<\/td>\n<\/tr>\n<tr class=\"row\">\n<th class=\"span3\">Peso neto:<\/th>\n<td class=\"span6\">202 g , 0,4 lbs<\/td>\n<\/tr>\n<tr class=\"row\">\n<th class=\"span3\">Funciones:<\/th>\n<td class=\"span6\">Montaje en la pared<\/td>\n<\/tr>\n<tr class=\"row\">\n<th class=\"span3\">CE:<\/th>\n<td class=\"span6\">CE 0123<\/td>\n<\/tr>\n<\/tbody>\n<\/table>\n","protected":false},"excerpt":{"rendered":"<p>Estadiometro tallimetro portatil seca 206<\/p>\n<p>El\u00a0<strong>Tall\u00edmetro de Pared Seca 206\u00a0<\/strong>se fija en la pared f\u00e1cilmente, con un solo tornillo.<\/p>\n<p>El indicador de medida se encuentra en el tope para la cabeza y permite una f\u00e1cil lectura de la altura.<\/p>\n<p>Esta soluci\u00f3n para espacios reducidos posee un mecanismo de enrollado autom\u00e1tico. Fabricada en metal que le otorga mayor durabilidad.<\/p>\n<p>&nbsp;<\/p>\n","protected":false},"featured_media":4275,"comment_status":"open","ping_status":"closed","template":"","meta":{"_acf_changed":false},"product_brand":[1107],"product_cat":[15],"product_tag":[],"class_list":{"0":"post-4273","1":"product","2":"type-product","3":"status-publish","4":"has-post-thumbnail","6":"product_brand-seca","7":"product_cat-medicion-y-diagnostico","8":"product_shipping_class-pequeno","10":"first","11":"instock","12":"shipping-taxable","13":"purchasable","14":"product-type-simple"},"acf":[],"_links":{"self":[{"href":"https:\/\/deltamed.cl\/tienda\/wp-json\/wp\/v2\/product\/4273","targetHints":{"allow":["GET"]}}],"collection":[{"href":"https:\/\/deltamed.cl\/tienda\/wp-json\/wp\/v2\/product"}],"about":[{"href":"https:\/\/deltamed.cl\/tienda\/wp-json\/wp\/v2\/types\/product"}],"replies":[{"embeddable":true,"href":"https:\/\/deltamed.cl\/tienda\/wp-json\/wp\/v2\/comments?post=4273"}],"version-history":[{"count":1,"href":"https:\/\/deltamed.cl\/tienda\/wp-json\/wp\/v2\/product\/4273\/revisions"}],"predecessor-version":[{"id":12106,"href":"https:\/\/deltamed.cl\/tienda\/wp-json\/wp\/v2\/product\/4273\/revisions\/12106"}],"wp:featuredmedia":[{"embeddable":true,"href":"https:\/\/deltamed.cl\/tienda\/wp-json\/wp\/v2\/media\/4275"}],"wp:attachment":[{"href":"https:\/\/deltamed.cl\/tienda\/wp-json\/wp\/v2\/media?parent=4273"}],"wp:term":[{"taxonomy":"product_brand","embeddable":true,"href":"https:\/\/deltamed.cl\/tienda\/wp-json\/wp\/v2\/product_brand?post=4273"},{"taxonomy":"product_cat","embeddable":true,"href":"https:\/\/deltamed.cl\/tienda\/wp-json\/wp\/v2\/product_cat?post=4273"},{"taxonomy":"product_tag","embeddable":true,"href":"https:\/\/deltamed.cl\/tienda\/wp-json\/wp\/v2\/product_tag?post=4273"}],"curies":[{"name":"wp","href":"https:\/\/api.w.org\/{rel}","templated":true}]}}