{"id":4266,"date":"2022-07-08T16:36:23","date_gmt":"2022-07-08T19:36:23","guid":{"rendered":"https:\/\/deltamed.cl\/tienda\/?post_type=product&#038;p=4266"},"modified":"2026-02-27T13:30:42","modified_gmt":"2026-02-27T16:30:42","slug":"inspirometro-spiroball-adulto","status":"publish","type":"product","link":"https:\/\/deltamed.cl\/tienda\/producto\/inspirometro-spiroball-adulto\/","title":{"rendered":"Inspirometro spiroball adulto"},"content":{"rendered":"<p>Inspirometro spiroball adulto<\/p>\n<p>Inspir\u00f3metro o ejercitador pulmonar Spiro Ball, Esta indicado en pacientes que se les realiza una cirug\u00eda tor\u00e1cica o abdominal o que tienen periodos de reposo prolongado con desacondiciona miento funcional respiratorio que tienen alto riesgo de desarrollar complicaciones pulmonares como atelectasias, neumon\u00eda, etc. Es un producto ligero, sencillo y f\u00e1cil de usar y que anima al paciente su uso hasta logar el objetivo marcado.<\/p>\n<p>Incentivo inspiratorio de tipo volum\u00e9trico, de pl\u00e1stico transparente, compuesto por una c\u00e1mara graduada de 250 a 400 ml con embolo transparente para medir el volumen m\u00e1ximo de aire inspirado y otra c\u00e1mara para el control del flujo, boquilla unida a una manguera y un compartimiento para guardar la boquilla, libre de latex y de uso \u00fanico por paciente.<\/p>\n<p>El Spiro Ball ha sido dise\u00f1ado para incentivar la inspiraci\u00f3n m\u00e1xima. Presenta escalas que demarcan la capacidad inspiratoria alcanzada, que representa el volumen m\u00e1ximo de aire inspirado luego de una espiraci\u00f3n normal y demuestra la capacidad de expansi\u00f3n pulmonar.<\/p>\n","protected":false},"excerpt":{"rendered":"<p>Inspirometro spiroball adulto<\/p>\n<p>Inspir\u00f3metro o ejercitador pulmonar Spiro Ball, Esta indicado en pacientes que se les realiza una cirug\u00eda tor\u00e1cica o abdominal o que tienen periodos de reposo prolongado con desacondiciona miento funcional respiratorio que tienen alto riesgo de desarrollar complicaciones pulmonares como atelectasias, neumon\u00eda, etc. Es un producto ligero, sencillo y f\u00e1cil de usar y que anima al paciente su uso hasta logar el objetivo marcado.<\/p>\n<p>Incentivo inspiratorio de tipo volum\u00e9trico, de pl\u00e1stico transparente, compuesto por una c\u00e1mara graduada de 250 a 400 ml con embolo transparente para medir el volumen m\u00e1ximo de aire inspirado y otra c\u00e1mara para el control del flujo, boquilla unida a una manguera y un compartimiento para guardar la boquilla, libre de latex y de uso \u00fanico por paciente.<\/p>\n","protected":false},"featured_media":4268,"comment_status":"open","ping_status":"closed","template":"","meta":{"_acf_changed":false},"product_brand":[],"product_cat":[15],"product_tag":[],"class_list":{"0":"post-4266","1":"product","2":"type-product","3":"status-publish","4":"has-post-thumbnail","6":"product_cat-medicion-y-diagnostico","7":"product_shipping_class-pequeno","9":"first","10":"instock","11":"shipping-taxable","12":"purchasable","13":"product-type-simple"},"acf":[],"_links":{"self":[{"href":"https:\/\/deltamed.cl\/tienda\/wp-json\/wp\/v2\/product\/4266","targetHints":{"allow":["GET"]}}],"collection":[{"href":"https:\/\/deltamed.cl\/tienda\/wp-json\/wp\/v2\/product"}],"about":[{"href":"https:\/\/deltamed.cl\/tienda\/wp-json\/wp\/v2\/types\/product"}],"replies":[{"embeddable":true,"href":"https:\/\/deltamed.cl\/tienda\/wp-json\/wp\/v2\/comments?post=4266"}],"version-history":[{"count":1,"href":"https:\/\/deltamed.cl\/tienda\/wp-json\/wp\/v2\/product\/4266\/revisions"}],"predecessor-version":[{"id":11456,"href":"https:\/\/deltamed.cl\/tienda\/wp-json\/wp\/v2\/product\/4266\/revisions\/11456"}],"wp:featuredmedia":[{"embeddable":true,"href":"https:\/\/deltamed.cl\/tienda\/wp-json\/wp\/v2\/media\/4268"}],"wp:attachment":[{"href":"https:\/\/deltamed.cl\/tienda\/wp-json\/wp\/v2\/media?parent=4266"}],"wp:term":[{"taxonomy":"product_brand","embeddable":true,"href":"https:\/\/deltamed.cl\/tienda\/wp-json\/wp\/v2\/product_brand?post=4266"},{"taxonomy":"product_cat","embeddable":true,"href":"https:\/\/deltamed.cl\/tienda\/wp-json\/wp\/v2\/product_cat?post=4266"},{"taxonomy":"product_tag","embeddable":true,"href":"https:\/\/deltamed.cl\/tienda\/wp-json\/wp\/v2\/product_tag?post=4266"}],"curies":[{"name":"wp","href":"https:\/\/api.w.org\/{rel}","templated":true}]}}