{"id":4256,"date":"2022-07-07T17:15:16","date_gmt":"2022-07-07T20:15:16","guid":{"rendered":"https:\/\/deltamed.cl\/tienda\/?post_type=product&#038;p=4256"},"modified":"2026-02-27T13:30:42","modified_gmt":"2026-02-27T16:30:42","slug":"cinta-metrica-seca-201","status":"publish","type":"product","link":"https:\/\/deltamed.cl\/tienda\/producto\/cinta-metrica-seca-201\/","title":{"rendered":"Cinta metrica seca 201"},"content":{"rendered":"<h1>Cinta metrica seca 201<\/h1>\n<h1>Cinta Metrica Para Medir Circunferencias<\/h1>\n<h2>Cinta Ergon\u00f3mica para medir circunferencias Seca 201<\/h2>\n<p>La\u00a0<b>Cinta M\u00e9trica Seca 201\u00a0<\/b>es una cinta ergonomica muy f\u00e1cil de utilizar, adem\u00e1s permite medir circunferencias con una precisi\u00f3n milim\u00e9trica.<\/p>\n<p>Adem\u00e1s, el mecanismo altamente desarrollado de esta cinta Seca 201 permite extraerla con facilidad alcanzando una<strong>\u00a0distancia de hasta 205 cm<\/strong>\u00a0y a su vez puede bloquearse con precisi\u00f3n, por lo que evitar\u00e1 maltratos al usuario.<\/p>\n<p>El contenedor de la Cinta Metrica tiene forma ergon\u00f3mica, es agradable al tacto y tambi\u00e9n lo suficientemente robusta para soportar m\u00e1s de una ca\u00edda sin sufrir deterioros.<\/p>\n<p>La Cinta Metrica Seca 201 es de Uso Cl\u00ednico y Profesional, as\u00ed como tambi\u00e9n Responde a las m\u00e1ximas exigencias m\u00e9dicas.<\/p>\n<p>Es ideal para utilizarla en Cl\u00ednicas y Hospitales, tambi\u00e9n la Cinta Ergon\u00f3mica Seca 201 es el complemento perfecto para las balanza\u00a0para Adulto y Pedi\u00e1trico y as\u00ed satisfacer la necesidad de los doctores al momento de evaluar a sus pacientes.<\/p>\n<h3>CARACTERISTICAS:<\/h3>\n<ul>\n<li>Es una Cinta Ergon\u00f3mica f\u00e1cil de utilizar.<\/li>\n<li>Alcanza un rango de medici\u00f3n de hasta 205 cm.<\/li>\n<li>Peso aproximado de 50 gr.<\/li>\n<li>Ligera, agradable al tacto.<\/li>\n<li>La Estructura de la Cinta Seca es robusta, lo que evita sufrir deterioros.<\/li>\n<\/ul>\n<h3 class=\"product-information-header\">Datos t\u00e9cnicos<\/h3>\n<table>\n<tbody>\n<tr class=\"row\">\n<th class=\"span3\">Rango de medici\u00f3n en cm:<\/th>\n<td class=\"span6\">0 &#8211; 205 cm<\/td>\n<\/tr>\n<tr class=\"row\">\n<th class=\"span3\">Rango de medici\u00f3n en inch:<\/th>\n<td class=\"span6\">0 &#8211; 80 \u00ab<\/td>\n<\/tr>\n<tr class=\"row\">\n<th class=\"span3\">Divisi\u00f3n:<\/th>\n<td class=\"span6\">1 mm, 1\/8 inch<\/td>\n<\/tr>\n<tr class=\"row\">\n<th class=\"span3\">Dimensiones ( AxAxP):<\/th>\n<td class=\"span6\">70 x 22 x 65 mm , 2,8 x 0,9 x 2,6 inch<\/td>\n<\/tr>\n<tr class=\"row\">\n<th class=\"span3\">Peso neto:<\/th>\n<td class=\"span6\">50 g , 0,1 lbs<\/td>\n<\/tr>\n<tr class=\"row\">\n<th class=\"span3\">Funciones:<\/th>\n<td class=\"span6\">Medici\u00f3n m\u00f3vil<\/td>\n<\/tr>\n<tr class=\"row\">\n<th class=\"span3\">CE:<\/th>\n<td class=\"span6\">CE 0123<\/td>\n<\/tr>\n<\/tbody>\n<\/table>\n<p>&nbsp;<\/p>\n<div id=\"attachment_7977\" style=\"width: 310px\" class=\"wp-caption alignnone\"><img fetchpriority=\"high\" decoding=\"async\" aria-describedby=\"caption-attachment-7977\" class=\"size-medium wp-image-7977\" src=\"https:\/\/deltamed.cl\/tienda\/wp-content\/uploads\/2022\/07\/Cinta-metrica-seca-201-300x200.jpg\" alt=\"Cinta metrica seca 201\" width=\"300\" height=\"200\" title=\"\" srcset=\"https:\/\/deltamed.cl\/tienda\/wp-content\/uploads\/2022\/07\/Cinta-metrica-seca-201-300x200.jpg 300w, https:\/\/deltamed.cl\/tienda\/wp-content\/uploads\/2022\/07\/Cinta-metrica-seca-201-1024x682.jpg 1024w, https:\/\/deltamed.cl\/tienda\/wp-content\/uploads\/2022\/07\/Cinta-metrica-seca-201-768x512.jpg 768w, https:\/\/deltamed.cl\/tienda\/wp-content\/uploads\/2022\/07\/Cinta-metrica-seca-201-1536x1024.jpg 1536w, https:\/\/deltamed.cl\/tienda\/wp-content\/uploads\/2022\/07\/Cinta-metrica-seca-201-2048x1365.jpg 2048w, https:\/\/deltamed.cl\/tienda\/wp-content\/uploads\/2022\/07\/Cinta-metrica-seca-201-600x400.jpg 600w\" sizes=\"(max-width: 300px) 100vw, 300px\" \/><p id=\"caption-attachment-7977\" class=\"wp-caption-text\">Cinta metrica seca 201<\/p><\/div>\n","protected":false},"excerpt":{"rendered":"<p>La\u00a0<b>Cinta M\u00e9trica Seca 201\u00a0<\/b>es una cinta ergonomica muy f\u00e1cil de utilizar, adem\u00e1s permite medir circunferencias con una precisi\u00f3n milim\u00e9trica.<\/p>\n<p>Adem\u00e1s, el mecanismo altamente desarrollado de esta cinta Seca 201 permite extraerla con facilidad alcanzando una<strong>\u00a0distancia de hasta 205 cm<\/strong>\u00a0y a su vez puede bloquearse con precisi\u00f3n, por lo que evitar\u00e1 maltratos al usuario.<\/p>\n<p>El contenedor de la Cinta Metrica tiene forma ergon\u00f3mica, es agradable al tacto y tambi\u00e9n lo suficientemente robusta para soportar m\u00e1s de una ca\u00edda sin sufrir deterioros.<\/p>\n<p>La Cinta Metrica Seca 201 es de Uso Cl\u00ednico y Profesional, as\u00ed como tambi\u00e9n Responde a las m\u00e1ximas exigencias m\u00e9dicas.<\/p>\n<p>Es ideal para utilizarla en Cl\u00ednicas y Hospitales, tambi\u00e9n la Cinta Ergon\u00f3mica Seca 201 es el complemento perfecto para las balanza\u00a0para Adulto y Pedi\u00e1trico y as\u00ed satisfacer la necesidad de los doctores al momento de evaluar a sus pacientes.<\/p>\n<p>&nbsp;<\/p>\n","protected":false},"featured_media":4258,"comment_status":"open","ping_status":"closed","template":"","meta":{"_acf_changed":false},"product_brand":[1107],"product_cat":[15],"product_tag":[],"class_list":{"0":"post-4256","1":"product","2":"type-product","3":"status-publish","4":"has-post-thumbnail","6":"product_brand-seca","7":"product_cat-medicion-y-diagnostico","8":"product_shipping_class-extra-pequeno","10":"first","11":"instock","12":"shipping-taxable","13":"purchasable","14":"product-type-simple"},"acf":[],"_links":{"self":[{"href":"https:\/\/deltamed.cl\/tienda\/wp-json\/wp\/v2\/product\/4256","targetHints":{"allow":["GET"]}}],"collection":[{"href":"https:\/\/deltamed.cl\/tienda\/wp-json\/wp\/v2\/product"}],"about":[{"href":"https:\/\/deltamed.cl\/tienda\/wp-json\/wp\/v2\/types\/product"}],"replies":[{"embeddable":true,"href":"https:\/\/deltamed.cl\/tienda\/wp-json\/wp\/v2\/comments?post=4256"}],"version-history":[{"count":3,"href":"https:\/\/deltamed.cl\/tienda\/wp-json\/wp\/v2\/product\/4256\/revisions"}],"predecessor-version":[{"id":7979,"href":"https:\/\/deltamed.cl\/tienda\/wp-json\/wp\/v2\/product\/4256\/revisions\/7979"}],"wp:featuredmedia":[{"embeddable":true,"href":"https:\/\/deltamed.cl\/tienda\/wp-json\/wp\/v2\/media\/4258"}],"wp:attachment":[{"href":"https:\/\/deltamed.cl\/tienda\/wp-json\/wp\/v2\/media?parent=4256"}],"wp:term":[{"taxonomy":"product_brand","embeddable":true,"href":"https:\/\/deltamed.cl\/tienda\/wp-json\/wp\/v2\/product_brand?post=4256"},{"taxonomy":"product_cat","embeddable":true,"href":"https:\/\/deltamed.cl\/tienda\/wp-json\/wp\/v2\/product_cat?post=4256"},{"taxonomy":"product_tag","embeddable":true,"href":"https:\/\/deltamed.cl\/tienda\/wp-json\/wp\/v2\/product_tag?post=4256"}],"curies":[{"name":"wp","href":"https:\/\/api.w.org\/{rel}","templated":true}]}}