{"id":425,"date":"2020-12-29T15:18:27","date_gmt":"2020-12-29T18:18:27","guid":{"rendered":"https:\/\/deltamed.cl\/tienda\/?post_type=product&#038;p=425"},"modified":"2026-02-27T13:52:24","modified_gmt":"2026-02-27T16:52:24","slug":"medias-antiembolica-cranberry","status":"publish","type":"product","link":"https:\/\/deltamed.cl\/tienda\/producto\/medias-antiembolica-cranberry\/","title":{"rendered":"Medias Antiemb\u00f3lica Cranberry"},"content":{"rendered":"<p>Medias Antiemb\u00f3lica Cranberry<\/p>\n<p>Las medias antiemb\u00f3licas son un producto que previene la trombosis venosa profunda (TVP); esto lo hace gracias a la presi\u00f3n estandarizada que aplica en nuestras piernas. Esta presi\u00f3n disminuye continuamente desde el tobillo hacia el muslo. Estudios confirman el alto grado de efectividad en el uso de estas medias para acelerar el retorno venoso y prevenir la TVP.<\/p>\n<p>La TVP es una enfermedad vascular que aparece cuando existe un trombo en las piernas, es grave, doloroso y \u00a0requiere hospitalizaci\u00f3n. La MAE previene la TVP aplicando una suave presi\u00f3n mantenida y decreciente desde los tobillos hasta los muslos. Las personas deben colocarse las medias antiembolicas al igual que las medias cl\u00e1sicas, la diferencia la hace un viejo truco cl\u00ednico en el cual se coloca en el pie la bolsa en donde viene la MAE y luego la deslizas sobre ella, esto lo har\u00e1 mucho m\u00e1s r\u00e1pido y sencillo, cuando la media este puesta, retiras la bolsa.<\/p>\n<p>Su finalidad es prevenir la trombosis venosa profunda (VTP), mediante la presi\u00f3n estandarizada que aplica en las piernas, acelerando el retorno venoso y previniendo la VTP.<\/p>\n<p>Brinda una compresi\u00f3n que oscila entre los 24 a 18 mmHg, siendo una alternativa altamente efectiva para la compresi\u00f3n venosa.<\/p>\n<p><strong>Caracter\u00edsticas:<\/strong><\/p>\n<ul>\n<li>Compresi\u00f3n de piernas continua y decreciente.<\/li>\n<li>Material respirable y libre de l\u00e1tex.<\/li>\n<li>Banda superior de silicona que asegura un calce perfecto y sin deslizamientos.<\/li>\n<li>Cuenta con apertura de inspecci\u00f3n en la planta del pie para controlar circulaci\u00f3n la circulaci\u00f3n perif\u00e9rica distal.<\/li>\n<li>Tal\u00f3n acolchado y reforzado.<\/li>\n<\/ul>\n<p><strong>Indicaciones:\u00a0<\/strong>Estad\u00eda cl\u00ednica u hospitalaria por procedimientos quir\u00fargicos.<\/p>\n<p><strong>C\u00f3mo elegir tu talla:<\/strong><\/p>\n<table class=\"table table-bordered\">\n<tbody>\n<tr>\n<td width=\"63\" height=\"27\">Talla<\/td>\n<td width=\"100\">Tobillo<\/td>\n<td width=\"108\">Pantorrilla<\/td>\n<td width=\"127\">Bajo Rodilla<\/td>\n<td width=\"104\">Muslo<\/td>\n<\/tr>\n<tr>\n<td height=\"27\">S<\/td>\n<td>19-21 cm.<\/td>\n<td>31-37 cm.<\/td>\n<td>29-36 cm.<\/td>\n<td>46-58 cm.<\/td>\n<\/tr>\n<tr>\n<td height=\"27\">M<\/td>\n<td>21-23 cm.<\/td>\n<td>32-40 cm.<\/td>\n<td>30-39 cm.<\/td>\n<td>50-62 cm<\/td>\n<\/tr>\n<tr>\n<td height=\"27\">L<\/td>\n<td>23-25 cm.<\/td>\n<td>33-42 cm.<\/td>\n<td>31-41 cm.<\/td>\n<td>54-66 cm.<\/td>\n<\/tr>\n<tr>\n<td height=\"27\">XL<\/td>\n<td>25-27 cm.<\/td>\n<td>34-44 cm.<\/td>\n<td>32-43 cm.<\/td>\n<td>68-70 cm.<\/td>\n<\/tr>\n<\/tbody>\n<\/table>\n<p>&nbsp;<\/p>\n<div id=\"attachment_8578\" style=\"width: 310px\" class=\"wp-caption alignnone\"><img fetchpriority=\"high\" decoding=\"async\" aria-describedby=\"caption-attachment-8578\" class=\"size-medium wp-image-8578\" src=\"https:\/\/deltamed.cl\/tienda\/wp-content\/uploads\/2020\/12\/Medias-Cranberry-300x300.png\" alt=\"Medias Antiemb\u00f3lica Cranberry\" width=\"300\" height=\"300\" title=\"\" srcset=\"https:\/\/deltamed.cl\/tienda\/wp-content\/uploads\/2020\/12\/Medias-Cranberry-300x300.png 300w, https:\/\/deltamed.cl\/tienda\/wp-content\/uploads\/2020\/12\/Medias-Cranberry-1024x1024.png 1024w, https:\/\/deltamed.cl\/tienda\/wp-content\/uploads\/2020\/12\/Medias-Cranberry-150x150.png 150w, https:\/\/deltamed.cl\/tienda\/wp-content\/uploads\/2020\/12\/Medias-Cranberry-768x768.png 768w, https:\/\/deltamed.cl\/tienda\/wp-content\/uploads\/2020\/12\/Medias-Cranberry-600x600.png 600w, https:\/\/deltamed.cl\/tienda\/wp-content\/uploads\/2020\/12\/Medias-Cranberry-100x100.png 100w, https:\/\/deltamed.cl\/tienda\/wp-content\/uploads\/2020\/12\/Medias-Cranberry.png 1200w\" sizes=\"(max-width: 300px) 100vw, 300px\" \/><p id=\"caption-attachment-8578\" class=\"wp-caption-text\">Medias Antiemb\u00f3lica Cranberry<\/p><\/div>\n","protected":false},"excerpt":{"rendered":"<p>Medias Antiemb\u00f3lica Cranberry<\/p>\n<p>Las medias antiemb\u00f3licas son un producto que previene la trombosis venosa profunda (TVP); esto lo hace gracias a la presi\u00f3n estandarizada que aplica en nuestras piernas. Esta presi\u00f3n disminuye continuamente desde el tobillo hacia el muslo. Estudios confirman el alto grado de efectividad en el uso de estas medias para acelerar el retorno venoso y prevenir la TVP.<\/p>\n<p>La TVP es una enfermedad vascular que aparece cuando existe un trombo en las piernas, es grave, doloroso y \u00a0requiere hospitalizaci\u00f3n. La MAE previene la TVP aplicando una suave presi\u00f3n mantenida y decreciente desde los tobillos hasta los muslos. Las personas deben colocarse las medias antiembolicas al igual que las medias cl\u00e1sicas, la diferencia la hace un viejo truco cl\u00ednico en el cual se coloca en el pie la bolsa en donde viene la MAE y luego la deslizas sobre ella, esto lo har\u00e1 mucho m\u00e1s r\u00e1pido y sencillo, cuando la media este puesta, retiras la bolsa.<\/p>\n<p>.<\/p>\n","protected":false},"featured_media":474,"comment_status":"open","ping_status":"closed","template":"","meta":{"_acf_changed":false},"product_brand":[1087],"product_cat":[235],"product_tag":[808,119],"class_list":{"0":"post-425","1":"product","2":"type-product","3":"status-publish","4":"has-post-thumbnail","6":"product_brand-cranberry","7":"product_cat-ortopedia","8":"product_tag-antiembolica","9":"product_tag-cranberry","10":"product_shipping_class-extra-pequeno","12":"first","13":"instock","14":"sale","15":"shipping-taxable","16":"purchasable","17":"product-type-variable"},"acf":[],"_links":{"self":[{"href":"https:\/\/deltamed.cl\/tienda\/wp-json\/wp\/v2\/product\/425","targetHints":{"allow":["GET"]}}],"collection":[{"href":"https:\/\/deltamed.cl\/tienda\/wp-json\/wp\/v2\/product"}],"about":[{"href":"https:\/\/deltamed.cl\/tienda\/wp-json\/wp\/v2\/types\/product"}],"replies":[{"embeddable":true,"href":"https:\/\/deltamed.cl\/tienda\/wp-json\/wp\/v2\/comments?post=425"}],"version-history":[{"count":5,"href":"https:\/\/deltamed.cl\/tienda\/wp-json\/wp\/v2\/product\/425\/revisions"}],"predecessor-version":[{"id":8577,"href":"https:\/\/deltamed.cl\/tienda\/wp-json\/wp\/v2\/product\/425\/revisions\/8577"}],"wp:featuredmedia":[{"embeddable":true,"href":"https:\/\/deltamed.cl\/tienda\/wp-json\/wp\/v2\/media\/474"}],"wp:attachment":[{"href":"https:\/\/deltamed.cl\/tienda\/wp-json\/wp\/v2\/media?parent=425"}],"wp:term":[{"taxonomy":"product_brand","embeddable":true,"href":"https:\/\/deltamed.cl\/tienda\/wp-json\/wp\/v2\/product_brand?post=425"},{"taxonomy":"product_cat","embeddable":true,"href":"https:\/\/deltamed.cl\/tienda\/wp-json\/wp\/v2\/product_cat?post=425"},{"taxonomy":"product_tag","embeddable":true,"href":"https:\/\/deltamed.cl\/tienda\/wp-json\/wp\/v2\/product_tag?post=425"}],"curies":[{"name":"wp","href":"https:\/\/api.w.org\/{rel}","templated":true}]}}