{"id":422,"date":"2020-12-29T15:12:18","date_gmt":"2020-12-29T18:12:18","guid":{"rendered":"https:\/\/deltamed.cl\/tienda\/?post_type=product&#038;p=422"},"modified":"2026-02-27T13:30:29","modified_gmt":"2026-02-27T16:30:29","slug":"otoscopio-pocket-led-welch-allyn","status":"publish","type":"product","link":"https:\/\/deltamed.cl\/tienda\/producto\/otoscopio-pocket-led-welch-allyn\/","title":{"rendered":"Otosc\u00f3pio Pocket Led Welch Allyn 22870"},"content":{"rendered":"<div class=\"website-wrapper\">\n<div class=\"main-page-wrapper\">\n<div class=\"container-fluid\">\n<div class=\"row content-layout-wrapper align-items-start\">\n<div class=\"site-content shop-content-area col-12 breadcrumbs-location-summary content-with-products\" role=\"main\">\n<div id=\"product-378\" class=\"single-product-page single-product-content product-design-default tabs-location-standard tabs-type-tabs meta-location-add_to_cart reviews-location-tabs product-no-bg product type-product post-378 status-publish first instock product_cat-despacho-gratis product_cat-diagnostico product_cat-diagnostico-medico product_cat-ofertas product_cat-otoscopio product_tag-despacho-gratis has-post-thumbnail purchasable product-type-simple\">\n<div class=\"product-tabs-wrapper\">\n<div class=\"container\">\n<div class=\"row\">\n<div class=\"col-12 poduct-tabs-inner\">\n<div class=\"woocommerce-tabs wc-tabs-wrapper tabs-layout-tabs\">\n<div class=\"wd-tab-wrapper woodmart-tab-wrapper\">\n<div id=\"tab-description\" class=\"woocommerce-Tabs-panel woocommerce-Tabs-panel--description panel entry-content wc-tab\">\n<div class=\"wc-tab-inner \n\t\t\t\t\t\t\t\t\t\t\"><\/p>\n<div class=\"\">\n<p>El Otosc\u00f3pio Pocket Led Welch Allyn 22870 es el modelo m\u00e1s ligero de la serie, dise\u00f1ado espec\u00edficamente para ofrecer mayor comodidad y control durante los ex\u00e1menes m\u00e9dicos. Su dise\u00f1o ergon\u00f3mico y port\u00e1til permite a los profesionales de la salud llevarlo c\u00f3modamente en el bolsillo mientras realizan ex\u00e1menes en pacientes, una herramienta m\u00e9dica de alta calidad, duradera y port\u00e1til, dise\u00f1ada para resistir el uso tanto en entrenamientos como en la pr\u00e1ctica cl\u00ednica diaria.<\/p>\n<p>Equipado con l\u00e1mparas LED SureColor\u2122, proporciona una intensidad de luz dos veces mayor que los otoscopios convencionales. La fibra \u00f3ptica garantiza una luz fr\u00eda sin reflejos ni obstrucciones, permitiendo una visualizaci\u00f3n clara y precisa del canal auditivo y el t\u00edmpano.<\/p>\n<p>Se alimenta con dos pilas AA, lo que lo hace muy conveniente y econ\u00f3mico para su uso diario. Con su calidad y precisi\u00f3n en el diagn\u00f3stico, es una herramienta confiable para profesionales de la salud que requieren un otoscopio port\u00e1til y de alto rendimiento para sus evaluaciones auditivas.<\/p>\n<p><strong>Especificaciones:<\/strong><\/p>\n<ul>\n<li>Tipo de iluminaci\u00f3n: Iluminaci\u00f3n hal\u00f3gena directa<\/li>\n<li>Modelo de bombilla aceptado: LED (3200k)<\/li>\n<li>Bater\u00eda: 2 pilas alcalinas AA<\/li>\n<li>Lente: Aumento 2,5x<\/li>\n<\/ul>\n<p><strong>Incluye:<\/strong><\/p>\n<ul>\n<li><b>4 Esp\u00e9culos \u00f3ticos:<\/b>\u00a02.5mm-4mm<\/li>\n<\/ul>\n<p><strong>Advertencias y precauciones:<\/strong><\/p>\n<ul>\n<li>No utilice el dispositivo en \u00e1reas donde pueda estar expuesto a gases inflamables.<\/li>\n<li>Mantenga todas las partes de este dispositivo protegidas del agua, la humedad, los impactos, las ca\u00eddas y la luz solar directa, as\u00ed como del calor, fuego, congelaci\u00f3n, viento, polvo, humos, aceites, perfumes, pilas con fugas o sustancias corrosivas. Adem\u00e1s, evite el acceso de ni\u00f1os y animales al dispositivo. No toque directamente la lente con la mano u objetos duros.<\/li>\n<li>Aseg\u00farese de utilizar el tipo de bombilla correcto para cada cabezal de instrumento (una bombilla diferente para cada instrumento). El incumplimiento de esta recomendaci\u00f3n puede ocasionar la falla prematura de las bombillas.<\/li>\n<li>No intente desarmar ni reparar el dispositivo o sus componentes.<\/li>\n<li>Utilice \u00fanicamente las pilas correctas: 2 pilas alcalinas AA est\u00e1ndar.<\/li>\n<li>Guarde los instrumentos en la caja, en un lugar seco y a temperatura ambiente.<\/li>\n<\/ul>\n<\/div>\n<\/div>\n<\/div>\n<\/div>\n<div class=\"wd-tab-wrapper woodmart-tab-wrapper\"><\/div>\n<div class=\"wd-tab-wrapper woodmart-tab-wrapper\"><img decoding=\"async\" src=\"https:\/\/www.simmedical.cl\/wp-content\/uploads\/2017\/07\/w46651630_1.jpg\" alt=\"Otoscopio Pocket LED Purpura - Welch Allyn\" title=\"\"><\/div>\n<\/div>\n<\/div>\n<\/div>\n<\/div>\n<\/div>\n<div class=\"container related-and-upsells\">\n<div class=\"upsells-widget widget sidebar-widget\">\n<div class=\"dfwidget-host\">\n<div class=\"dfwidget-carousel\">\n<div id=\"dfwidget-card-list\" class=\"carousel-content\">\n<div class=\"dfwidget-card\" tabindex=\"0\">\n<div class=\"card-content flexible\">\n<div class=\"card-title line-clamp\" title=\"Otoscopio Pocket LED Purpura - Welch Allyn\">Otoscopio Pocket LED Purpura &#8211; Welch Allyn<\/div>\n<div class=\"flexible\"><\/div>\n<div class=\"card-pricing\"><\/div>\n<\/div>\n<\/div>\n<div class=\"dfwidget-card\" tabindex=\"0\">\n<div class=\"card-content flexible\">\n<div class=\"card-pricing\"><\/div>\n<\/div>\n<\/div>\n<div class=\"dfwidget-card\" tabindex=\"0\">\n<div class=\"card-media\">\n<div class=\"card-media-thumbnail\"><img decoding=\"async\" src=\"https:\/\/www.simmedical.cl\/wp-content\/uploads\/2017\/07\/w46651035_1.jpg\" alt=\"Otoscopio Pocket Junior Negro - Welch Allyn\" title=\"\"><\/div>\n<\/div>\n<div class=\"card-content flexible\">\n<div class=\"card-title line-clamp\" title=\"Otoscopio Pocket Junior Negro - Welch Allyn\"><\/div>\n<div class=\"card-pricing\"><\/div>\n<\/div>\n<\/div>\n<div class=\"dfwidget-card\" tabindex=\"0\">\n<div class=\"card-media\"><\/div>\n<\/div>\n<\/div>\n<\/div>\n<\/div>\n<\/div>\n<\/div>\n<\/div>\n<\/div>\n<\/div>\n<\/div>\n<\/div>\n<\/div>\n<div class=\"wd-sticky-btn woodmart-sticky-btn mobile-off wd-sticky-btn-shown\">\n<div class=\"wd-sticky-btn-container container woodmart-sticky-btn-container\">\n<div class=\"wd-sticky-btn-cart woodmart-sticky-btn-cart\">\n<div class=\"woobt-wrap woobt-layout-default woobt-wrap-378 woobt-wrap-responsive\" data-id=\"378\" data-selection=\"multiple\" data-position=\"before\" data-this-item=\"yes\" data-layout=\"default\" data-atc-button=\"main\" data-total=\"0\"><\/div>\n<\/div>\n<\/div>\n<\/div>\n","protected":false},"excerpt":{"rendered":"<p>El Otosc\u00f3pio Pocket Led Welch Allyn 22870 es el modelo m\u00e1s ligero de la serie, dise\u00f1ado espec\u00edficamente para ofrecer mayor comodidad y control durante los ex\u00e1menes m\u00e9dicos. Su dise\u00f1o ergon\u00f3mico y port\u00e1til permite a los profesionales de la salud llevarlo c\u00f3modamente en el bolsillo mientras realizan ex\u00e1menes en pacientes, una herramienta m\u00e9dica de alta calidad, duradera y port\u00e1til, dise\u00f1ada para resistir el uso tanto en entrenamientos como en la pr\u00e1ctica cl\u00ednica diaria.<\/p>\n<p>Equipado con l\u00e1mparas LED SureColor\u2122, proporciona una intensidad de luz dos veces mayor que los otoscopios convencionales. La fibra \u00f3ptica garantiza una luz fr\u00eda sin reflejos ni obstrucciones, permitiendo una visualizaci\u00f3n clara y precisa del canal auditivo y el t\u00edmpano.<\/p>\n<p>Se alimenta con dos pilas AA, lo que lo hace muy conveniente y econ\u00f3mico para su uso diario. Con su calidad y precisi\u00f3n en el diagn\u00f3stico, es una herramienta confiable para profesionales de la salud que requieren un otoscopio port\u00e1til y de alto rendimiento para sus evaluaciones auditivas.<\/p>\n<p><strong>Especificaciones:<\/strong><\/p>\n<ul>\n<li>Tipo de iluminaci\u00f3n: Iluminaci\u00f3n hal\u00f3gena directa<\/li>\n<li>Modelo de bombilla aceptado: LED (3200k)<\/li>\n<li>Bater\u00eda: 2 pilas alcalinas AA<\/li>\n<li>Lente: Aumento 2,5x<\/li>\n<\/ul>\n<p><strong>Incluye:<\/strong><\/p>\n<ul>\n<li><b>4 Esp\u00e9culos \u00f3ticos:<\/b>\u00a02.5mm-4mm<\/li>\n<\/ul>\n","protected":false},"featured_media":786,"comment_status":"open","ping_status":"closed","template":"","meta":{"_acf_changed":false},"product_brand":[1110],"product_cat":[15,355],"product_tag":[78],"class_list":{"0":"post-422","1":"product","2":"type-product","3":"status-publish","4":"has-post-thumbnail","6":"product_brand-welch-allyn","7":"product_cat-medicion-y-diagnostico","8":"product_cat-otoscopio-oftalmoscopio","9":"product_tag-otoscopio","10":"product_shipping_class-extra-pequeno","12":"first","13":"instock","14":"shipping-taxable","15":"purchasable","16":"product-type-variable"},"acf":[],"_links":{"self":[{"href":"https:\/\/deltamed.cl\/tienda\/wp-json\/wp\/v2\/product\/422","targetHints":{"allow":["GET"]}}],"collection":[{"href":"https:\/\/deltamed.cl\/tienda\/wp-json\/wp\/v2\/product"}],"about":[{"href":"https:\/\/deltamed.cl\/tienda\/wp-json\/wp\/v2\/types\/product"}],"replies":[{"embeddable":true,"href":"https:\/\/deltamed.cl\/tienda\/wp-json\/wp\/v2\/comments?post=422"}],"version-history":[{"count":2,"href":"https:\/\/deltamed.cl\/tienda\/wp-json\/wp\/v2\/product\/422\/revisions"}],"predecessor-version":[{"id":16401,"href":"https:\/\/deltamed.cl\/tienda\/wp-json\/wp\/v2\/product\/422\/revisions\/16401"}],"wp:featuredmedia":[{"embeddable":true,"href":"https:\/\/deltamed.cl\/tienda\/wp-json\/wp\/v2\/media\/786"}],"wp:attachment":[{"href":"https:\/\/deltamed.cl\/tienda\/wp-json\/wp\/v2\/media?parent=422"}],"wp:term":[{"taxonomy":"product_brand","embeddable":true,"href":"https:\/\/deltamed.cl\/tienda\/wp-json\/wp\/v2\/product_brand?post=422"},{"taxonomy":"product_cat","embeddable":true,"href":"https:\/\/deltamed.cl\/tienda\/wp-json\/wp\/v2\/product_cat?post=422"},{"taxonomy":"product_tag","embeddable":true,"href":"https:\/\/deltamed.cl\/tienda\/wp-json\/wp\/v2\/product_tag?post=422"}],"curies":[{"name":"wp","href":"https:\/\/api.w.org\/{rel}","templated":true}]}}