{"id":42,"date":"2020-11-18T14:39:15","date_gmt":"2020-11-18T17:39:15","guid":{"rendered":"https:\/\/deltamed.cl\/tienda\/?post_type=product&#038;p=42"},"modified":"2026-03-13T15:43:18","modified_gmt":"2026-03-13T18:43:18","slug":"silla-de-ducha-con-respaldo-y-reposabrazo-ba393","status":"publish","type":"product","link":"https:\/\/deltamed.cl\/tienda\/producto\/silla-de-ducha-con-respaldo-y-reposabrazo-ba393\/","title":{"rendered":"Silla de ducha con respaldo y reposabrazo BA393"},"content":{"rendered":"<p>Silla de ducha con respaldo y reposabrazo BA393, para ba\u00f1o con apoyabrazos acolchados, respaldo y asiento curvo ergon\u00f3mico antideslizante especialmente dise\u00f1ado para entregar la mayor seguridad y comodidad en el ba\u00f1o.<\/p>\n<p>Su asiento presenta un dise\u00f1o curvo ergon\u00f3mico antideslizante, drenable con rebaje especialmente dise\u00f1ado para entregar la mayor seguridad y comodidad en el ba\u00f1o.<\/p>\n<p>\u2022 Estructura de aluminio anodizado duradero.<br \/>\n\u2022 Con respaldo desmontable para mayor comodidad.<br \/>\n\u2022 Reposabrazos y patas desmontables para embalaje compacto.<br \/>\n\u2022 Asiento en forma de U grande para un f\u00e1cil acceso en la ducha.<br \/>\n\u2022 Con puntas de goma antideslizantes y reemplazables.<br \/>\n\u2022 Altura total ajustable.<br \/>\n\u2022 Agujeros de drenaje, manillas de agarre en el asiento y topes antideslizantes en las 4 patas lo que permite un uso c\u00f3modo y seguro.<br \/>\n\u2022 Marca Deltamed<br \/>\n\u2022 Altura: 74 \u2013 86.5cm<br \/>\n\u2022 Largo: 43cm<br \/>\n\u2022 Ancho: 51cm<br \/>\n\u2022 Ancho del Asiento: 41cm<br \/>\n\u2022 Altura del Asiento: 41 \u2013 53.5cm<br \/>\n\u2022 Profundidad: 41 \u2013 44cm<br \/>\n\u2022 Altura Reposabrazos: 15cm<br \/>\n\u2022 Altura Respaldo: 33cm<br \/>\n\u2022 Peso: 3.5kg<br \/>\n\u2022 Capacidad m\u00e1ximo: 136kg<\/p>\n","protected":false},"excerpt":{"rendered":"<p>Silla de ducha con respaldo y reposabrazo BA393 .<\/p>\n<p>Apoyabrazos acolchados, respaldo y asiento curvo ergon\u00f3mico antideslizante especialmente dise\u00f1ado para entregar la mayor seguridad y comodidad en el ba\u00f1o..<\/p>\n<p>\u2022 Estructura de aluminio anodizado duradero.<br \/>\n\u2022 Con respaldo desmontable para mayor comodidad.<br \/>\n\u2022 Reposabrazos y patas desmontables para embalaje compacto.<br \/>\n\u2022 Asiento en forma de U grande para un f\u00e1cil acceso en la ducha.<br \/>\n\u2022 Con puntas de goma antideslizantes y reemplazables.<br \/>\n\u2022 Altura total ajustable.<br \/>\n\u2022 Agujeros de drenaje, manillas de agarre en el asiento y topes antideslizantes en las 4 patas lo que permite un uso c\u00f3modo y seguro.<br \/>\n\u2022 Marca Deltamed<\/p>\n","protected":false},"featured_media":8335,"comment_status":"open","ping_status":"closed","template":"","meta":{"_acf_changed":false},"product_brand":[1091],"product_cat":[1032,363,17],"product_tag":[24,26,31,32,30],"class_list":{"0":"post-42","1":"product","2":"type-product","3":"status-publish","4":"has-post-thumbnail","6":"product_brand-deltamed","7":"product_cat-sillas-bano","8":"product_cat-articulos-de-bano","9":"product_cat-destacado","10":"product_tag-adulto-mayor","11":"product_tag-bano","12":"product_tag-ducha","13":"product_tag-respaldo","14":"product_tag-silla","15":"product_shipping_class-pequeno","17":"first","18":"outofstock","19":"shipping-taxable","20":"purchasable","21":"product-type-simple"},"acf":[],"_links":{"self":[{"href":"https:\/\/deltamed.cl\/tienda\/wp-json\/wp\/v2\/product\/42","targetHints":{"allow":["GET"]}}],"collection":[{"href":"https:\/\/deltamed.cl\/tienda\/wp-json\/wp\/v2\/product"}],"about":[{"href":"https:\/\/deltamed.cl\/tienda\/wp-json\/wp\/v2\/types\/product"}],"replies":[{"embeddable":true,"href":"https:\/\/deltamed.cl\/tienda\/wp-json\/wp\/v2\/comments?post=42"}],"version-history":[{"count":6,"href":"https:\/\/deltamed.cl\/tienda\/wp-json\/wp\/v2\/product\/42\/revisions"}],"predecessor-version":[{"id":16438,"href":"https:\/\/deltamed.cl\/tienda\/wp-json\/wp\/v2\/product\/42\/revisions\/16438"}],"wp:featuredmedia":[{"embeddable":true,"href":"https:\/\/deltamed.cl\/tienda\/wp-json\/wp\/v2\/media\/8335"}],"wp:attachment":[{"href":"https:\/\/deltamed.cl\/tienda\/wp-json\/wp\/v2\/media?parent=42"}],"wp:term":[{"taxonomy":"product_brand","embeddable":true,"href":"https:\/\/deltamed.cl\/tienda\/wp-json\/wp\/v2\/product_brand?post=42"},{"taxonomy":"product_cat","embeddable":true,"href":"https:\/\/deltamed.cl\/tienda\/wp-json\/wp\/v2\/product_cat?post=42"},{"taxonomy":"product_tag","embeddable":true,"href":"https:\/\/deltamed.cl\/tienda\/wp-json\/wp\/v2\/product_tag?post=42"}],"curies":[{"name":"wp","href":"https:\/\/api.w.org\/{rel}","templated":true}]}}