{"id":4183,"date":"2022-06-17T12:10:14","date_gmt":"2022-06-17T15:10:14","guid":{"rendered":"https:\/\/deltamed.cl\/tienda\/?post_type=product&#038;p=4183"},"modified":"2026-02-27T13:30:51","modified_gmt":"2026-02-27T16:30:51","slug":"rodillera-estabilizadora-sport-blunding","status":"publish","type":"product","link":"https:\/\/deltamed.cl\/tienda\/producto\/rodillera-estabilizadora-sport-blunding\/","title":{"rendered":"Rodillera estabilizadora sport Blunding"},"content":{"rendered":"<p>Rodillera estabilizadora sport\u00a0 Blunding<\/p>\n<p>Las rodilleras estabilizadoras son\u00a0<b>dispositivos que se utilizan para facilitar el movimiento adecuado de la rodilla y reducir el desgaste de la articulaci\u00f3n<\/b>. Tambi\u00e9n pueden ayudar a prevenir las dislocaciones de la r\u00f3tula y combatir los movimientos anormales de la rodilla causados por problemas en esta articulaci\u00f3n.<\/p>\n<p>&nbsp;<\/p>\n<p>Soporte de rodilla tubular con orificio rotuliano, confeccionada en neopreno respirable m\u00e1s estabilizadores laterales flexibles en aluminio y ajuste superior e inferior con cierre de contacto. Indicaci\u00f3n : En inestabilidades moderadas de la articulaci\u00f3n Despu\u00e9s de lesiones de ligamentos o cirug\u00eda reparadora. Para protecci\u00f3n de los largos periodos del tratamiento de rehabilitaci\u00f3n. Actividades deportivas con requerimientos m\u00e1ximos sobre la rodilla.<\/p>\n<p>*Blunding recomienda utilizar este producto bajo prescripci\u00f3n m\u00e9dica.<\/p>\n<p>INDICADO PARA :<\/p>\n<p>En inestabilidades moderadas de la articulaci\u00f3n<br \/>\nDespu\u00e9s de lesiones de ligamentos o cirug\u00eda reparadora.<br \/>\nPara protecci\u00f3n de los largos periodos del tratamiento de rehabilitaci\u00f3n.<br \/>\nActividades deportivas con requerimientos m\u00e1ximos sobre la rodilla..<\/p>\n<p>TALLAS Y MEDIDAS:<\/p>\n<p>Small (S): Contorno de rodilla: 31 cm. o menos<br \/>\nMedium (M): Contorno de rodilla: 31 &#8211; 37 cm.<br \/>\nLarge (L): Contorno de rodilla: 37 &#8211; 42 cm.<br \/>\nExtra Large (XL): Contorno de rodilla: 42 cm. o m\u00e1s.<\/p>\n<p>COMPOSICI\u00d3N:<\/p>\n<p>Cara Interna: Neopreno Respirable 82% de SP Poli\u00e9ster \/ 18% 75D Poli\u00e9ster<br \/>\nCara Externa: Neopreno Respirable 100% Nylon<br \/>\nCierre de contacto: 100% Nylon<\/p>\n<p>Color: Plata<\/p>\n<p>CERTIFICACI\u00d3N Y REGISTROS:<\/p>\n<p>Certificaci\u00f3n de Norma ISO-9001\/2008 Secci\u00f3n 8.2.3 N\u00ba CL13\/20100668<br \/>\nRegistro del Instituto Nacional de Salud P\u00fablica N\u00ba EDM 198\/14<\/p>\n<p><img fetchpriority=\"high\" decoding=\"async\" class=\"alignnone size-full wp-image-7982\" src=\"https:\/\/deltamed.cl\/tienda\/wp-content\/uploads\/2022\/06\/Rodillera-estabilizadora-sport-Blunding.jpg\" alt=\"\" width=\"186\" height=\"270\" title=\"\"><\/p>\n","protected":false},"excerpt":{"rendered":"<p>Rodillera estabilizadora sport Blunding<\/p>\n<p>Las rodilleras estabilizadoras son\u00a0<b>dispositivos que se utilizan para facilitar el movimiento adecuado de la rodilla y reducir el desgaste de la articulaci\u00f3n<\/b>. Tambi\u00e9n pueden ayudar a prevenir las dislocaciones de la r\u00f3tula y combatir los movimientos anormales de la rodilla causados por problemas en esta articulaci\u00f3n.<\/p>\n<p>&nbsp;<\/p>\n<p>Soporte de rodilla tubular con orificio rotuliano, confeccionada en neopreno respirable m\u00e1s estabilizadores laterales flexibles en aluminio y ajuste superior e inferior con cierre de contacto. Indicaci\u00f3n : En inestabilidades moderadas de la articulaci\u00f3n Despu\u00e9s de lesiones de ligamentos o cirug\u00eda reparadora. Para protecci\u00f3n de los largos periodos del tratamiento de rehabilitaci\u00f3n. Actividades deportivas con requerimientos m\u00e1ximos sobre la rodilla.<\/p>\n<p>*Blunding recomienda utilizar este producto bajo prescripci\u00f3n m\u00e9dica.<\/p>\n<p>INDICADO PARA :<\/p>\n<p>En inestabilidades moderadas de la articulaci\u00f3n<br \/>\nDespu\u00e9s de lesiones de ligamentos o cirug\u00eda reparadora.<br \/>\nPara protecci\u00f3n de los largos periodos del tratamiento de rehabilitaci\u00f3n.<br \/>\nActividades deportivas con requerimientos m\u00e1ximos sobre la rodilla..<\/p>\n<p>&nbsp;<\/p>\n","protected":false},"featured_media":4184,"comment_status":"open","ping_status":"closed","template":"","meta":{"_acf_changed":false},"product_brand":[1093],"product_cat":[235,417],"product_tag":[],"class_list":{"0":"post-4183","1":"product","2":"type-product","3":"status-publish","4":"has-post-thumbnail","6":"product_brand-blunding","7":"product_cat-ortopedia","8":"product_cat-rodilleras","9":"product_shipping_class-pequeno","11":"first","12":"instock","13":"shipping-taxable","14":"purchasable","15":"product-type-variable"},"acf":[],"_links":{"self":[{"href":"https:\/\/deltamed.cl\/tienda\/wp-json\/wp\/v2\/product\/4183","targetHints":{"allow":["GET"]}}],"collection":[{"href":"https:\/\/deltamed.cl\/tienda\/wp-json\/wp\/v2\/product"}],"about":[{"href":"https:\/\/deltamed.cl\/tienda\/wp-json\/wp\/v2\/types\/product"}],"replies":[{"embeddable":true,"href":"https:\/\/deltamed.cl\/tienda\/wp-json\/wp\/v2\/comments?post=4183"}],"version-history":[{"count":2,"href":"https:\/\/deltamed.cl\/tienda\/wp-json\/wp\/v2\/product\/4183\/revisions"}],"predecessor-version":[{"id":7983,"href":"https:\/\/deltamed.cl\/tienda\/wp-json\/wp\/v2\/product\/4183\/revisions\/7983"}],"wp:featuredmedia":[{"embeddable":true,"href":"https:\/\/deltamed.cl\/tienda\/wp-json\/wp\/v2\/media\/4184"}],"wp:attachment":[{"href":"https:\/\/deltamed.cl\/tienda\/wp-json\/wp\/v2\/media?parent=4183"}],"wp:term":[{"taxonomy":"product_brand","embeddable":true,"href":"https:\/\/deltamed.cl\/tienda\/wp-json\/wp\/v2\/product_brand?post=4183"},{"taxonomy":"product_cat","embeddable":true,"href":"https:\/\/deltamed.cl\/tienda\/wp-json\/wp\/v2\/product_cat?post=4183"},{"taxonomy":"product_tag","embeddable":true,"href":"https:\/\/deltamed.cl\/tienda\/wp-json\/wp\/v2\/product_tag?post=4183"}],"curies":[{"name":"wp","href":"https:\/\/api.w.org\/{rel}","templated":true}]}}