{"id":4179,"date":"2022-06-16T18:21:19","date_gmt":"2022-06-16T21:21:19","guid":{"rendered":"https:\/\/deltamed.cl\/tienda\/?post_type=product&#038;p=4179"},"modified":"2026-02-27T13:30:42","modified_gmt":"2026-02-27T16:30:42","slug":"balanza-seca-750-pesa-personas-mecanica-de-piso-color-n-bl","status":"publish","type":"product","link":"https:\/\/deltamed.cl\/tienda\/producto\/balanza-seca-750-pesa-personas-mecanica-de-piso-color-n-bl\/","title":{"rendered":"Balanza seca 750 pesa personas mec\u00e1nica de piso color n\/bl"},"content":{"rendered":"<div id=\"product-description\" class=\"span12\">\n<div class=\"hgroup\">\n<hgroup>\n<h2>seca 750<\/h2>\n<h2>Balanza seca 750 pesa personas mec\u00e1nica de piso color n\/bl<\/h2>\n<h3>Robusta b\u00e1scula mec\u00e1nica de piso<\/h3>\n<\/hgroup>\n<\/div>\n<div class=\"dynamic-columns\">\n<p class=\"content-teaser\"><strong>Bonita y robusta: esta b\u00e1scula causa una gran impresi\u00f3n en gimnasios y centros salud debido a su claro y puro dise\u00f1o.<\/strong><\/p>\n<p>La\u00a0<strong>Balanza Mec\u00e1nica de Piso Seca 750<\/strong>\u00a0ofrece durabilidad, funcionalidad y un tama\u00f1o practico que permite un resultado de pesaje m\u00e9dico mas preciso.<\/p>\n<p>De construcci\u00f3n robusta, la balanza Seca 750 puede soportar un peso de\u00a0<strong>hasta 150 kilogramos<\/strong>.<\/p>\n<p>Adem\u00e1s, tiene una funci\u00f3n completamente mec\u00e1nica, por lo que,\u00a0<strong>no necesita de pilas<\/strong>\u00a0para poder ver el pesaje. Es ideal su uso en gimnasios y centros de salud debido a su claro y puro dise\u00f1o.<\/p>\n<p>Posee un armaz\u00f3n de acero con barnizado cubierto en polvo, escala circular y recubrimiento de f\u00e1cil limpieza.<\/p>\n<p>\u00bfQu\u00e9 m\u00e1s se necesita para un pesaje confortable? La b\u00e1scula seca 750 se optiene en tres versiones: kilogramos, libras y kilogramos\/libras.<\/p>\n<p>Con un dise\u00f1o cl\u00e1sico, posee un armaz\u00f3n de acero con barnizado cubierto en polvo y una escala circular f\u00e1cil de leer. As\u00ed como tambi\u00e9n, la balanza Mec\u00e1nica de Piso Seca 750 se caracteriza por su facilidad de empleo, cubierta robusta y gran\u00a0<strong>plataforma de pesado pl\u00e1stica antideslizante<\/strong>, f\u00e1cil de limpiar.<\/p>\n<p>&nbsp;<\/p>\n<p>Datos t\u00e9cnicos:<\/p>\n<p>Capacidad: 150 kg<br \/>\nDivisi\u00f3n (g): 1 kg, 1 kg<br \/>\nDimensiones (AxAxP): 317 x 117 x 477 mm<br \/>\nPeso neto:3,5 kg<br \/>\nFunciones: funci\u00f3n de ajuste a cero, protecci\u00f3n de transporte<br \/>\nCE: CE 0123<\/p>\n<\/div>\n<\/div>\n<div class=\"divider span12\"><\/div>\n","protected":false},"excerpt":{"rendered":"<div class=\"hgroup\">\n<hgroup>\n<h2>Balanza seca 750 pesa personas mec\u00e1nica de piso color n\/bl<\/h2>\n<h3>Robusta b\u00e1scula mec\u00e1nica de piso<\/h3>\n<\/hgroup>\n<\/div>\n<div class=\"dynamic-columns\">\n<p class=\"content-teaser\"><strong>Bonita y robusta: esta b\u00e1scula causa una gran impresi\u00f3n en gimnasios y centros salud debido a su claro y puro dise\u00f1o.<\/strong><\/p>\n<p>Posee un armaz\u00f3n de acero con barnizado cubierto en polvo, escala circular y recubrimiento de f\u00e1cil limpieza. \u00bfQu\u00e9 m\u00e1s se necesita para un pesaje confortable? La b\u00e1scula seca 750 se optiene en tres versiones: kilogramos, libras y kilogramos\/libras.<\/p>\n<p>&nbsp;<\/p>\n<\/div>\n","protected":false},"featured_media":4181,"comment_status":"open","ping_status":"closed","template":"","meta":{"_acf_changed":false},"product_brand":[1107],"product_cat":[15,357],"product_tag":[],"class_list":{"0":"post-4179","1":"product","2":"type-product","3":"status-publish","4":"has-post-thumbnail","6":"product_brand-seca","7":"product_cat-medicion-y-diagnostico","8":"product_cat-balanzas","9":"product_shipping_class-pequeno","11":"first","12":"outofstock","13":"shipping-taxable","14":"purchasable","15":"product-type-simple"},"acf":[],"_links":{"self":[{"href":"https:\/\/deltamed.cl\/tienda\/wp-json\/wp\/v2\/product\/4179","targetHints":{"allow":["GET"]}}],"collection":[{"href":"https:\/\/deltamed.cl\/tienda\/wp-json\/wp\/v2\/product"}],"about":[{"href":"https:\/\/deltamed.cl\/tienda\/wp-json\/wp\/v2\/types\/product"}],"replies":[{"embeddable":true,"href":"https:\/\/deltamed.cl\/tienda\/wp-json\/wp\/v2\/comments?post=4179"}],"version-history":[{"count":1,"href":"https:\/\/deltamed.cl\/tienda\/wp-json\/wp\/v2\/product\/4179\/revisions"}],"predecessor-version":[{"id":16402,"href":"https:\/\/deltamed.cl\/tienda\/wp-json\/wp\/v2\/product\/4179\/revisions\/16402"}],"wp:featuredmedia":[{"embeddable":true,"href":"https:\/\/deltamed.cl\/tienda\/wp-json\/wp\/v2\/media\/4181"}],"wp:attachment":[{"href":"https:\/\/deltamed.cl\/tienda\/wp-json\/wp\/v2\/media?parent=4179"}],"wp:term":[{"taxonomy":"product_brand","embeddable":true,"href":"https:\/\/deltamed.cl\/tienda\/wp-json\/wp\/v2\/product_brand?post=4179"},{"taxonomy":"product_cat","embeddable":true,"href":"https:\/\/deltamed.cl\/tienda\/wp-json\/wp\/v2\/product_cat?post=4179"},{"taxonomy":"product_tag","embeddable":true,"href":"https:\/\/deltamed.cl\/tienda\/wp-json\/wp\/v2\/product_tag?post=4179"}],"curies":[{"name":"wp","href":"https:\/\/api.w.org\/{rel}","templated":true}]}}