{"id":4176,"date":"2022-06-16T18:09:22","date_gmt":"2022-06-16T21:09:22","guid":{"rendered":"https:\/\/deltamed.cl\/tienda\/?post_type=product&#038;p=4176"},"modified":"2026-02-27T13:30:41","modified_gmt":"2026-02-27T16:30:41","slug":"linovera-emulsion-50ml","status":"publish","type":"product","link":"https:\/\/deltamed.cl\/tienda\/producto\/linovera-emulsion-50ml\/","title":{"rendered":"Linovera emulsi\u00f3n 50ml"},"content":{"rendered":"<h1 class=\"product_title entry-title wd-entities-title\">Linovera emulsi\u00f3n 50ml<\/h1>\n<h2 class=\"ui-pdp-description__title\"><\/h2>\n<p class=\"ui-pdp-description__content\">Prevenci\u00f3n y tratamiento de alteraciones cut\u00e1neas de origen vascular y\/o neurotr\u00f3ficas, principalmente con localizaci\u00f3n en las extremidades inferiores.<\/p>\n<p>Cuidado de pieles fr\u00e1giles y sensibles, aumentando la resistencia de la piel fr\u00e1gil y sensible.<\/p>\n<p>Promueve la restauraci\u00f3n capilar al facilitar la renovaci\u00f3n de las c\u00e9lulas de la epidermis.<\/p>\n<p>Este tipo de \u00falceras, se producen por una isquemia tisular causada por una presi\u00f3n continua y mayor que la presi\u00f3n capilar encargada de oxigenar una zona del cuerpo inmovilizada y presionada. Como resultado de la falta de oxigenaci\u00f3n a ese \u00e1rea se produce una necrosis tisular.<\/p>\n<p>Este tipo de heridas, siempre es evitable, con normas de prevenci\u00f3n.<\/p>\n<p>Adem\u00e1s del peso de la persona inmovilizada, la formaci\u00f3n de estas heridas se acelera por:<\/p>\n<p>Los pliegues en la ropa personal y de cama.<\/p>\n<p>Humedad que favorece la maceraci\u00f3n tisular.<\/p>\n<p>Factores cl\u00ednicos como anemia, infecci\u00f3n, diabetes, hipovitaminosis C.<\/p>\n<p>Prevenci\u00f3n de la formaci\u00f3n:<\/p>\n<p>Las \u00falceras por presi\u00f3n son lesiones de dif\u00edcil curaci\u00f3n, y el principal problema al que se enfrentan las personas inmovilizadas durante un tiempo prolongado.<\/p>\n<p>El mejor tratamiento siempre es su prevenci\u00f3n, sobre todo con suaves masajes y cambios posturales:<\/p>\n<p>&#8211; Cuidados generales: dieta hiperprote\u00edca, aporte de l\u00edquidos y electrolitos para evitar la deshidrataci\u00f3n, correcci\u00f3n de niveles de glucemia.<\/p>\n<p>&#8211; Cuidados locales: vigilar puntos corporales de apoyo y, aplicar este producto realizando un suave masaje sobre la piel. Se ayuda a restaurar la capilaridad de las \u00e1reas que con mayor facilidad se necrosan y as\u00ed se favorece la circulaci\u00f3n.<\/p>\n<p>COMPOSICI\u00d3N<\/p>\n<p>\u00c1cidos grasos hiperoxigenados (\u00e1cido linoleico, \u00e1cido oleico, \u00e1cido palm\u00edtico, \u00e1cido este\u00e1rico, \u00e1cido palmitoleico, \u00e1cido mir\u00edstico, \u00e1cido gadol\u00e9ico, \u00e1cido beh\u00e9nico, \u00e1cido arcaico, \u00e1cido linol\u00e9nico), tocoferoles, aloe vera, centella asi\u00e1tica, perfume.<\/p>\n<p>MODO DE EMPLEO<\/p>\n<p>Pulverizar el producto sobre la zona deseada y realizar un suave masaje con la yema de los dedos facilitando la distribuci\u00f3n homog\u00e9nea del producto.<br \/>\nEmulsion:<br \/>\nAplicar la cantidad necesaria para cubrir la superficie a tratar y extender suavemente para favorecer la absorci\u00f3n.<br \/>\nRepetir la aplicaci\u00f3n de 2 a 3 veces al d\u00eda.<\/p>\n<h2 class=\"ui-pdp-description__title\">Linovera emulsi\u00f3n 50ml 1ud ar\/bo\/cl<\/h2>\n<p>&nbsp;<\/p>\n<p><img fetchpriority=\"high\" decoding=\"async\" class=\"alignnone size-medium wp-image-7985\" src=\"https:\/\/deltamed.cl\/tienda\/wp-content\/uploads\/2022\/06\/Linovera-emulsion-50ml-300x195.jpg\" alt=\"\" width=\"300\" height=\"195\" title=\"\" srcset=\"https:\/\/deltamed.cl\/tienda\/wp-content\/uploads\/2022\/06\/Linovera-emulsion-50ml-300x195.jpg 300w, https:\/\/deltamed.cl\/tienda\/wp-content\/uploads\/2022\/06\/Linovera-emulsion-50ml-1024x665.jpg 1024w, https:\/\/deltamed.cl\/tienda\/wp-content\/uploads\/2022\/06\/Linovera-emulsion-50ml-768x499.jpg 768w, https:\/\/deltamed.cl\/tienda\/wp-content\/uploads\/2022\/06\/Linovera-emulsion-50ml-600x390.jpg 600w, https:\/\/deltamed.cl\/tienda\/wp-content\/uploads\/2022\/06\/Linovera-emulsion-50ml.jpg 1078w\" sizes=\"(max-width: 300px) 100vw, 300px\" \/><\/p>\n","protected":false},"excerpt":{"rendered":"<h2 class=\"ui-pdp-description__title\">Linovera emulsi\u00f3n 50ml<\/h2>\n<p class=\"ui-pdp-description__content\">Prevenci\u00f3n y tratamiento de alteraciones cut\u00e1neas de origen vascular y\/o neurotr\u00f3ficas, principalmente con localizaci\u00f3n en las extremidades inferiores.<\/p>\n<p>Cuidado de pieles fr\u00e1giles y sensibles, aumentando la resistencia de la piel fr\u00e1gil y sensible.<\/p>\n<p>Promueve la restauraci\u00f3n capilar al facilitar la renovaci\u00f3n de las c\u00e9lulas de la epidermis.<\/p>\n<p>&nbsp;<\/p>\n<p>&nbsp;<\/p>\n","protected":false},"featured_media":4178,"comment_status":"open","ping_status":"closed","template":"","meta":{"_acf_changed":false},"product_brand":[],"product_cat":[36,432],"product_tag":[659,493],"class_list":{"0":"post-4176","1":"product","2":"type-product","3":"status-publish","4":"has-post-thumbnail","6":"product_cat-tratamiento-de-herida","7":"product_cat-otros-tratamiento-de-herida","8":"product_tag-escaras","9":"product_tag-tratamiento-de-heridas","10":"product_shipping_class-extra-pequeno","12":"first","13":"outofstock","14":"shipping-taxable","15":"purchasable","16":"product-type-simple"},"acf":[],"_links":{"self":[{"href":"https:\/\/deltamed.cl\/tienda\/wp-json\/wp\/v2\/product\/4176","targetHints":{"allow":["GET"]}}],"collection":[{"href":"https:\/\/deltamed.cl\/tienda\/wp-json\/wp\/v2\/product"}],"about":[{"href":"https:\/\/deltamed.cl\/tienda\/wp-json\/wp\/v2\/types\/product"}],"replies":[{"embeddable":true,"href":"https:\/\/deltamed.cl\/tienda\/wp-json\/wp\/v2\/comments?post=4176"}],"version-history":[{"count":2,"href":"https:\/\/deltamed.cl\/tienda\/wp-json\/wp\/v2\/product\/4176\/revisions"}],"predecessor-version":[{"id":7986,"href":"https:\/\/deltamed.cl\/tienda\/wp-json\/wp\/v2\/product\/4176\/revisions\/7986"}],"wp:featuredmedia":[{"embeddable":true,"href":"https:\/\/deltamed.cl\/tienda\/wp-json\/wp\/v2\/media\/4178"}],"wp:attachment":[{"href":"https:\/\/deltamed.cl\/tienda\/wp-json\/wp\/v2\/media?parent=4176"}],"wp:term":[{"taxonomy":"product_brand","embeddable":true,"href":"https:\/\/deltamed.cl\/tienda\/wp-json\/wp\/v2\/product_brand?post=4176"},{"taxonomy":"product_cat","embeddable":true,"href":"https:\/\/deltamed.cl\/tienda\/wp-json\/wp\/v2\/product_cat?post=4176"},{"taxonomy":"product_tag","embeddable":true,"href":"https:\/\/deltamed.cl\/tienda\/wp-json\/wp\/v2\/product_tag?post=4176"}],"curies":[{"name":"wp","href":"https:\/\/api.w.org\/{rel}","templated":true}]}}