{"id":4126,"date":"2022-06-10T17:12:24","date_gmt":"2022-06-10T20:12:24","guid":{"rendered":"https:\/\/deltamed.cl\/tienda\/?post_type=product&#038;p=4126"},"modified":"2026-04-16T22:39:15","modified_gmt":"2026-04-17T01:39:15","slug":"guantes-para-artritis","status":"publish","type":"product","link":"https:\/\/deltamed.cl\/tienda\/producto\/guantes-para-artritis\/","title":{"rendered":"Guantes para artritis"},"content":{"rendered":"<h2><strong>Guantes para artritis<\/strong><\/h2>\n<p>GUANTES DE COMPRESI\u00d3N PARA ARTRITIS, ARTROSIS Y TENDINITIS<br \/>\n\u00bfSufres de dolor en las articulaciones? \u00bfQuieres aliviar el dolor del t\u00fanel carpiano?.<br \/>\nSu efecto compresivo ayuda a estabilizar los m\u00fasculos, causando una disminuci\u00f3n de la fatiga muscular y de las articulaciones. Nuestros guantes de compresi\u00f3n est\u00e1n dise\u00f1ados para dar comodidad y rendimiento todo el d\u00eda. Aqu\u00ed algunas de sus m\u00faltiples funciones y beneficios:<br \/>\n&#8211; Compresi\u00f3n; Proporciona una compresi\u00f3n suave para el calor y ayuda a aumentar la circulaci\u00f3n, que en \u00faltima instancia reduce el dolor y promueve la curaci\u00f3n.<br \/>\n&#8211; Reduce el Dolor en los Dedos y Articulaciones de las Manos.<br \/>\n-Disminuye la Hinchaz\u00f3n en las Manos.<br \/>\n-Reduce la Rigidez en las Articulaciones.<br \/>\n-Mejora la Movilidad de las Manos.<br \/>\n-Aumenta la Circulaci\u00f3n Sangu\u00ednea.<br \/>\n-Reduce el Hormigueo y la Incomodidad Constante.<br \/>\nFabricados con un material de excelente calidad, es ligero y transpirable de algod\u00f3n-spandex que te permitir\u00e1 llevar los guantes c\u00f3modamente durante todo el d\u00eda. &#8211; Siente la ligereza y diferencia usando los guantes.<br \/>\n&#8211; Dedos abiertos cortados; El corte abierto de las yemas de los dedos permite una completa libertad para sentir, tocar y agarrar para que puedas realizar tareas diarias sin problemas.<br \/>\n&#8211; Costura duradera y dise\u00f1ada para evitar la irritaci\u00f3n<br \/>\n&#8211; F\u00e1cil de limpiar<br \/>\n*Tama\u00f1os que se ajustan a todos los tipos de mano*<br \/>\nS = 8 CMS.<br \/>\nM = 9 CMS.<br \/>\nL = 10 CMS.<br \/>\nLos guantes est\u00e1n dise\u00f1ados para todas las edades, g\u00e9neros y tipos de manos, incluyendo aquellos con y sin problemas preexistentes de manos.\u00dasalos en cualquier lugar: al trabajar, escribir, hacer ejercicio, conducir, caminar, correr, computador, jardiner\u00eda, cocinar.<br \/>\nEspecificaciones:<br \/>\n&#8211; Tama\u00f1os: S, M y L \u00fanicamente.<br \/>\n&#8211; Material: algod\u00f3n &#8211; spandex, material que asegura un uso c\u00f3modo.<\/p>\n","protected":false},"excerpt":{"rendered":"<h2><strong>Guantes para artritis<\/strong><\/h2>\n<p>GUANTES DE COMPRESI\u00d3N PARA ARTRITIS, ARTROSIS Y TENDINITIS<br \/>\n\u00bfSufres de dolor en las articulaciones? \u00bfQuieres aliviar el dolor del t\u00fanel carpiano?.<br \/>\nSu efecto compresivo ayuda a estabilizar los m\u00fasculos, causando una disminuci\u00f3n de la fatiga muscular y de las articulaciones. Nuestros guantes de compresi\u00f3n est\u00e1n dise\u00f1ados para dar comodidad y rendimiento todo el d\u00eda. Aqu\u00ed algunas de sus m\u00faltiples funciones y beneficios:<br \/>\n&#8211; Compresi\u00f3n; Proporciona una compresi\u00f3n suave para el calor y ayuda a aumentar la circulaci\u00f3n, que en \u00faltima instancia reduce el dolor y promueve la curaci\u00f3n.<br \/>\n&#8211; Reduce el Dolor en los Dedos y Articulaciones de las Manos.<br \/>\n-Disminuye la Hinchaz\u00f3n en las Manos.<br \/>\n-Reduce la Rigidez en las Articulaciones.<br \/>\n-Mejora la Movilidad de las Manos.<br \/>\n-Aumenta la Circulaci\u00f3n Sangu\u00ednea.<br \/>\n-Reduce el Hormigueo y la Incomodidad Constante.<br \/>\nFabricados con un material de excelente calidad, es ligero y transpirable de algod\u00f3n-spandex que te permitir\u00e1 llevar los guantes c\u00f3modamente durante todo el d\u00eda. &#8211; Siente la ligereza y diferencia usando los guantes.<br \/>\n&#8211; Dedos abiertos cortados; El corte abierto de las yemas de los dedos permite una completa libertad para sentir, tocar y agarrar para que puedas realizar tareas diarias sin problemas.<br \/>\n&#8211; Costura duradera y dise\u00f1ada para evitar la irritaci\u00f3n<br \/>\n&#8211; F\u00e1cil de limpiar<br \/>\n*Tama\u00f1os que se ajustan a todos los tipos de mano*<br \/>\nS = 8 CMS.<br \/>\nM = 9 CMS.<br \/>\nL = 10 CMS.<\/p>\n","protected":false},"featured_media":4128,"comment_status":"open","ping_status":"closed","template":"","meta":{"_acf_changed":false},"product_brand":[],"product_cat":[37,434],"product_tag":[],"class_list":{"0":"post-4126","1":"product","2":"type-product","3":"status-publish","4":"has-post-thumbnail","6":"product_cat-kinesiologia","7":"product_cat-otros-kinesiologia","8":"product_shipping_class-extra-pequeno","10":"first","11":"instock","12":"shipping-taxable","13":"purchasable","14":"product-type-variable"},"acf":[],"_links":{"self":[{"href":"https:\/\/deltamed.cl\/tienda\/wp-json\/wp\/v2\/product\/4126","targetHints":{"allow":["GET"]}}],"collection":[{"href":"https:\/\/deltamed.cl\/tienda\/wp-json\/wp\/v2\/product"}],"about":[{"href":"https:\/\/deltamed.cl\/tienda\/wp-json\/wp\/v2\/types\/product"}],"replies":[{"embeddable":true,"href":"https:\/\/deltamed.cl\/tienda\/wp-json\/wp\/v2\/comments?post=4126"}],"version-history":[{"count":1,"href":"https:\/\/deltamed.cl\/tienda\/wp-json\/wp\/v2\/product\/4126\/revisions"}],"predecessor-version":[{"id":8889,"href":"https:\/\/deltamed.cl\/tienda\/wp-json\/wp\/v2\/product\/4126\/revisions\/8889"}],"wp:featuredmedia":[{"embeddable":true,"href":"https:\/\/deltamed.cl\/tienda\/wp-json\/wp\/v2\/media\/4128"}],"wp:attachment":[{"href":"https:\/\/deltamed.cl\/tienda\/wp-json\/wp\/v2\/media?parent=4126"}],"wp:term":[{"taxonomy":"product_brand","embeddable":true,"href":"https:\/\/deltamed.cl\/tienda\/wp-json\/wp\/v2\/product_brand?post=4126"},{"taxonomy":"product_cat","embeddable":true,"href":"https:\/\/deltamed.cl\/tienda\/wp-json\/wp\/v2\/product_cat?post=4126"},{"taxonomy":"product_tag","embeddable":true,"href":"https:\/\/deltamed.cl\/tienda\/wp-json\/wp\/v2\/product_tag?post=4126"}],"curies":[{"name":"wp","href":"https:\/\/api.w.org\/{rel}","templated":true}]}}