{"id":4123,"date":"2022-06-10T16:34:31","date_gmt":"2022-06-10T19:34:31","guid":{"rendered":"https:\/\/deltamed.cl\/tienda\/?post_type=product&#038;p=4123"},"modified":"2026-03-20T01:59:47","modified_gmt":"2026-03-20T04:59:47","slug":"kit-de-curacion-no-1-cranberry","status":"publish","type":"product","link":"https:\/\/deltamed.cl\/tienda\/producto\/kit-de-curacion-no-1-cranberry\/","title":{"rendered":"Kit de curacion No 1 Cranberry"},"content":{"rendered":"<p>Kit de curacion No 1 Cranberry<\/p>\n<p>El kit de curaci\u00f3n est\u00e9ril desechable ha sido creado para apoyar al profesional de la salud en la limpieza, desinfecci\u00f3n y curaci\u00f3n de heridas simples y complejas, incluyendo el retiro de puntos quir\u00fargicos.<\/p>\n<p>libre de l\u00e1tex. El Kit de curaci\u00f3n est\u00e1 esterilizado en \u00f3xido de etileno (EO). El empaque bilaminado del kit contiene un control externo de viraje. Este testigo externo previo a la exposici\u00f3n del gas es rosado, y post exposici\u00f3n es de color amarillo.<\/p>\n<p>Este producto cuenta con las certificaciones:<\/p>\n<ul>\n<li>Certificado Libre Latex<\/li>\n<li>Certificate 93\/42\/EEC<\/li>\n<li>ISO 13485:2016<\/li>\n<li>Certificados de esterilizaci\u00f3n asociados por cada lote<\/li>\n<\/ul>\n<p>Bandeja del kit: Posee una divisi\u00f3n integrada que permite el uso del \u00e1rea m\u00e1s peque\u00f1a como copela.<\/p>\n<p>Contenido:<\/p>\n<p>1 Bandeja de curaci\u00f3n desechable<\/p>\n<p>1 Campo de envolver<\/p>\n<p>1 Pinza quir\u00fargica met\u00e1lica.<\/p>\n<p>1 Pinza quir\u00fargica diente de rat\u00f3n.<\/p>\n<p>1 Tijera quir\u00fargica de punta met\u00e1lica.<\/p>\n<p>3 T\u00f3rulas de gasa no tejida.<\/p>\n<p>3 Gasas no tejidas de 7.5 x 7.5cm c\/u.<\/p>\n<p>&nbsp;<\/p>\n","protected":false},"excerpt":{"rendered":"<p>Kit de curacion No 1 Cranberry<\/p>\n<p>El kit de curaci\u00f3n est\u00e9ril desechable ha sido creado para apoyar al profesional de la salud en la limpieza, desinfecci\u00f3n y curaci\u00f3n de heridas simples y complejas, incluyendo el retiro de puntos quir\u00fargicos.<\/p>\n<p>libre de l\u00e1tex. El Kit de curaci\u00f3n est\u00e1 esterilizado en \u00f3xido de etileno (EO). El empaque bilaminado del kit contiene un control externo de viraje. Este testigo externo previo a la exposici\u00f3n del gas es rosado, y post exposici\u00f3n es de color amarillo.<\/p>\n<p>Este producto cuenta con las certificaciones:<\/p>\n<ul>\n<li>Certificado Libre Latex<\/li>\n<li>Certificate 93\/42\/EEC<\/li>\n<li>ISO 13485:2016<\/li>\n<li>Certificados de esterilizaci\u00f3n asociados por cada lote<\/li>\n<\/ul>\n","protected":false},"featured_media":4125,"comment_status":"open","ping_status":"closed","template":"","meta":{"_acf_changed":false},"product_brand":[1087],"product_cat":[94,384],"product_tag":[119],"class_list":{"0":"post-4123","1":"product","2":"type-product","3":"status-publish","4":"has-post-thumbnail","6":"product_brand-cranberry","7":"product_cat-insumos-desechables","8":"product_cat-otros","9":"product_tag-cranberry","10":"product_shipping_class-extra-pequeno","12":"first","13":"instock","14":"shipping-taxable","15":"purchasable","16":"product-type-simple"},"acf":[],"_links":{"self":[{"href":"https:\/\/deltamed.cl\/tienda\/wp-json\/wp\/v2\/product\/4123","targetHints":{"allow":["GET"]}}],"collection":[{"href":"https:\/\/deltamed.cl\/tienda\/wp-json\/wp\/v2\/product"}],"about":[{"href":"https:\/\/deltamed.cl\/tienda\/wp-json\/wp\/v2\/types\/product"}],"replies":[{"embeddable":true,"href":"https:\/\/deltamed.cl\/tienda\/wp-json\/wp\/v2\/comments?post=4123"}],"version-history":[{"count":1,"href":"https:\/\/deltamed.cl\/tienda\/wp-json\/wp\/v2\/product\/4123\/revisions"}],"predecessor-version":[{"id":10067,"href":"https:\/\/deltamed.cl\/tienda\/wp-json\/wp\/v2\/product\/4123\/revisions\/10067"}],"wp:featuredmedia":[{"embeddable":true,"href":"https:\/\/deltamed.cl\/tienda\/wp-json\/wp\/v2\/media\/4125"}],"wp:attachment":[{"href":"https:\/\/deltamed.cl\/tienda\/wp-json\/wp\/v2\/media?parent=4123"}],"wp:term":[{"taxonomy":"product_brand","embeddable":true,"href":"https:\/\/deltamed.cl\/tienda\/wp-json\/wp\/v2\/product_brand?post=4123"},{"taxonomy":"product_cat","embeddable":true,"href":"https:\/\/deltamed.cl\/tienda\/wp-json\/wp\/v2\/product_cat?post=4123"},{"taxonomy":"product_tag","embeddable":true,"href":"https:\/\/deltamed.cl\/tienda\/wp-json\/wp\/v2\/product_tag?post=4123"}],"curies":[{"name":"wp","href":"https:\/\/api.w.org\/{rel}","templated":true}]}}