{"id":4120,"date":"2022-06-10T16:28:23","date_gmt":"2022-06-10T19:28:23","guid":{"rendered":"https:\/\/deltamed.cl\/tienda\/?post_type=product&#038;p=4120"},"modified":"2026-02-27T13:30:41","modified_gmt":"2026-02-27T16:30:41","slug":"bandas-elasticas-cando-set-5","status":"publish","type":"product","link":"https:\/\/deltamed.cl\/tienda\/producto\/bandas-elasticas-cando-set-5\/","title":{"rendered":"Bandas el\u00e1sticas cando set 5 colores 1,2 mts"},"content":{"rendered":"<p><strong>Bandas el\u00e1sticas cando set 5 colores 1,2 mts<\/strong><\/p>\n<p>&nbsp;<\/p>\n<p>Las bandas de Cando \u00ae est\u00e1n hechas de l\u00e1tex natural con posibilidades<br \/>\nde aplicaci\u00f3n pr\u00e1cticamente ilimitada para aumentar la fuerza,<br \/>\nla movilidad y flexibilidad. Su eficiencia en ejercicios est\u00e1n comprobados cient\u00edficamente.<br \/>\nEstas bandas son la m\u00e1quina de fitness m\u00e1s sencilla, pr\u00e1ctica y \u00fatil que se ha inventado.<\/p>\n<p>Set incluye 5 bandas<\/p>\n<p>1 banda amarilla<\/p>\n<p>1 banda roja<\/p>\n<p>1 banda verde<\/p>\n<p>1 banda azul<\/p>\n<p>1 banda negra<\/p>\n<p>&nbsp;<\/p>\n<pre><strong>AMARILLO = Muy baja\r\nROJO\u00a0 \u00a0 \u00a0= Baja\r\nVERDE\u00a0 \u00a0 = Media\r\nAZUL\u00a0 \u00a0 \u00a0= Alta\r\nNEGRO\u00a0 \u00a0 = Muy Alta\r\nPLATA\u00a0 \u00a0 = X Alta\r\n\r\n<\/strong><\/pre>\n<div id=\"attachment_7990\" style=\"width: 310px\" class=\"wp-caption alignnone\"><img fetchpriority=\"high\" decoding=\"async\" aria-describedby=\"caption-attachment-7990\" class=\"size-medium wp-image-7990\" src=\"https:\/\/deltamed.cl\/tienda\/wp-content\/uploads\/2022\/06\/Bandas-elasticas-cando-set-5-colores-12-mts-300x300.jpg\" alt=\"Bandas el\u00e1sticas cando set 5 colores 1,2 mts\" width=\"300\" height=\"300\" title=\"\" srcset=\"https:\/\/deltamed.cl\/tienda\/wp-content\/uploads\/2022\/06\/Bandas-elasticas-cando-set-5-colores-12-mts-300x300.jpg 300w, https:\/\/deltamed.cl\/tienda\/wp-content\/uploads\/2022\/06\/Bandas-elasticas-cando-set-5-colores-12-mts-150x150.jpg 150w, https:\/\/deltamed.cl\/tienda\/wp-content\/uploads\/2022\/06\/Bandas-elasticas-cando-set-5-colores-12-mts-100x100.jpg 100w, https:\/\/deltamed.cl\/tienda\/wp-content\/uploads\/2022\/06\/Bandas-elasticas-cando-set-5-colores-12-mts.jpg 500w\" sizes=\"(max-width: 300px) 100vw, 300px\" \/><p id=\"caption-attachment-7990\" class=\"wp-caption-text\">Bandas el\u00e1sticas cando set 5 colores 1,2 mts<\/p><\/div>\n<pre><strong>\u00a0<\/strong><\/pre>\n","protected":false},"excerpt":{"rendered":"<p><strong>Bandas el\u00e1sticas cando set 5 colores 1,2 mts<\/strong><\/p>\n<p>&nbsp;<\/p>\n<p>Las bandas de Cando \u00ae est\u00e1n hechas de l\u00e1tex natural con posibilidades<br \/>\nde aplicaci\u00f3n pr\u00e1cticamente ilimitada para aumentar la fuerza,<br \/>\nla movilidad y flexibilidad. Su eficiencia en ejercicios est\u00e1n comprobados cient\u00edficamente.<br \/>\nEstas bandas son la m\u00e1quina de fitness m\u00e1s sencilla, pr\u00e1ctica y \u00fatil que se ha inventado.<\/p>\n<p>Set incluye 5 bandas<\/p>\n<p>1 banda amarilla<\/p>\n<p>1 banda roja<\/p>\n<p>1 banda verde<\/p>\n<p>1 banda azul<\/p>\n<p>1 banda negra<\/p>\n","protected":false},"featured_media":4122,"comment_status":"open","ping_status":"closed","template":"","meta":{"_acf_changed":false},"product_brand":[],"product_cat":[37,393],"product_tag":[],"class_list":{"0":"post-4120","1":"product","2":"type-product","3":"status-publish","4":"has-post-thumbnail","6":"product_cat-kinesiologia","7":"product_cat-bandas-elasticas","8":"product_shipping_class-pequeno","10":"first","11":"instock","12":"shipping-taxable","13":"purchasable","14":"product-type-simple"},"acf":[],"_links":{"self":[{"href":"https:\/\/deltamed.cl\/tienda\/wp-json\/wp\/v2\/product\/4120","targetHints":{"allow":["GET"]}}],"collection":[{"href":"https:\/\/deltamed.cl\/tienda\/wp-json\/wp\/v2\/product"}],"about":[{"href":"https:\/\/deltamed.cl\/tienda\/wp-json\/wp\/v2\/types\/product"}],"replies":[{"embeddable":true,"href":"https:\/\/deltamed.cl\/tienda\/wp-json\/wp\/v2\/comments?post=4120"}],"version-history":[{"count":3,"href":"https:\/\/deltamed.cl\/tienda\/wp-json\/wp\/v2\/product\/4120\/revisions"}],"predecessor-version":[{"id":7993,"href":"https:\/\/deltamed.cl\/tienda\/wp-json\/wp\/v2\/product\/4120\/revisions\/7993"}],"wp:featuredmedia":[{"embeddable":true,"href":"https:\/\/deltamed.cl\/tienda\/wp-json\/wp\/v2\/media\/4122"}],"wp:attachment":[{"href":"https:\/\/deltamed.cl\/tienda\/wp-json\/wp\/v2\/media?parent=4120"}],"wp:term":[{"taxonomy":"product_brand","embeddable":true,"href":"https:\/\/deltamed.cl\/tienda\/wp-json\/wp\/v2\/product_brand?post=4120"},{"taxonomy":"product_cat","embeddable":true,"href":"https:\/\/deltamed.cl\/tienda\/wp-json\/wp\/v2\/product_cat?post=4120"},{"taxonomy":"product_tag","embeddable":true,"href":"https:\/\/deltamed.cl\/tienda\/wp-json\/wp\/v2\/product_tag?post=4120"}],"curies":[{"name":"wp","href":"https:\/\/api.w.org\/{rel}","templated":true}]}}