{"id":4110,"date":"2022-06-10T13:42:29","date_gmt":"2022-06-10T16:42:29","guid":{"rendered":"https:\/\/deltamed.cl\/tienda\/?post_type=product&#038;p=4110"},"modified":"2026-02-27T13:30:41","modified_gmt":"2026-02-27T16:30:41","slug":"caliper-pequeno","status":"publish","type":"product","link":"https:\/\/deltamed.cl\/tienda\/producto\/caliper-pequeno\/","title":{"rendered":"Caliper peque\u00f1o"},"content":{"rendered":"<p>Caliper peque\u00f1o medidor de grasa corporal<\/p>\n<p>El Caliper Pliegues Cut\u00e1neos Blanco Peque\u00f1o es una herramienta esencial para aquellos que desean medir con precisi\u00f3n el porcentaje de grasa corporal en hombres y mujeres. Dise\u00f1ado con comodidad y ergonom\u00eda en mente, este caliper ofrece una experiencia de medici\u00f3n f\u00e1cil y precisa en un formato compacto.<\/p>\n<p><strong>Material de Construcci\u00f3n:<\/strong>\u00a0Fabricado con pl\u00e1stico de alta calidad, este caliper es robusto y duradero. Su elegante color blanco le confiere un aspecto sofisticado y discreto.<\/p>\n<p><strong>Precisi\u00f3n Inigualable:<\/strong>\u00a0El Caliper Pliegues Cut\u00e1neos Blanco Peque\u00f1o garantiza resultados precisos, con una tolerancia de \u00b1 0.01. Puedes confiar en su capacidad para proporcionarte mediciones confiables.<\/p>\n<p><strong>Amplio Rango de Medida:<\/strong>\u00a0Este caliper tiene un rango de medida que abarca desde 0 hasta 70 mm, lo que lo hace vers\u00e1til y adecuado para diversas aplicaciones de medici\u00f3n de pliegues cut\u00e1neos.<\/p>\n<p><strong>F\u00e1cil de Usar:<\/strong>\u00a0Incluye un manual de instrucciones completo que te guiar\u00e1 a trav\u00e9s del proceso de medici\u00f3n. Esto lo hace adecuado tanto para profesionales de la salud como para personas que deseen controlar su composici\u00f3n corporal de manera independiente.<\/p>\n<p><strong>Caracter\u00edsticas Destacadas:<\/strong><\/p>\n<ul>\n<li>Dise\u00f1o ergon\u00f3mico y c\u00f3modo para una manipulaci\u00f3n sencilla.<\/li>\n<li>Fabricado en pl\u00e1stico de alta calidad para una mayor durabilidad.<\/li>\n<li>Precisi\u00f3n de \u00b1 0.01 garantiza mediciones confiables.<\/li>\n<li>Rango de medida de 0-70 mm para diversas aplicaciones.<\/li>\n<li>Incluye un manual de instrucciones para facilitar su uso.<\/li>\n<\/ul>\n<p><img fetchpriority=\"high\" decoding=\"async\" class=\"alignnone size-medium wp-image-7995\" src=\"https:\/\/deltamed.cl\/tienda\/wp-content\/uploads\/2022\/06\/Caliper-pequeno-medidor-de-grasa-corporal-300x300.jpg\" alt=\"\" width=\"300\" height=\"300\" title=\"\" srcset=\"https:\/\/deltamed.cl\/tienda\/wp-content\/uploads\/2022\/06\/Caliper-pequeno-medidor-de-grasa-corporal-300x300.jpg 300w, https:\/\/deltamed.cl\/tienda\/wp-content\/uploads\/2022\/06\/Caliper-pequeno-medidor-de-grasa-corporal-150x150.jpg 150w, https:\/\/deltamed.cl\/tienda\/wp-content\/uploads\/2022\/06\/Caliper-pequeno-medidor-de-grasa-corporal-100x100.jpg 100w, https:\/\/deltamed.cl\/tienda\/wp-content\/uploads\/2022\/06\/Caliper-pequeno-medidor-de-grasa-corporal.jpg 540w\" sizes=\"(max-width: 300px) 100vw, 300px\" \/><\/p>\n","protected":false},"excerpt":{"rendered":"<p>Caliper peque\u00f1o medidor de grasa corporal<\/p>\n<p>El Caliper Pliegues Cut\u00e1neos Blanco Peque\u00f1o es una herramienta esencial para aquellos que desean medir con precisi\u00f3n el porcentaje de grasa corporal en hombres y mujeres. Dise\u00f1ado con comodidad y ergonom\u00eda en mente, este caliper ofrece una experiencia de medici\u00f3n f\u00e1cil y precisa en un formato compacto.<\/p>\n","protected":false},"featured_media":4112,"comment_status":"open","ping_status":"closed","template":"","meta":{"_acf_changed":false},"product_brand":[],"product_cat":[15,354],"product_tag":[],"class_list":{"0":"post-4110","1":"product","2":"type-product","3":"status-publish","4":"has-post-thumbnail","6":"product_cat-medicion-y-diagnostico","7":"product_cat-caliper","8":"product_shipping_class-extra-pequeno","10":"first","11":"instock","12":"shipping-taxable","13":"purchasable","14":"product-type-simple"},"acf":[],"_links":{"self":[{"href":"https:\/\/deltamed.cl\/tienda\/wp-json\/wp\/v2\/product\/4110","targetHints":{"allow":["GET"]}}],"collection":[{"href":"https:\/\/deltamed.cl\/tienda\/wp-json\/wp\/v2\/product"}],"about":[{"href":"https:\/\/deltamed.cl\/tienda\/wp-json\/wp\/v2\/types\/product"}],"replies":[{"embeddable":true,"href":"https:\/\/deltamed.cl\/tienda\/wp-json\/wp\/v2\/comments?post=4110"}],"version-history":[{"count":3,"href":"https:\/\/deltamed.cl\/tienda\/wp-json\/wp\/v2\/product\/4110\/revisions"}],"predecessor-version":[{"id":7997,"href":"https:\/\/deltamed.cl\/tienda\/wp-json\/wp\/v2\/product\/4110\/revisions\/7997"}],"wp:featuredmedia":[{"embeddable":true,"href":"https:\/\/deltamed.cl\/tienda\/wp-json\/wp\/v2\/media\/4112"}],"wp:attachment":[{"href":"https:\/\/deltamed.cl\/tienda\/wp-json\/wp\/v2\/media?parent=4110"}],"wp:term":[{"taxonomy":"product_brand","embeddable":true,"href":"https:\/\/deltamed.cl\/tienda\/wp-json\/wp\/v2\/product_brand?post=4110"},{"taxonomy":"product_cat","embeddable":true,"href":"https:\/\/deltamed.cl\/tienda\/wp-json\/wp\/v2\/product_cat?post=4110"},{"taxonomy":"product_tag","embeddable":true,"href":"https:\/\/deltamed.cl\/tienda\/wp-json\/wp\/v2\/product_tag?post=4110"}],"curies":[{"name":"wp","href":"https:\/\/api.w.org\/{rel}","templated":true}]}}