{"id":4107,"date":"2022-06-10T13:35:57","date_gmt":"2022-06-10T16:35:57","guid":{"rendered":"https:\/\/deltamed.cl\/tienda\/?post_type=product&#038;p=4107"},"modified":"2026-02-27T13:30:41","modified_gmt":"2026-02-27T16:30:41","slug":"goniometro-no-4-rodilla-brazo","status":"publish","type":"product","link":"https:\/\/deltamed.cl\/tienda\/producto\/goniometro-no-4-rodilla-brazo\/","title":{"rendered":"Goniometro No 4 rodilla brazo"},"content":{"rendered":"<p>Goniometro No 4 rodilla brazo<\/p>\n<p>Un goni\u00f3metro es el\u00a0<b>instrumento utilizado para leer el \u00e1ngulo entre dos puntos<\/b>, en las ciencias de la salud es usado para medir \u00e1ngulos de flexi\u00f3n entre articulaciones y su movimiento.<\/p>\n<p><b>El goni\u00f3metro es el principal instrumento que se utiliza para medir los \u00e1ngulos en el sistema osteoarticular<\/b>. Los goni\u00f3metros poseen un cuerpo y dos brazos o ramas, uno fijo y el otro m\u00f3vil. El cuerpo del goni\u00f3metro es, en realidad, un transportador de 180\u00b0 \u00f3 360\u00b0.<\/p>\n<p>&nbsp;<\/p>\n<p>El goni\u00f3metro y el inclin\u00f3metro son\u00a0<b>instrumentos fiables para la medici\u00f3n de la movilidad articular de la flexi\u00f3n y la extensi\u00f3n de rodilla<\/b>, presentando, adem\u00e1s, una correlaci\u00f3n elevada.<\/p>\n<p>Goniometro, hecho de pl\u00e1stico transparente.<br \/>\n\u2022 Permite la medici\u00f3n del eje de la articulaci\u00f3n y su \u00e1ngulo.<br \/>\n\u2022 Medidas en grado (5\u00b0 en 5\u00b0) y 36 cm de largo total.<br \/>\n\u2022 Dos reglas para medida de amplitud articular. Sistema de transportador de 0\u00b0 a 360\u00b0.<br \/>\n\u2022 Uso Cl\u00ednico \u2013 Hospitalario \u2013 Profesional y Estudiantes de Salud.<\/p>\n<p>&nbsp;<\/p>\n<div class=\"small-12 cell\">\n<h6 class=\"product-details__title\">ESPECIFICACIONES T\u00c9CNICAS<\/h6>\n<\/div>\n<div class=\"small-12 cell product-specs\">\n<div class=\"grid-x grid-padding-x product-specs__row\">\n<div class=\"small-12 medium-4 large-5 cell product-specs__column\">\n<div class=\"product-specs__table\">\n<div class=\"product-specs__cell\"><span class=\"product-specs__title\">MEDIDAS EN GRADOS<\/span><\/div>\n<\/div>\n<\/div>\n<div class=\"small-12 medium-8 large-7 cell product-specs__column\">\n<div class=\"product-specs__table\">\n<div class=\"product-specs__cell\">\n<p class=\"product-specs__text\">De 2 en 2 grados.<\/p>\n<\/div>\n<\/div>\n<\/div>\n<\/div>\n<div class=\"grid-x grid-padding-x product-specs__row\">\n<div class=\"small-12 medium-4 large-5 cell product-specs__column\">\n<div class=\"product-specs__table\">\n<div class=\"product-specs__cell\"><span class=\"product-specs__title\">LARGO<\/span><\/div>\n<\/div>\n<\/div>\n<div class=\"small-12 medium-8 large-7 cell product-specs__column\">\n<div class=\"product-specs__table\">\n<div class=\"product-specs__cell\">\n<p class=\"product-specs__text\">36 cm (abierto)<\/p>\n<\/div>\n<\/div>\n<\/div>\n<\/div>\n<div class=\"grid-x grid-padding-x product-specs__row\">\n<div class=\"small-12 medium-4 large-5 cell product-specs__column\">\n<div class=\"product-specs__table\">\n<div class=\"product-specs__cell\"><span class=\"product-specs__title\">SISTEMA DE TRANSPORTADOR<\/span><\/div>\n<\/div>\n<\/div>\n<div class=\"small-12 medium-8 large-7 cell product-specs__column\">\n<div class=\"product-specs__table\">\n<div class=\"product-specs__cell\">\n<p class=\"product-specs__text\">De 0\u00b0 a 360.<\/p>\n<\/div>\n<\/div>\n<\/div>\n<\/div>\n<\/div>\n","protected":false},"excerpt":{"rendered":"<p>Goniometro No 4 rodilla brazo<\/p>\n<p>Un goni\u00f3metro es el\u00a0<b>instrumento utilizado para leer el \u00e1ngulo entre dos puntos<\/b>, en las ciencias de la salud es usado para medir \u00e1ngulos de flexi\u00f3n entre articulaciones y su movimiento.<\/p>\n<p><b>El goni\u00f3metro es el principal instrumento que se utiliza para medir los \u00e1ngulos en el sistema osteoarticular<\/b>. Los goni\u00f3metros poseen un cuerpo y dos brazos o ramas, uno fijo y el otro m\u00f3vil. El cuerpo del goni\u00f3metro es, en realidad, un transportador de 180\u00b0 \u00f3 360\u00b0.<\/p>\n<p>&nbsp;<\/p>\n<p>El goni\u00f3metro y el inclin\u00f3metro son\u00a0<b>instrumentos fiables para la medici\u00f3n de la movilidad articular de la flexi\u00f3n y la extensi\u00f3n de rodilla<\/b>, presentando, adem\u00e1s, una correlaci\u00f3n elevada.<\/p>\n<p>Goniometro, hecho de pl\u00e1stico transparente.<br \/>\n\u2022 Permite la medici\u00f3n del eje de la articulaci\u00f3n y su \u00e1ngulo.<br \/>\n\u2022 Medidas en grado (5\u00b0 en 5\u00b0) y 36 cm de largo total.<br \/>\n\u2022 Dos reglas para medida de amplitud articular. Sistema de transportador de 0\u00b0 a 360\u00b0.<br \/>\n\u2022 Uso Cl\u00ednico \u2013 Hospitalario \u2013 Profesional y Estudiantes de Salud.<\/p>\n","protected":false},"featured_media":4119,"comment_status":"open","ping_status":"closed","template":"","meta":{"_acf_changed":false},"product_brand":[],"product_cat":[15],"product_tag":[],"class_list":{"0":"post-4107","1":"product","2":"type-product","3":"status-publish","4":"has-post-thumbnail","6":"product_cat-medicion-y-diagnostico","7":"product_shipping_class-pequeno","9":"first","10":"instock","11":"shipping-taxable","12":"purchasable","13":"product-type-simple"},"acf":[],"_links":{"self":[{"href":"https:\/\/deltamed.cl\/tienda\/wp-json\/wp\/v2\/product\/4107","targetHints":{"allow":["GET"]}}],"collection":[{"href":"https:\/\/deltamed.cl\/tienda\/wp-json\/wp\/v2\/product"}],"about":[{"href":"https:\/\/deltamed.cl\/tienda\/wp-json\/wp\/v2\/types\/product"}],"replies":[{"embeddable":true,"href":"https:\/\/deltamed.cl\/tienda\/wp-json\/wp\/v2\/comments?post=4107"}],"version-history":[{"count":1,"href":"https:\/\/deltamed.cl\/tienda\/wp-json\/wp\/v2\/product\/4107\/revisions"}],"predecessor-version":[{"id":12172,"href":"https:\/\/deltamed.cl\/tienda\/wp-json\/wp\/v2\/product\/4107\/revisions\/12172"}],"wp:featuredmedia":[{"embeddable":true,"href":"https:\/\/deltamed.cl\/tienda\/wp-json\/wp\/v2\/media\/4119"}],"wp:attachment":[{"href":"https:\/\/deltamed.cl\/tienda\/wp-json\/wp\/v2\/media?parent=4107"}],"wp:term":[{"taxonomy":"product_brand","embeddable":true,"href":"https:\/\/deltamed.cl\/tienda\/wp-json\/wp\/v2\/product_brand?post=4107"},{"taxonomy":"product_cat","embeddable":true,"href":"https:\/\/deltamed.cl\/tienda\/wp-json\/wp\/v2\/product_cat?post=4107"},{"taxonomy":"product_tag","embeddable":true,"href":"https:\/\/deltamed.cl\/tienda\/wp-json\/wp\/v2\/product_tag?post=4107"}],"curies":[{"name":"wp","href":"https:\/\/api.w.org\/{rel}","templated":true}]}}