{"id":4103,"date":"2022-06-10T13:26:42","date_gmt":"2022-06-10T16:26:42","guid":{"rendered":"https:\/\/deltamed.cl\/tienda\/?post_type=product&#038;p=4103"},"modified":"2026-03-09T16:28:14","modified_gmt":"2026-03-09T19:28:14","slug":"alcohol-etilico-desnturalizado-95-reutter","status":"publish","type":"product","link":"https:\/\/deltamed.cl\/tienda\/producto\/alcohol-etilico-desnturalizado-95-reutter\/","title":{"rendered":"Alcohol et\u00edlico desnturalizado 95\u00b0 Reutter"},"content":{"rendered":"<p>Alcohol et\u00edlico desnturalizado 95\u00b0 Reutter<\/p>\n<p>l alcohol desnaturalizado 95\u00b0 es un compuesto qu\u00edmico usado como antis\u00e9ptico y desinfectante. Es un l\u00edquido incoloro, inflamable y con un olor caracter\u00edstico. Act\u00faa desnaturalizando las prote\u00ednas de las bacterias, lo que las inactiva y las mata.<\/p>\n<p><strong>Medidas:<\/strong><\/p>\n<ul>\n<li>Capacidad: 1 litro<\/li>\n<\/ul>\n<p><strong>Caracter\u00edsticas t\u00e9cnicas:<\/strong><\/p>\n<ul>\n<li>Composici\u00f3n: alcohol et\u00edlico desnaturalizado al 95%<\/li>\n<li>Color: incoloro<\/li>\n<li>Olor: caracter\u00edstico<\/li>\n<\/ul>\n<p><strong>Usos recomendados:<\/strong><\/p>\n<ul>\n<li>Antisepsia de la piel sana antes de procedimientos invasivos<\/li>\n<li>Limpieza y desinfecci\u00f3n de superficies y objetos<\/li>\n<li>Desinfecci\u00f3n de instrumentos m\u00e9dicos<\/li>\n<li>Solvente para la limpieza de herramientas y equipos<\/li>\n<li>Producci\u00f3n de perfumes, cosm\u00e9ticos y otros productos<\/li>\n<\/ul>\n<p><strong>Almacenamiento:<\/strong><\/p>\n<ul>\n<li>Mantener en un lugar fresco y seco, fuera del alcance de los ni\u00f1os.<\/li>\n<\/ul>\n<p><strong>Precauciones:<\/strong><\/p>\n<ul>\n<li>Evitar el contacto con los ojos, la piel y las mucosas.<\/li>\n<li>No utilizar en heridas profundas o infectadas.<\/li>\n<li>No ingerir.<\/li>\n<li>En caso de contacto con los ojos, lavar con abundante agua durante al menos 15 minutos.<\/li>\n<li>En caso de ingesti\u00f3n, llamar inmediatamente al Centro de Intoxicaciones o al m\u00e9dico.<\/li>\n<\/ul>\n<p>&nbsp;<\/p>\n<p><img fetchpriority=\"high\" decoding=\"async\" class=\"alignnone size-medium wp-image-8005\" src=\"https:\/\/deltamed.cl\/tienda\/wp-content\/uploads\/2022\/06\/Alcohol-etilico-desnturalizado-95\u00b0-Reutter-300x300.jpg\" alt=\"\" width=\"300\" height=\"300\" title=\"\" srcset=\"https:\/\/deltamed.cl\/tienda\/wp-content\/uploads\/2022\/06\/Alcohol-etilico-desnturalizado-95\u00b0-Reutter-300x300.jpg 300w, https:\/\/deltamed.cl\/tienda\/wp-content\/uploads\/2022\/06\/Alcohol-etilico-desnturalizado-95\u00b0-Reutter-1024x1024.jpg 1024w, https:\/\/deltamed.cl\/tienda\/wp-content\/uploads\/2022\/06\/Alcohol-etilico-desnturalizado-95\u00b0-Reutter-150x150.jpg 150w, https:\/\/deltamed.cl\/tienda\/wp-content\/uploads\/2022\/06\/Alcohol-etilico-desnturalizado-95\u00b0-Reutter-768x768.jpg 768w, https:\/\/deltamed.cl\/tienda\/wp-content\/uploads\/2022\/06\/Alcohol-etilico-desnturalizado-95\u00b0-Reutter-1536x1536.jpg 1536w, https:\/\/deltamed.cl\/tienda\/wp-content\/uploads\/2022\/06\/Alcohol-etilico-desnturalizado-95\u00b0-Reutter-600x600.jpg 600w, https:\/\/deltamed.cl\/tienda\/wp-content\/uploads\/2022\/06\/Alcohol-etilico-desnturalizado-95\u00b0-Reutter-100x100.jpg 100w, https:\/\/deltamed.cl\/tienda\/wp-content\/uploads\/2022\/06\/Alcohol-etilico-desnturalizado-95\u00b0-Reutter.jpg 1765w\" sizes=\"(max-width: 300px) 100vw, 300px\" \/><\/p>\n<p>&nbsp;<\/p>\n","protected":false},"excerpt":{"rendered":"<p>Alcohol et\u00edlico desnturalizado 95\u00b0 Reutter<\/p>\n<p>un Litro<\/p>\n<p>Efectivo para exterminar bacterias y microorganismos.<br \/>\nSe trata de la \u00faltima novedad en alcohol desinfectante: un potente microbacterial para proporcionar limpieza y tranquilidad.<\/p>\n<p>Puede ser aplicado directamente en cualquier superficie, sin causar da\u00f1o sobre la zona.<\/p>\n<p>&nbsp;<\/p>\n","protected":false},"featured_media":4105,"comment_status":"open","ping_status":"closed","template":"","meta":{"_acf_changed":false},"product_brand":[1109],"product_cat":[36,397],"product_tag":[],"class_list":{"0":"post-4103","1":"product","2":"type-product","3":"status-publish","4":"has-post-thumbnail","6":"product_brand-reutter","7":"product_cat-tratamiento-de-herida","8":"product_cat-alcohol","9":"product_shipping_class-pequeno","11":"first","12":"instock","13":"shipping-taxable","14":"purchasable","15":"product-type-simple"},"acf":[],"_links":{"self":[{"href":"https:\/\/deltamed.cl\/tienda\/wp-json\/wp\/v2\/product\/4103","targetHints":{"allow":["GET"]}}],"collection":[{"href":"https:\/\/deltamed.cl\/tienda\/wp-json\/wp\/v2\/product"}],"about":[{"href":"https:\/\/deltamed.cl\/tienda\/wp-json\/wp\/v2\/types\/product"}],"replies":[{"embeddable":true,"href":"https:\/\/deltamed.cl\/tienda\/wp-json\/wp\/v2\/comments?post=4103"}],"version-history":[{"count":4,"href":"https:\/\/deltamed.cl\/tienda\/wp-json\/wp\/v2\/product\/4103\/revisions"}],"predecessor-version":[{"id":8006,"href":"https:\/\/deltamed.cl\/tienda\/wp-json\/wp\/v2\/product\/4103\/revisions\/8006"}],"wp:featuredmedia":[{"embeddable":true,"href":"https:\/\/deltamed.cl\/tienda\/wp-json\/wp\/v2\/media\/4105"}],"wp:attachment":[{"href":"https:\/\/deltamed.cl\/tienda\/wp-json\/wp\/v2\/media?parent=4103"}],"wp:term":[{"taxonomy":"product_brand","embeddable":true,"href":"https:\/\/deltamed.cl\/tienda\/wp-json\/wp\/v2\/product_brand?post=4103"},{"taxonomy":"product_cat","embeddable":true,"href":"https:\/\/deltamed.cl\/tienda\/wp-json\/wp\/v2\/product_cat?post=4103"},{"taxonomy":"product_tag","embeddable":true,"href":"https:\/\/deltamed.cl\/tienda\/wp-json\/wp\/v2\/product_tag?post=4103"}],"curies":[{"name":"wp","href":"https:\/\/api.w.org\/{rel}","templated":true}]}}