{"id":4100,"date":"2022-06-10T12:53:33","date_gmt":"2022-06-10T15:53:33","guid":{"rendered":"https:\/\/deltamed.cl\/tienda\/?post_type=product&#038;p=4100"},"modified":"2026-04-01T16:22:42","modified_gmt":"2026-04-01T19:22:42","slug":"alcohol-etilico-desnaturalizado-70-reutter","status":"publish","type":"product","link":"https:\/\/deltamed.cl\/tienda\/producto\/alcohol-etilico-desnaturalizado-70-reutter\/","title":{"rendered":"Alcohol et\u00edlico desnaturalizado 70\u00b0 Reutter"},"content":{"rendered":"<p>Alcohol et\u00edlico desnaturalizado 70\u00b0\u00a0 Reutter<br \/>\n<strong>1 Litro<\/strong><\/p>\n<p>El alcohol al 70% es un compuesto qu\u00edmico usado como antis\u00e9ptico en la piel sana para inhibir o detener el crecimiento de microorganismo de manera temporal mientras se realiza un procedimiento invasivo. El alcohol al 70% es un r\u00e1pido bactericida, tuberculicida, funguicida y virucida.<\/p>\n<p>&#8211; Es el antis\u00e9ptico de mayor impacto en la reducci\u00f3n bacteriana.<br \/>\n&#8211; Su acci\u00f3n antimicrobiana es por desnaturalizaci\u00f3n de prote\u00ednas.<br \/>\n&#8211; Tiene un amplio espectro de acci\u00f3n incluye virus, bacterias y hongos. No tiene acci\u00f3n contra esporas.<br \/>\n&#8211; No es t\u00f3xico.<br \/>\n&#8211; Es inflamable.<br \/>\n&#8211; Efecto m\u00e1ximo precoz (10 segundos). Su acci\u00f3n se mantiene mientras el alcohol este en contacto con la piel, una vez<br \/>\nevaporado no tiene acci\u00f3n residual.<br \/>\n&#8211; El alcohol al 70% es usado para desinfectar superficies y art\u00edculos m\u00e9dicos, tales como term\u00f3metros, satur\u00f3metros, tapas<br \/>\nde goma, endovenosas, etc, por tanto tiene caracter\u00edstica de desinfectante.<br \/>\n&#8211; Su uso como desinfectante es a nivel intermedio.<br \/>\n&#8211; Su acci\u00f3n se inhibe en presencia de materia org\u00e1nica.<br \/>\n&#8211; El alcohol reseca la piel y provoca ardor en heridas abiertas.<br \/>\n&#8211; La concentraci\u00f3n el 70% es la que produce menor resequedad y menor dermatitis en la piel<\/p>\n<p>&nbsp;<\/p>\n<p><img decoding=\"async\" class=\"alignnone size-medium wp-image-8002\" src=\"https:\/\/deltamed.cl\/tienda\/wp-content\/uploads\/2022\/06\/Alcohol-etilico-desnaturalizado-70\u00b0-Reutter-128x300.png\" alt=\"\" width=\"128\" height=\"300\" title=\"\" srcset=\"https:\/\/deltamed.cl\/tienda\/wp-content\/uploads\/2022\/06\/Alcohol-etilico-desnaturalizado-70\u00b0-Reutter-128x300.png 128w, https:\/\/deltamed.cl\/tienda\/wp-content\/uploads\/2022\/06\/Alcohol-etilico-desnaturalizado-70\u00b0-Reutter.png 341w\" sizes=\"(max-width: 128px) 100vw, 128px\" \/><\/p>\n","protected":false},"excerpt":{"rendered":"<p>Alcohol et\u00edlico desnaturalizado 70\u00b0\u00a0 Reutter<\/p>\n<p><strong>1 Litro<\/strong><\/p>\n<p>El alcohol al 70% es un compuesto qu\u00edmico usado como antis\u00e9ptico en la piel sana para inhibir o detener el crecimiento de microorganismo de manera temporal mientras se realiza un procedimiento invasivo. El alcohol al 70% es un r\u00e1pido bactericida, tuberculicida, funguicida y virucida.<\/p>\n<p>&#8211; Es el antis\u00e9ptico de mayor impacto en la reducci\u00f3n bacteriana.<br \/>\n&#8211; Su acci\u00f3n antimicrobiana es por desnaturalizaci\u00f3n de prote\u00ednas.<br \/>\n&#8211; Tiene un amplio espectro de acci\u00f3n incluye virus, bacterias y hongos. No tiene acci\u00f3n contra esporas.<br \/>\n&#8211; No es t\u00f3xico.<br \/>\n&#8211; Es inflamable.<\/p>\n","protected":false},"featured_media":4102,"comment_status":"open","ping_status":"closed","template":"","meta":{"_acf_changed":false},"product_brand":[1109],"product_cat":[36,397],"product_tag":[],"class_list":{"0":"post-4100","1":"product","2":"type-product","3":"status-publish","4":"has-post-thumbnail","6":"product_brand-reutter","7":"product_cat-tratamiento-de-herida","8":"product_cat-alcohol","9":"product_shipping_class-pequeno","11":"first","12":"outofstock","13":"shipping-taxable","14":"purchasable","15":"product-type-simple"},"acf":[],"_links":{"self":[{"href":"https:\/\/deltamed.cl\/tienda\/wp-json\/wp\/v2\/product\/4100","targetHints":{"allow":["GET"]}}],"collection":[{"href":"https:\/\/deltamed.cl\/tienda\/wp-json\/wp\/v2\/product"}],"about":[{"href":"https:\/\/deltamed.cl\/tienda\/wp-json\/wp\/v2\/types\/product"}],"replies":[{"embeddable":true,"href":"https:\/\/deltamed.cl\/tienda\/wp-json\/wp\/v2\/comments?post=4100"}],"version-history":[{"count":4,"href":"https:\/\/deltamed.cl\/tienda\/wp-json\/wp\/v2\/product\/4100\/revisions"}],"predecessor-version":[{"id":12440,"href":"https:\/\/deltamed.cl\/tienda\/wp-json\/wp\/v2\/product\/4100\/revisions\/12440"}],"wp:featuredmedia":[{"embeddable":true,"href":"https:\/\/deltamed.cl\/tienda\/wp-json\/wp\/v2\/media\/4102"}],"wp:attachment":[{"href":"https:\/\/deltamed.cl\/tienda\/wp-json\/wp\/v2\/media?parent=4100"}],"wp:term":[{"taxonomy":"product_brand","embeddable":true,"href":"https:\/\/deltamed.cl\/tienda\/wp-json\/wp\/v2\/product_brand?post=4100"},{"taxonomy":"product_cat","embeddable":true,"href":"https:\/\/deltamed.cl\/tienda\/wp-json\/wp\/v2\/product_cat?post=4100"},{"taxonomy":"product_tag","embeddable":true,"href":"https:\/\/deltamed.cl\/tienda\/wp-json\/wp\/v2\/product_tag?post=4100"}],"curies":[{"name":"wp","href":"https:\/\/api.w.org\/{rel}","templated":true}]}}