{"id":4072,"date":"2022-06-07T14:03:42","date_gmt":"2022-06-07T17:03:42","guid":{"rendered":"https:\/\/deltamed.cl\/tienda\/?post_type=product&#038;p=4072"},"modified":"2026-02-27T13:30:41","modified_gmt":"2026-02-27T16:30:41","slug":"balanza-digital-con-analizador-de-fitness-premium-omron-hbf514","status":"publish","type":"product","link":"https:\/\/deltamed.cl\/tienda\/producto\/balanza-digital-con-analizador-de-fitness-premium-omron-hbf514\/","title":{"rendered":"Balanza digital con analizador de fitness premium Omron HBF514"},"content":{"rendered":"<p>Balanza digital con analizador de fitness premium Omron HBF514<\/p>\n<p class=\"rtecenter\"><strong>SENSOR DE CUERPO COMPLETO EN SU HOGAR BALANZA OMRON 514<\/strong><\/p>\n<p class=\"rtecenter\">El Sensor de Cuerpo Completo provee una medici\u00f3n mas precisa con la tecnolog\u00eda de bioimpedancia y mejor ayudarlo a alcanzar sus metas de condici\u00f3n f\u00edsica.<\/p>\n<p>La balanza con Sensor de Cuerpo Completo te brinda la medici\u00f3n de par\u00e1metros corporales m\u00e1s precisa, ya que cuenta con 7 indicadores de par\u00e1metros corporales. Ademas, tiene una funci\u00f3n de evaluaci\u00f3n que te ayuda a comprender el nivel de los resultados (bajo, normal, elevado, muy elevado), y brinda memorias de previos resultados (1-7-30-90 d\u00edas). Adicionalmente, guarda hasta 4 perfiles (4 usuarios diferentes).<\/p>\n<p><strong><u>CARACTERISTICAS:<\/u><\/strong><\/p>\n<p><strong>\u00cdndice de masa corporal<\/strong>: Muestra la proporci\u00f3n peso\/altura para que los usuarios comprendan mejor su peso ideal.<\/p>\n<p><strong>Grasa corporal:<\/strong>\u00a0Es la grasa que se acumula a modo de reserva energ\u00e9tica. Monitorearla ayuda a alcanzar un cuerpo saludable.<\/p>\n<p><strong>Grasa visceral<\/strong>: Es la grasa que rodea los \u00f3rganos vitales. Monitorearla permite disminuir el riesgo de colesterol alto, enfermedades card\u00edacas y diabetes tipo 2.<\/p>\n<p><strong>M\u00fasculo esquel\u00e9tico<\/strong>: Es el conjunto de m\u00fasculos unidos al esqueleto. Incrementando m\u00fasculo esquel\u00e9tico, se queman m\u00e1s calor\u00edas y se minimiza el aumento de peso por efecto rebote.<\/p>\n<p><strong>4 perfiles de usuario + Invitado:\u00a0<\/strong>Guarda los datos del 4 perfiles principales y el de 1 usuario invitado.<\/p>\n<p><strong>Edad corporal:<\/strong>\u00a0Se calcula en base al peso, grasa corporal y m\u00fasculo esquel\u00e9tico. Permite hacer una comparaci\u00f3n con la edad real del usuario.<\/p>\n<p><strong>Metabolismo basal:<\/strong>\u00a0Nivel m\u00ednimo de ingesta de calor\u00edas requerido para mantener las funciones corporales diarias.<\/p>\n<p>La balanza debe ser usada en un piso nivelado para su correcta calibracion, ademas de realizar las mediciones con las mismas condiciones diariamente aumenta la presion de los resultados.<\/p>\n<div><u>ELEMENTOS INCLUIDOS:<\/u><\/div>\n<ul>\n<li>4 pilas AA<\/li>\n<li>Manual en espa\u00f1ol<\/li>\n<\/ul>\n<p><img fetchpriority=\"high\" decoding=\"async\" class=\"alignnone size-medium wp-image-8008\" src=\"https:\/\/deltamed.cl\/tienda\/wp-content\/uploads\/2022\/06\/Balanza-digital-con-analizador-de-fitness-premium-Omron-HBF514-232x300.jpg\" alt=\"\" width=\"232\" height=\"300\" title=\"\" srcset=\"https:\/\/deltamed.cl\/tienda\/wp-content\/uploads\/2022\/06\/Balanza-digital-con-analizador-de-fitness-premium-Omron-HBF514-232x300.jpg 232w, https:\/\/deltamed.cl\/tienda\/wp-content\/uploads\/2022\/06\/Balanza-digital-con-analizador-de-fitness-premium-Omron-HBF514-792x1024.jpg 792w, https:\/\/deltamed.cl\/tienda\/wp-content\/uploads\/2022\/06\/Balanza-digital-con-analizador-de-fitness-premium-Omron-HBF514-768x993.jpg 768w, https:\/\/deltamed.cl\/tienda\/wp-content\/uploads\/2022\/06\/Balanza-digital-con-analizador-de-fitness-premium-Omron-HBF514-600x776.jpg 600w, https:\/\/deltamed.cl\/tienda\/wp-content\/uploads\/2022\/06\/Balanza-digital-con-analizador-de-fitness-premium-Omron-HBF514.jpg 1100w\" sizes=\"(max-width: 232px) 100vw, 232px\" \/><\/p>\n","protected":false},"excerpt":{"rendered":"<p>Balanza digital con analizador de fitness premium Omron HBF514<\/p>\n<p class=\"rtecenter\"><strong>SENSOR DE CUERPO COMPLETO EN SU HOGAR BALANZA OMRON 514<\/strong><\/p>\n<p class=\"rtecenter\">El Sensor de Cuerpo Completo provee una medici\u00f3n mas precisa con la tecnolog\u00eda de bioimpedancia y mejor ayudarlo a alcanzar sus metas de condici\u00f3n f\u00edsica.<\/p>\n<p>La balanza con Sensor de Cuerpo Completo te brinda la medici\u00f3n de par\u00e1metros corporales m\u00e1s precisa, ya que cuenta con 7 indicadores de par\u00e1metros corporales. Ademas, tiene una funci\u00f3n de evaluaci\u00f3n que te ayuda a comprender el nivel de los resultados (bajo, normal, elevado, muy elevado), y brinda memorias de previos resultados (1-7-30-90 d\u00edas). Adicionalmente, guarda hasta 4 perfiles (4 usuarios diferentes).<\/p>\n","protected":false},"featured_media":4074,"comment_status":"open","ping_status":"closed","template":"","meta":{"_acf_changed":false},"product_brand":[1096],"product_cat":[15,357],"product_tag":[],"class_list":{"0":"post-4072","1":"product","2":"type-product","3":"status-publish","4":"has-post-thumbnail","6":"product_brand-omron","7":"product_cat-medicion-y-diagnostico","8":"product_cat-balanzas","9":"product_shipping_class-pequeno","11":"first","12":"instock","13":"shipping-taxable","14":"purchasable","15":"product-type-simple"},"acf":[],"_links":{"self":[{"href":"https:\/\/deltamed.cl\/tienda\/wp-json\/wp\/v2\/product\/4072","targetHints":{"allow":["GET"]}}],"collection":[{"href":"https:\/\/deltamed.cl\/tienda\/wp-json\/wp\/v2\/product"}],"about":[{"href":"https:\/\/deltamed.cl\/tienda\/wp-json\/wp\/v2\/types\/product"}],"replies":[{"embeddable":true,"href":"https:\/\/deltamed.cl\/tienda\/wp-json\/wp\/v2\/comments?post=4072"}],"version-history":[{"count":2,"href":"https:\/\/deltamed.cl\/tienda\/wp-json\/wp\/v2\/product\/4072\/revisions"}],"predecessor-version":[{"id":8009,"href":"https:\/\/deltamed.cl\/tienda\/wp-json\/wp\/v2\/product\/4072\/revisions\/8009"}],"wp:featuredmedia":[{"embeddable":true,"href":"https:\/\/deltamed.cl\/tienda\/wp-json\/wp\/v2\/media\/4074"}],"wp:attachment":[{"href":"https:\/\/deltamed.cl\/tienda\/wp-json\/wp\/v2\/media?parent=4072"}],"wp:term":[{"taxonomy":"product_brand","embeddable":true,"href":"https:\/\/deltamed.cl\/tienda\/wp-json\/wp\/v2\/product_brand?post=4072"},{"taxonomy":"product_cat","embeddable":true,"href":"https:\/\/deltamed.cl\/tienda\/wp-json\/wp\/v2\/product_cat?post=4072"},{"taxonomy":"product_tag","embeddable":true,"href":"https:\/\/deltamed.cl\/tienda\/wp-json\/wp\/v2\/product_tag?post=4072"}],"curies":[{"name":"wp","href":"https:\/\/api.w.org\/{rel}","templated":true}]}}