{"id":4048,"date":"2022-06-02T16:54:19","date_gmt":"2022-06-02T19:54:19","guid":{"rendered":"https:\/\/deltamed.cl\/tienda\/?post_type=product&#038;p=4048"},"modified":"2026-02-27T07:16:20","modified_gmt":"2026-02-27T10:16:20","slug":"lamina-para-cicatrices-rystora","status":"publish","type":"product","link":"https:\/\/deltamed.cl\/tienda\/producto\/lamina-para-cicatrices-rystora\/","title":{"rendered":"Lamina para cicatrices Rystora"},"content":{"rendered":"<h2><strong>Lamina para cicatrices\u00a0 Rystora<\/strong><\/h2>\n<h2><strong>4cm x 25cm<\/strong><\/h2>\n<p><strong>L\u00e1mina de silicona grado m\u00e9dico para el tratamiento de heridas, reduciendo el queloide y minimizando el tiempo de restauraci\u00f3n de la piel<\/strong><\/p>\n<ul>\n<li>Una unidad x caja<\/li>\n<li>Efectivo y r\u00e1pido restablecimiento de la piel<\/li>\n<li>Minimiza irritaci\u00f3n y mantiene la piel h\u00fameda<\/li>\n<li>Reutilizable al menos 7 d\u00edas, lavable<\/li>\n<li>Flexible y f\u00e1cil de aplicar, puede aplicarse en articulaciones<\/li>\n<li>Recortable<\/li>\n<\/ul>\n<ul>\n<li>Prevenci\u00f3n de la hiperplasia cicatricial despu\u00e9s de la operaci\u00f3n<\/li>\n<li>Cl\u00ednicamente probado para reducir el tama\u00f1o y la decoloraci\u00f3n de las cicatrices.<\/li>\n<li>La tecnolog\u00eda de microporos patentada no causa irritaci\u00f3n ni molestias en la piel.<\/li>\n<li>reutilizable y lavable.<\/li>\n<li>Valor por 1 lamina.<\/li>\n<\/ul>\n<p>La l\u00e1mina para cicatrices es una l\u00e1mina de silicona de grado m\u00e9dico que se aplica en la piel cuando la herida esta cerrada, permitiendo un tratamiento seguro, eficaz y reutilizable, incluidas las articulaciones dada su alta elasticidad.<\/p>\n<p>Consigue r\u00e1pida mejoras en el rejuvenecimiento de la piel tras una operaci\u00f3n, heridas peque\u00f1as y quemaduras, adem\u00e1s de reducir eficazmente el tama\u00f1o, la dureza, el picor y la decoloraci\u00f3n de cicatrices<\/p>\n<ul>\n<li>Es inodora e ins\u00edpida, impide el crecimiento bacteriano y no decolora la piel ni la ropa.<\/li>\n<li>Es fina, flexible, transpirable, imitando el comportamiento de tu piel. Por su elasticidad puede aplicarse en articulaciones como el codo y rodilla<\/li>\n<li>Se aplica f\u00e1cilmente y es indolora al retirarla<\/li>\n<li>Conserva la humedad de la piel, manteni\u00e9ndola suave y hace que se regenere mas r\u00e1pido<\/li>\n<li>Es lavable y puede reutilizarse por mas de 7 d\u00edas, siendo la m\u00e1s econ\u00f3mica en comparaci\u00f3n con otras para tratamiento de cicatrices a base de silicona<\/li>\n<\/ul>\n","protected":false},"excerpt":{"rendered":"<h2><strong>Lamina para cicatrices Rystora<\/strong><\/h2>\n<h2><strong>4cm x 25cm<\/strong><\/h2>\n<p><strong>L\u00e1mina de silicona grado m\u00e9dico para el tratamiento de heridas, reduciendo el queloide y minimizando el tiempo de restauraci\u00f3n de la piel<\/strong><\/p>\n<ul>\n<li>Una unidad x caja<\/li>\n<li>Efectivo y r\u00e1pido restablecimiento de la piel<\/li>\n<li>Minimiza irritaci\u00f3n y mantiene la piel h\u00fameda<\/li>\n<li>Reutilizable al menos 7 d\u00edas, lavable<\/li>\n<li>Flexible y f\u00e1cil de aplicar, puede aplicarse en articulaciones<\/li>\n<li>Recortable<\/li>\n<\/ul>\n","protected":false},"featured_media":4050,"comment_status":"open","ping_status":"closed","template":"","meta":{"_acf_changed":false},"product_brand":[],"product_cat":[36,432],"product_tag":[],"class_list":{"0":"post-4048","1":"product","2":"type-product","3":"status-publish","4":"has-post-thumbnail","6":"product_cat-tratamiento-de-herida","7":"product_cat-otros-tratamiento-de-herida","8":"product_shipping_class-pequeno","10":"first","11":"outofstock","12":"shipping-taxable","13":"purchasable","14":"product-type-simple"},"acf":[],"_links":{"self":[{"href":"https:\/\/deltamed.cl\/tienda\/wp-json\/wp\/v2\/product\/4048","targetHints":{"allow":["GET"]}}],"collection":[{"href":"https:\/\/deltamed.cl\/tienda\/wp-json\/wp\/v2\/product"}],"about":[{"href":"https:\/\/deltamed.cl\/tienda\/wp-json\/wp\/v2\/types\/product"}],"replies":[{"embeddable":true,"href":"https:\/\/deltamed.cl\/tienda\/wp-json\/wp\/v2\/comments?post=4048"}],"version-history":[{"count":3,"href":"https:\/\/deltamed.cl\/tienda\/wp-json\/wp\/v2\/product\/4048\/revisions"}],"predecessor-version":[{"id":8012,"href":"https:\/\/deltamed.cl\/tienda\/wp-json\/wp\/v2\/product\/4048\/revisions\/8012"}],"wp:featuredmedia":[{"embeddable":true,"href":"https:\/\/deltamed.cl\/tienda\/wp-json\/wp\/v2\/media\/4050"}],"wp:attachment":[{"href":"https:\/\/deltamed.cl\/tienda\/wp-json\/wp\/v2\/media?parent=4048"}],"wp:term":[{"taxonomy":"product_brand","embeddable":true,"href":"https:\/\/deltamed.cl\/tienda\/wp-json\/wp\/v2\/product_brand?post=4048"},{"taxonomy":"product_cat","embeddable":true,"href":"https:\/\/deltamed.cl\/tienda\/wp-json\/wp\/v2\/product_cat?post=4048"},{"taxonomy":"product_tag","embeddable":true,"href":"https:\/\/deltamed.cl\/tienda\/wp-json\/wp\/v2\/product_tag?post=4048"}],"curies":[{"name":"wp","href":"https:\/\/api.w.org\/{rel}","templated":true}]}}