{"id":4005,"date":"2022-05-24T16:25:29","date_gmt":"2022-05-24T19:25:29","guid":{"rendered":"https:\/\/deltamed.cl\/tienda\/?post_type=product&#038;p=4005"},"modified":"2026-03-03T09:17:22","modified_gmt":"2026-03-03T12:17:22","slug":"gel-conductor-250-cc-color-azul","status":"publish","type":"product","link":"https:\/\/deltamed.cl\/tienda\/producto\/gel-conductor-250-cc-color-azul\/","title":{"rendered":"Gel Conductor 250 cc color Azul"},"content":{"rendered":"<p>Gel Conductor 250 cc color Azul<\/p>\n<p>El gel conductor\u00a0<b>es un factor que influye de manera significativa en la calidad de la imagen en una ecograf\u00eda<\/b>.<\/p>\n<p>El objetivo que tiene este, es facilitar la transmisi\u00f3n del ultrasonido a trav\u00e9s de la piel en el proceso de interacci\u00f3n de la superficie del transductor y los planos subcut\u00e1neos.<\/p>\n<p>DIECO-GEL es un\u00a0<b>gel conductor hipoalerg\u00e9nico\u00a0<\/b>, de color celeste claro, dise\u00f1ado para que la sonda o transductor se deslice con facilidad y suavidad sobre la piel en el momento de realizar la ecograf\u00eda.<br \/>\nNo irrita la piel. DIECO-GEL gracias a sus materias primas de primera calidad ayudar a la transmisi\u00f3n de las ondas sonoras y permite desplazamiento del transductor sobre el \u00e1rea en estudio. No mancha la ropa, es soluble en agua, no contiene sal y no deja residuos. Medio de contacto Eco-sonico.<\/p>\n<p>Gel conductor Dieco Gel, de Difem Pharma 250cc .<br \/>\n\u2022 Brinda una excelente conducci\u00f3n ecos\u00f3nica.<br \/>\n\u2022 Celeste, transparente o verde, seg\u00fan stock. Consulta antes de comprar.<br \/>\n\u2022 Usado en fisioterapia, ginecolog\u00eda, obstetricia, diagn\u00f3stico abdominal y vascular.<br \/>\n\u2022 \u00dasese tambi\u00e9n en electrodos de m\u00e1quinas de terapias digital (tens) y otras.<br \/>\n\u2022 No irrita la piel, no mancha la ropa, es soluble en agua, no contiene sal ni elementos grasos y no deja residuos.<br \/>\n\u2022 Uso Cl\u00ednico \u2013 Hospitalario &#8211; Particular \u2013 Profesionales y Estudiantes de Salud.<br \/>\n\u2022 Biodegradable.<br \/>\n\u2022 Incluye 1 frasco de 250 cc.<br \/>\n\u2022 Producto certificado.<\/p>\n","protected":false},"excerpt":{"rendered":"<p>Gel Conductor 250 cc color Azul<\/p>\n<p>El gel conductor\u00a0<b>es un factor que influye de manera significativa en la calidad de la imagen en una ecograf\u00eda<\/b>.<\/p>\n<p>El objetivo que tiene este, es facilitar la transmisi\u00f3n del ultrasonido a trav\u00e9s de la piel en el proceso de interacci\u00f3n de la superficie del transductor y los planos subcut\u00e1neos.<\/p>\n<p>DIECO-GEL es un\u00a0<b>gel conductor hipoalerg\u00e9nico\u00a0<\/b>, de color celeste claro, dise\u00f1ado para que la sonda o transductor se deslice con facilidad y suavidad sobre la piel en el momento de realizar la ecograf\u00eda.<br \/>\nNo irrita la piel. DIECO-GEL gracias a sus materias primas de primera calidad ayudar a la transmisi\u00f3n de las ondas sonoras y permite desplazamiento del transductor sobre el \u00e1rea en estudio. No mancha la ropa, es soluble en agua, no contiene sal y no deja residuos. Medio de contacto Eco-sonico.<\/p>\n<p>Gel conductor Dieco Gel, de Difem Pharma 250cc .<\/p>\n","protected":false},"featured_media":4006,"comment_status":"open","ping_status":"closed","template":"","meta":{"_acf_changed":false},"product_brand":[1104],"product_cat":[94,37,386],"product_tag":[95,60],"class_list":{"0":"post-4005","1":"product","2":"type-product","3":"status-publish","4":"has-post-thumbnail","6":"product_brand-difempharma","7":"product_cat-insumos-desechables","8":"product_cat-kinesiologia","9":"product_cat-gerlconductor","10":"product_tag-ecografia","11":"product_tag-gel","12":"product_shipping_class-pequeno","14":"first","15":"outofstock","16":"shipping-taxable","17":"purchasable","18":"product-type-simple"},"acf":[],"_links":{"self":[{"href":"https:\/\/deltamed.cl\/tienda\/wp-json\/wp\/v2\/product\/4005","targetHints":{"allow":["GET"]}}],"collection":[{"href":"https:\/\/deltamed.cl\/tienda\/wp-json\/wp\/v2\/product"}],"about":[{"href":"https:\/\/deltamed.cl\/tienda\/wp-json\/wp\/v2\/types\/product"}],"replies":[{"embeddable":true,"href":"https:\/\/deltamed.cl\/tienda\/wp-json\/wp\/v2\/comments?post=4005"}],"version-history":[{"count":1,"href":"https:\/\/deltamed.cl\/tienda\/wp-json\/wp\/v2\/product\/4005\/revisions"}],"predecessor-version":[{"id":9848,"href":"https:\/\/deltamed.cl\/tienda\/wp-json\/wp\/v2\/product\/4005\/revisions\/9848"}],"wp:featuredmedia":[{"embeddable":true,"href":"https:\/\/deltamed.cl\/tienda\/wp-json\/wp\/v2\/media\/4006"}],"wp:attachment":[{"href":"https:\/\/deltamed.cl\/tienda\/wp-json\/wp\/v2\/media?parent=4005"}],"wp:term":[{"taxonomy":"product_brand","embeddable":true,"href":"https:\/\/deltamed.cl\/tienda\/wp-json\/wp\/v2\/product_brand?post=4005"},{"taxonomy":"product_cat","embeddable":true,"href":"https:\/\/deltamed.cl\/tienda\/wp-json\/wp\/v2\/product_cat?post=4005"},{"taxonomy":"product_tag","embeddable":true,"href":"https:\/\/deltamed.cl\/tienda\/wp-json\/wp\/v2\/product_tag?post=4005"}],"curies":[{"name":"wp","href":"https:\/\/api.w.org\/{rel}","templated":true}]}}