{"id":3914,"date":"2022-05-10T15:46:54","date_gmt":"2022-05-10T18:46:54","guid":{"rendered":"https:\/\/deltamed.cl\/tienda\/?post_type=product&#038;p=3914"},"modified":"2026-03-25T21:44:11","modified_gmt":"2026-03-26T00:44:11","slug":"especulos-oticos-de-adulto-4-25mm-welch-allyn","status":"publish","type":"product","link":"https:\/\/deltamed.cl\/tienda\/producto\/especulos-oticos-de-adulto-4-25mm-welch-allyn\/","title":{"rendered":"Esp\u00e9culos \u00f3ticos de adulto 4.25mm Welch Allyn"},"content":{"rendered":"<p><strong>Esp\u00e9culos \u00f3ticos de adulto 4.25mm Welch Allyn (52434-UB)<\/strong><\/p>\n<p>*Bolsa de 34 unidades<\/p>\n<ul>\n<li>El especulo otoscopio desechable de 4,25 mm es un instrumento m\u00e9dico utilizado en la exploraci\u00f3n del o\u00eddo. Este producto, fabricado por Welch Allyn, es de un solo uso, lo que garantiza la higiene y evita la transmisi\u00f3n de infecciones entre pacientes. El especulo otoscopio desechable est\u00e1 dise\u00f1ado para adaptarse a los otoscopios est\u00e1ndar, lo que facilita su uso en consultorios m\u00e9dicos, hospitales y cl\u00ednicas.<br \/>\n<h2>Modo de empleo<\/h2>\n<p>Para utilizar el especulo otoscopio desechable, primero aseg\u00farese de que el otoscopio est\u00e9 limpio y en buen estado. Luego, retire el especulo desechable de su envoltorio est\u00e9ril y col\u00f3quelo en el extremo del otoscopio. Aseg\u00farese de que est\u00e9 bien ajustado para evitar fugas de luz. Una vez colocado, encienda el otoscopio y dirija la luz hacia el o\u00eddo del paciente. Inspeccione cuidadosamente el canal auditivo y el t\u00edmpano en busca de cualquier anomal\u00eda o signo de infecci\u00f3n. Despu\u00e9s de su uso, retire el especulo desechable y des\u00e9chelo de manera adecuada.<\/li>\n<\/ul>\n<p lang=\"es-419\" data-md=\"61\">\n<ul>\n<li>Seguros y c\u00f3modos<\/li>\n<li>Diametro de 4,25 mm.<\/li>\n<li>Son fabricados en pl\u00e1stico no t\u00f3xico<\/li>\n<li>Dise\u00f1ado\u00a0 para la visualizaci\u00f3n del canal auditivo externo y llegar un poco m\u00e1s all\u00e1 de la prominencia anterior en pacientes de mas de 10 a\u00f1os.<\/li>\n<\/ul>\n<p>&nbsp;<\/p>\n","protected":false},"excerpt":{"rendered":"<div class=\"wDYxhc\" lang=\"es-419\" data-md=\"61\">\n<div role=\"heading\" data-attrid=\"wa:\/description\" data-hveid=\"CBYQAA\">\n<p><strong>Esp\u00e9culos \u00f3ticos de adulto 4.25mm Welch Allyn (52434-UB)<\/strong><\/p>\n<p>*Bolsa de 34 unidades<\/p>\n<ul>\n<li>El especulo otoscopio desechable de 4,25 mm es un instrumento m\u00e9dico utilizado en la exploraci\u00f3n del o\u00eddo. Este producto, fabricado por Welch Allyn, es de un solo uso, lo que garantiza la higiene y evita la transmisi\u00f3n de infecciones entre pacientes. El especulo otoscopio desechable est\u00e1 dise\u00f1ado para adaptarse a los otoscopios est\u00e1ndar, lo que facilita su uso en consultorios m\u00e9dicos, hospitales y cl\u00ednicas.<\/li>\n<\/ul>\n<ul>\n<li>Seguros y c\u00f3modos<\/li>\n<li>Diametro de 4,25 mm.<\/li>\n<li>Son fabricados en pl\u00e1stico no t\u00f3xico<\/li>\n<li>Dise\u00f1ado\u00a0 para la visualizaci\u00f3n del canal auditivo externo y llegar un poco m\u00e1s all\u00e1 de la prominencia anterior en pacientes de mas de 10 a\u00f1os.<\/li>\n<\/ul>\n<p>&nbsp;<\/p>\n<\/div>\n<\/div>\n","protected":false},"featured_media":3916,"comment_status":"open","ping_status":"closed","template":"","meta":{"_acf_changed":false},"product_brand":[1110],"product_cat":[15,355],"product_tag":[78],"class_list":{"0":"post-3914","1":"product","2":"type-product","3":"status-publish","4":"has-post-thumbnail","6":"product_brand-welch-allyn","7":"product_cat-medicion-y-diagnostico","8":"product_cat-otoscopio-oftalmoscopio","9":"product_tag-otoscopio","10":"product_shipping_class-pequeno","12":"first","13":"instock","14":"shipping-taxable","15":"purchasable","16":"product-type-simple"},"acf":[],"_links":{"self":[{"href":"https:\/\/deltamed.cl\/tienda\/wp-json\/wp\/v2\/product\/3914","targetHints":{"allow":["GET"]}}],"collection":[{"href":"https:\/\/deltamed.cl\/tienda\/wp-json\/wp\/v2\/product"}],"about":[{"href":"https:\/\/deltamed.cl\/tienda\/wp-json\/wp\/v2\/types\/product"}],"replies":[{"embeddable":true,"href":"https:\/\/deltamed.cl\/tienda\/wp-json\/wp\/v2\/comments?post=3914"}],"version-history":[{"count":3,"href":"https:\/\/deltamed.cl\/tienda\/wp-json\/wp\/v2\/product\/3914\/revisions"}],"predecessor-version":[{"id":8025,"href":"https:\/\/deltamed.cl\/tienda\/wp-json\/wp\/v2\/product\/3914\/revisions\/8025"}],"wp:featuredmedia":[{"embeddable":true,"href":"https:\/\/deltamed.cl\/tienda\/wp-json\/wp\/v2\/media\/3916"}],"wp:attachment":[{"href":"https:\/\/deltamed.cl\/tienda\/wp-json\/wp\/v2\/media?parent=3914"}],"wp:term":[{"taxonomy":"product_brand","embeddable":true,"href":"https:\/\/deltamed.cl\/tienda\/wp-json\/wp\/v2\/product_brand?post=3914"},{"taxonomy":"product_cat","embeddable":true,"href":"https:\/\/deltamed.cl\/tienda\/wp-json\/wp\/v2\/product_cat?post=3914"},{"taxonomy":"product_tag","embeddable":true,"href":"https:\/\/deltamed.cl\/tienda\/wp-json\/wp\/v2\/product_tag?post=3914"}],"curies":[{"name":"wp","href":"https:\/\/api.w.org\/{rel}","templated":true}]}}