{"id":391,"date":"2020-12-14T17:52:40","date_gmt":"2020-12-14T20:52:40","guid":{"rendered":"https:\/\/deltamed.cl\/tienda\/?post_type=product&#038;p=391"},"modified":"2026-04-07T16:28:54","modified_gmt":"2026-04-07T19:28:54","slug":"suero-agua-bidestilada","status":"publish","type":"product","link":"https:\/\/deltamed.cl\/tienda\/producto\/suero-agua-bidestilada\/","title":{"rendered":"Suero agua bidestilada"},"content":{"rendered":"<p>Suero agua bidestilada<\/p>\n<p>Agua bidestilada (B Braun o Fresenius Kabi seg\u00fan disponibilidad).<br \/>\nSe utiliza principalmente como solvente para medicamentos de uso parenteral y para preparar soluciones hipoosmolares en el tratamiento de s\u00edndromes hiperosmolares.<\/p>\n<p><strong>Presentaci\u00f3n:<\/strong><br \/>\nL\u00edquido en envase de 500 ml y 1000 ml, utilizado como diluyente para inyecciones.<\/p>\n<p><strong>Condiciones de Almacenamiento:<\/strong><br \/>\nAlmacenar a no m\u00e1s de 30\u00b0C.<br \/>\nMantener en un lugar seguro y fuera del alcance de los ni\u00f1os.<\/p>\n<p><strong>Advertencias de Uso:<\/strong><br \/>\nAjustar la isotonicidad con el soluto apropiado.<br \/>\nExiste riesgo de hem\u00f3lisis tras la perfusi\u00f3n de grandes vol\u00famenes, por lo que es necesario controlar regularmente el equilibrio i\u00f3nico.<\/p>\n<p><strong>Dosificaci\u00f3n:<\/strong><br \/>\nSe utiliza para preparar soluciones inyectables, la cantidad depender\u00e1 del medicamento.<\/p>\n<p><strong>Reacciones Adversas:<\/strong><br \/>\nHem\u00f3lisis.<br \/>\nLa naturaleza del medicamento a\u00f1adido puede determinar otros efectos adversos.<\/p>\n<p><strong>Contraindicaciones:<\/strong><br \/>\nNo debe administrarse de manera intravenosa en grandes vol\u00famenes, ya que puede ocasionar hipoosmolaridad y hem\u00f3lisis.<\/p>\n<p><strong>Condici\u00f3n de Venta:<\/strong><br \/>\nVenta libre.<\/p>\n<p><strong>Caracter\u00edsticas F\u00edsico-Qu\u00edmicas:<\/strong><br \/>\nPeso molecular: 18.02 g<br \/>\nEstado f\u00edsico: L\u00edquido<br \/>\nColor: Incoloro<br \/>\nPunto de ebullici\u00f3n: 100\u00b0C<br \/>\nPunto de fusi\u00f3n: 0\u00b0C<br \/>\nPunto de destello: No inflamable<br \/>\nDensidad relativa: 1 g\/cm\u00b3<br \/>\nOlor: Inodoro<br \/>\nSabor: Ins\u00edpido<br \/>\npH: 6.85 &#8211; 6.94<br \/>\n\u00cdndice de refracci\u00f3n: Aprox. 1.3333<\/p>\n<p><strong>Proceso de Producci\u00f3n:<\/strong><br \/>\nDestilaci\u00f3n y deionizaci\u00f3n. Filtraci\u00f3n de micropart\u00edculas a trav\u00e9s de Silex.<\/p>\n<p><strong>Estabilidad y Reactividad:<\/strong><br \/>\nEstabilidad: Estable en condiciones normales.<br \/>\nMaterias a evitar: Ninguna.<\/p>\n<p><strong>Informaci\u00f3n Toxicol\u00f3gica:<\/strong><br \/>\nNo t\u00f3xico para las personas.<\/p>\n<p><strong>Informaci\u00f3n Ecol\u00f3gica:<\/strong><br \/>\nNo t\u00f3xico para el medio ambiente.<\/p>\n<p><strong>Eliminaci\u00f3n:<\/strong><br \/>\nPuede eliminarse sin adoptar medidas excepcionales.<\/p>\n","protected":false},"excerpt":{"rendered":"<p>Suero agua bidestilada<\/p>\n<p>B Braun o Fresenius Kabi seg\u00fan disponibilidad.<br \/>\nSe utiliza principalmente como solvente para medicamentos de uso parenteral y para preparar soluciones hipoosmolares en el tratamiento de s\u00edndromes hiperosmolares.<\/p>\n<p>Peso molecular: 18.02 gr<br \/>\nEstado f\u00edsico: L\u00edquido<br \/>\nColor: Incoloro<br \/>\nPunto de ebullici\u00f3n: 100\u00baC<br \/>\nPunto de fusi\u00f3n: 0\u00baC<br \/>\nPunto de destello: No inflamable Densidad relativa: 1g\/cm3<br \/>\nOlor: Inodoro<br \/>\nSabor: Ins\u00edpido<br \/>\nPh: 6.85 &#8211; 6.94<\/p>\n","protected":false},"featured_media":394,"comment_status":"open","ping_status":"closed","template":"","meta":{"_acf_changed":false},"product_brand":[1133],"product_cat":[94,455],"product_tag":[178,180],"class_list":{"0":"post-391","1":"product","2":"type-product","3":"status-publish","4":"has-post-thumbnail","6":"product_brand-b-braun","7":"product_cat-insumos-desechables","8":"product_cat-sueros","9":"product_tag-agua","10":"product_tag-bidestilada","11":"product_shipping_class-extra-pequeno","13":"first","14":"instock","15":"sale","16":"shipping-taxable","17":"purchasable","18":"product-type-variable"},"acf":[],"_links":{"self":[{"href":"https:\/\/deltamed.cl\/tienda\/wp-json\/wp\/v2\/product\/391","targetHints":{"allow":["GET"]}}],"collection":[{"href":"https:\/\/deltamed.cl\/tienda\/wp-json\/wp\/v2\/product"}],"about":[{"href":"https:\/\/deltamed.cl\/tienda\/wp-json\/wp\/v2\/types\/product"}],"replies":[{"embeddable":true,"href":"https:\/\/deltamed.cl\/tienda\/wp-json\/wp\/v2\/comments?post=391"}],"version-history":[{"count":3,"href":"https:\/\/deltamed.cl\/tienda\/wp-json\/wp\/v2\/product\/391\/revisions"}],"predecessor-version":[{"id":13345,"href":"https:\/\/deltamed.cl\/tienda\/wp-json\/wp\/v2\/product\/391\/revisions\/13345"}],"wp:featuredmedia":[{"embeddable":true,"href":"https:\/\/deltamed.cl\/tienda\/wp-json\/wp\/v2\/media\/394"}],"wp:attachment":[{"href":"https:\/\/deltamed.cl\/tienda\/wp-json\/wp\/v2\/media?parent=391"}],"wp:term":[{"taxonomy":"product_brand","embeddable":true,"href":"https:\/\/deltamed.cl\/tienda\/wp-json\/wp\/v2\/product_brand?post=391"},{"taxonomy":"product_cat","embeddable":true,"href":"https:\/\/deltamed.cl\/tienda\/wp-json\/wp\/v2\/product_cat?post=391"},{"taxonomy":"product_tag","embeddable":true,"href":"https:\/\/deltamed.cl\/tienda\/wp-json\/wp\/v2\/product_tag?post=391"}],"curies":[{"name":"wp","href":"https:\/\/api.w.org\/{rel}","templated":true}]}}