{"id":3814,"date":"2022-05-06T13:40:13","date_gmt":"2022-05-06T16:40:13","guid":{"rendered":"https:\/\/deltamed.cl\/tienda\/?post_type=product&#038;p=3814"},"modified":"2026-04-23T12:15:25","modified_gmt":"2026-04-23T15:15:25","slug":"aposito-adhesivo-transparente-6x7cm-cranberry","status":"publish","type":"product","link":"https:\/\/deltamed.cl\/tienda\/producto\/aposito-adhesivo-transparente-6x7cm-cranberry\/","title":{"rendered":"Ap\u00f3sito adhesivo transparente 6x7cm Cranberry"},"content":{"rendered":"<h2><strong>Ap\u00f3sito adhesivo transparente 6x7cm Cranberry<br \/>\n<\/strong><strong>caja x 100 <\/strong><\/h2>\n<p>El ap\u00f3sito transparente impermeable con adhesivo Cranberry\u00ae es suave e hipoalerg\u00e9nico. Protege heridas de agua, suciedad y microbios, permitiendo al mismo tiempo el paso de ox\u00edgeno a la piel, lo cual crea un ambiente ideal para una r\u00e1pida cicatrizaci\u00f3n. Dise\u00f1ado para aplicarlo directamente sobre heridas leves, si el uso de vendas o gasas.<\/p>\n<p>(AAAPTRA6)<\/p>\n<div>Ap\u00f3sito Adhesivo Transparente 6&#215;7 cm Pack 100 Und, Para uso en heridas planas con escaso exudado y sin infecci\u00f3n. Este ap\u00f3sito transparente impermeable con adhesivo es suave e hipoalerg\u00e9nico. Protege heridas de agua, suciedad y microbios, permitiendo al mismo tiempo el paso de ox\u00edgeno a la piel, lo cual crea un ambiente ideal para una r\u00e1pida cicatrizaci\u00f3n. Dise\u00f1ado para aplicarlo directamente sobre heridas leves, si el uso de vendas o gasas.<\/div>\n<div><\/div>\n<div>El ap\u00f3sito transparente con adhesivo es ideal para aplicar sobre raspaduras, ampollas o piel irritada, protegi\u00e9ndolas del agua y exposici\u00f3n a polvo y suciedad.<\/div>\n<div><\/div>\n<div><\/div>\n<div>El Pack de Ap\u00f3sito Adhesivo Transparente 6&#215;7 Contiene 100 Unidades.<\/div>\n<div><\/div>\n<div>Almacenamiento: En un lugar fresco y seco a temperatura entre 5\u00ba y 30\u00ba C.<\/div>\n<div><\/div>\n<div>\n<table class=\"jsx-428502957 specification-table\">\n<tbody class=\"jsx-428502957\">\n<tr class=\"jsx-428502957\">\n<td class=\"jsx-428502957 property-name\">Cantidad contenida en el empaque<\/td>\n<td class=\"jsx-428502957 property-value\">50<\/td>\n<\/tr>\n<tr class=\"jsx-428502957\">\n<td class=\"jsx-428502957 property-name\">Garant\u00eda del proveedor<\/td>\n<td class=\"jsx-428502957 property-value\">3 meses<\/td>\n<\/tr>\n<tr class=\"jsx-428502957\">\n<td class=\"jsx-428502957 property-name\">Unidad de medida<\/td>\n<td class=\"jsx-428502957 property-value\">Unidad<\/td>\n<\/tr>\n<tr class=\"jsx-428502957\">\n<td class=\"jsx-428502957 property-name\">Condicion del producto<\/td>\n<td class=\"jsx-428502957 property-value\">Nuevo<\/td>\n<\/tr>\n<tr class=\"jsx-428502957\">\n<td class=\"jsx-428502957 property-name\">Peso<\/td>\n<td class=\"jsx-428502957 property-value\">0.4<\/td>\n<\/tr>\n<tr class=\"jsx-428502957\">\n<td class=\"jsx-428502957 property-name\">Tipo de equipamiento m\u00e9dico<\/td>\n<td class=\"jsx-428502957 property-value\">Implementos quirurgicos<\/td>\n<\/tr>\n<tr class=\"jsx-428502957\">\n<td class=\"jsx-428502957 property-name\">Modelo<\/td>\n<td class=\"jsx-428502957 property-value\">6x7cm 100un<\/td>\n<\/tr>\n<tr class=\"jsx-428502957\">\n<td class=\"jsx-428502957 property-name\">Hecho en<\/td>\n<td class=\"jsx-428502957 property-value\">China<\/td>\n<\/tr>\n<tr class=\"jsx-428502957\">\n<td class=\"jsx-428502957 property-name\">Medida\/volumen<\/td>\n<td class=\"jsx-428502957 property-value\">1<\/td>\n<\/tr>\n<\/tbody>\n<\/table>\n<\/div>\n","protected":false},"excerpt":{"rendered":"<h2><strong>Ap\u00f3sito adhesivo transparente 6x7cm Cranberry<br \/>\n<\/strong><strong>caja x 100 <\/strong><\/h2>\n<p>El ap\u00f3sito transparente impermeable con adhesivo Cranberry\u00ae es suave e hipoalerg\u00e9nico. Protege heridas de agua, suciedad y microbios, permitiendo al mismo tiempo el paso de ox\u00edgeno a la piel, lo cual crea un ambiente ideal para una r\u00e1pida cicatrizaci\u00f3n. Dise\u00f1ado para aplicarlo directamente sobre heridas leves, si el uso de vendas o gasas.<\/p>\n<p>(AAAPTRA6)<\/p>\n<div>Ap\u00f3sito Adhesivo Transparente 6&#215;7 cm Pack 100 Und, Para uso en heridas planas con escaso exudado y sin infecci\u00f3n. Este ap\u00f3sito transparente impermeable con adhesivo es suave e hipoalerg\u00e9nico. Protege heridas de agua, suciedad y microbios, permitiendo al mismo tiempo el paso de ox\u00edgeno a la piel, lo cual crea un ambiente ideal para una r\u00e1pida cicatrizaci\u00f3n. Dise\u00f1ado para aplicarlo directamente sobre heridas leves, si el uso de vendas o gasas.<\/div>\n<div><\/div>\n<div>El ap\u00f3sito transparente con adhesivo es ideal para aplicar sobre raspaduras, ampollas o piel irritada, protegi\u00e9ndolas del agua y exposici\u00f3n a polvo y suciedad.<\/div>\n<div><\/div>\n<div><\/div>\n<div>El Pack de Ap\u00f3sito Adhesivo Transparente 6&#215;7 Contiene 100 Unidades.<\/div>\n","protected":false},"featured_media":3815,"comment_status":"open","ping_status":"closed","template":"","meta":{"_acf_changed":false},"product_brand":[1087],"product_cat":[94,371,36,395],"product_tag":[119],"class_list":{"0":"post-3814","1":"product","2":"type-product","3":"status-publish","4":"has-post-thumbnail","6":"product_brand-cranberry","7":"product_cat-insumos-desechables","8":"product_cat-apositos-gasas","9":"product_cat-tratamiento-de-herida","10":"product_cat-apositos","11":"product_tag-cranberry","12":"product_shipping_class-extra-pequeno","14":"first","15":"instock","16":"shipping-taxable","17":"purchasable","18":"product-type-simple"},"acf":[],"_links":{"self":[{"href":"https:\/\/deltamed.cl\/tienda\/wp-json\/wp\/v2\/product\/3814","targetHints":{"allow":["GET"]}}],"collection":[{"href":"https:\/\/deltamed.cl\/tienda\/wp-json\/wp\/v2\/product"}],"about":[{"href":"https:\/\/deltamed.cl\/tienda\/wp-json\/wp\/v2\/types\/product"}],"replies":[{"embeddable":true,"href":"https:\/\/deltamed.cl\/tienda\/wp-json\/wp\/v2\/comments?post=3814"}],"version-history":[{"count":3,"href":"https:\/\/deltamed.cl\/tienda\/wp-json\/wp\/v2\/product\/3814\/revisions"}],"predecessor-version":[{"id":11622,"href":"https:\/\/deltamed.cl\/tienda\/wp-json\/wp\/v2\/product\/3814\/revisions\/11622"}],"wp:featuredmedia":[{"embeddable":true,"href":"https:\/\/deltamed.cl\/tienda\/wp-json\/wp\/v2\/media\/3815"}],"wp:attachment":[{"href":"https:\/\/deltamed.cl\/tienda\/wp-json\/wp\/v2\/media?parent=3814"}],"wp:term":[{"taxonomy":"product_brand","embeddable":true,"href":"https:\/\/deltamed.cl\/tienda\/wp-json\/wp\/v2\/product_brand?post=3814"},{"taxonomy":"product_cat","embeddable":true,"href":"https:\/\/deltamed.cl\/tienda\/wp-json\/wp\/v2\/product_cat?post=3814"},{"taxonomy":"product_tag","embeddable":true,"href":"https:\/\/deltamed.cl\/tienda\/wp-json\/wp\/v2\/product_tag?post=3814"}],"curies":[{"name":"wp","href":"https:\/\/api.w.org\/{rel}","templated":true}]}}