{"id":375,"date":"2020-12-14T17:36:52","date_gmt":"2020-12-14T20:36:52","guid":{"rendered":"https:\/\/deltamed.cl\/tienda\/?post_type=product&#038;p=375"},"modified":"2026-04-17T15:57:38","modified_gmt":"2026-04-17T18:57:38","slug":"polvo-protector-stomahesive","status":"publish","type":"product","link":"https:\/\/deltamed.cl\/tienda\/producto\/polvo-protector-stomahesive\/","title":{"rendered":"Polvo protector Stomahesive"},"content":{"rendered":"<p>Polvo protector Stomahesive<\/p>\n<p>Polvo de hidrocoloide para tratamiento de piel irritada de la zona periestomal o piel por contacto con fluidos corrosivos, como corresponden a casos de dermatitis h\u00famedas.<\/p>\n<p>Constituido por gelatina, pectina, y carboximetilcelulosa s\u00f3dica. Polvo de hidrocoloide para tratamiento de dermatitis h\u00fameda, tales como periestomal y\/o asociada a incontinencia.<\/p>\n<p><strong>BENEFICIOS:<\/strong><br \/>\nLas sustancias naturales hidrocoloide del Polvo Stomahesive tiene la capacidad de absorber la humedad presente en la superficie de la piel excoriada o irritada, permitiendo la f\u00e1cil adhesi\u00f3n de la barrera protectora de piel.<br \/>\nLa tecnolog\u00eda del hidrocoloide ha demostrado tener una gran capacidad para regenerar el tejido da\u00f1ado.<\/p>\n<p><strong>RECOMENDACIONES DE USO:<\/strong><br \/>\nIndicado para rellenar, sellar y proteger la piel periestomal.<br \/>\nSe puede utilizar indiferenciadamente en los distintos sistemas colectores ConvaTec.<br \/>\nSe sugiere utilizar s\u00f3lo con productos y sistemas colectores ConvaTec.<br \/>\nNO aplicar sobre heridas abiertas o \u00falceras.<\/p>\n<p>COMPOSICI\u00d3N DEL PRODUCTO:<br \/>\nCarboximetilcelulosa s\u00f3dica, Pectina y Gelatina.<\/p>\n","protected":false},"excerpt":{"rendered":"<p>Polvo protector Stomahesive<\/p>\n<p>Polvo de hidrocoloide para tratamiento de piel irritada de la zona periestomal o piel por contacto con fluidos corrosivos, como corresponden a casos de dermatitis h\u00famedas. Constituido por gelatina, pectina, y carboximetilcelulosa s\u00f3dica. Polvo de hidrocoloide para tratamiento de dermatitis h\u00fameda, tales como periestomal y\/o asociada a incontinencia.<\/p>\n","protected":false},"featured_media":376,"comment_status":"open","ping_status":"closed","template":"","meta":{"_acf_changed":false},"product_brand":[1089],"product_cat":[403,36],"product_tag":[159,122,68,227,158],"class_list":{"0":"post-375","1":"product","2":"type-product","3":"status-publish","4":"has-post-thumbnail","6":"product_brand-convatec","7":"product_cat-polvo","8":"product_cat-tratamiento-de-herida","9":"product_tag-convatec","10":"product_tag-herida","11":"product_tag-ostomia","12":"product_tag-polvo","13":"product_tag-stomahesive","14":"product_shipping_class-extra-pequeno","16":"first","17":"instock","18":"shipping-taxable","19":"purchasable","20":"product-type-simple"},"acf":[],"_links":{"self":[{"href":"https:\/\/deltamed.cl\/tienda\/wp-json\/wp\/v2\/product\/375","targetHints":{"allow":["GET"]}}],"collection":[{"href":"https:\/\/deltamed.cl\/tienda\/wp-json\/wp\/v2\/product"}],"about":[{"href":"https:\/\/deltamed.cl\/tienda\/wp-json\/wp\/v2\/types\/product"}],"replies":[{"embeddable":true,"href":"https:\/\/deltamed.cl\/tienda\/wp-json\/wp\/v2\/comments?post=375"}],"version-history":[{"count":1,"href":"https:\/\/deltamed.cl\/tienda\/wp-json\/wp\/v2\/product\/375\/revisions"}],"predecessor-version":[{"id":8115,"href":"https:\/\/deltamed.cl\/tienda\/wp-json\/wp\/v2\/product\/375\/revisions\/8115"}],"wp:featuredmedia":[{"embeddable":true,"href":"https:\/\/deltamed.cl\/tienda\/wp-json\/wp\/v2\/media\/376"}],"wp:attachment":[{"href":"https:\/\/deltamed.cl\/tienda\/wp-json\/wp\/v2\/media?parent=375"}],"wp:term":[{"taxonomy":"product_brand","embeddable":true,"href":"https:\/\/deltamed.cl\/tienda\/wp-json\/wp\/v2\/product_brand?post=375"},{"taxonomy":"product_cat","embeddable":true,"href":"https:\/\/deltamed.cl\/tienda\/wp-json\/wp\/v2\/product_cat?post=375"},{"taxonomy":"product_tag","embeddable":true,"href":"https:\/\/deltamed.cl\/tienda\/wp-json\/wp\/v2\/product_tag?post=375"}],"curies":[{"name":"wp","href":"https:\/\/api.w.org\/{rel}","templated":true}]}}