{"id":373,"date":"2020-12-14T17:34:46","date_gmt":"2020-12-14T20:34:46","guid":{"rendered":"https:\/\/deltamed.cl\/tienda\/?post_type=product&#038;p=373"},"modified":"2026-04-19T21:33:13","modified_gmt":"2026-04-20T00:33:13","slug":"cavilon-spray-28ml","status":"publish","type":"product","link":"https:\/\/deltamed.cl\/tienda\/producto\/cavilon-spray-28ml\/","title":{"rendered":"Cavilon spray 28ml"},"content":{"rendered":"<p>Cavilon spray 28ml<\/p>\n<p>Pel\u00edcula protectora sin alcohol, que no produce ardor. Es l\u00edquida, transparente y transpirable. Forma una barrera de protecci\u00f3n contra adhesivos, humedad y fluidos corporales hasta por 72 horas.<br \/>\nLa Pel\u00edcula Protectora Sin Alcohol Cavilon\u00ae es un excepcional protector barrera para la piel, de larga duraci\u00f3n con amplio respaldo cient\u00edfico.<\/p>\n<p>Su mecanismo de acci\u00f3n se debe a su alta afinidad a la epidermis, gracias a la cual, forma una pel\u00edcula PROTECTORA que previene da\u00f1o de la piel producido por adhesivos, roce o fricci\u00f3n y humedad proveniente de fluidos corporales como orina, heces, saliva, exudado heridas, etc.<\/p>\n<p>La Pel\u00edcula Protectora Sin Alcohol Cavilon\u00ae tiene 4 componentes esenciales: &#8211; Terpol\u00edmero de acrilato: componente principal; material formador de pel\u00edcula. &#8211; Polifenilmetilsiloxano: plastificante. &#8211; Hexametidisiloxano y Issooctano: solvente a base de silicona no irritante y de r\u00e1pida evaporaci\u00f3n. Este producto no contiene principios activos que da\u00f1en la piel, es libre de l\u00e1tex y es esterilizado en rayos gamma<\/p>\n","protected":false},"excerpt":{"rendered":"<p>Cavilon spray 28ml<\/p>\n<p>Pel\u00edcula protectora sin alcohol, que no produce ardor. Es l\u00edquida, transparente y transpirable. Forma una barrera de protecci\u00f3n contra adhesivos, humedad y fluidos corporales hasta por 72 horas.<br \/>\nLa Pel\u00edcula Protectora Sin Alcohol Cavilon\u00ae es un excepcional protector barrera para la piel, de larga duraci\u00f3n con amplio respaldo cient\u00edfico.<\/p>\n","protected":false},"featured_media":374,"comment_status":"open","ping_status":"closed","template":"","meta":{"_acf_changed":false},"product_brand":[],"product_cat":[36],"product_tag":[120,108,226],"class_list":{"0":"post-373","1":"product","2":"type-product","3":"status-publish","4":"has-post-thumbnail","6":"product_cat-tratamiento-de-herida","7":"product_tag-cavilon","8":"product_tag-heridas","9":"product_tag-spray","10":"product_shipping_class-extra-pequeno","12":"first","13":"instock","14":"shipping-taxable","15":"purchasable","16":"product-type-simple"},"acf":[],"_links":{"self":[{"href":"https:\/\/deltamed.cl\/tienda\/wp-json\/wp\/v2\/product\/373","targetHints":{"allow":["GET"]}}],"collection":[{"href":"https:\/\/deltamed.cl\/tienda\/wp-json\/wp\/v2\/product"}],"about":[{"href":"https:\/\/deltamed.cl\/tienda\/wp-json\/wp\/v2\/types\/product"}],"replies":[{"embeddable":true,"href":"https:\/\/deltamed.cl\/tienda\/wp-json\/wp\/v2\/comments?post=373"}],"version-history":[{"count":2,"href":"https:\/\/deltamed.cl\/tienda\/wp-json\/wp\/v2\/product\/373\/revisions"}],"predecessor-version":[{"id":10266,"href":"https:\/\/deltamed.cl\/tienda\/wp-json\/wp\/v2\/product\/373\/revisions\/10266"}],"wp:featuredmedia":[{"embeddable":true,"href":"https:\/\/deltamed.cl\/tienda\/wp-json\/wp\/v2\/media\/374"}],"wp:attachment":[{"href":"https:\/\/deltamed.cl\/tienda\/wp-json\/wp\/v2\/media?parent=373"}],"wp:term":[{"taxonomy":"product_brand","embeddable":true,"href":"https:\/\/deltamed.cl\/tienda\/wp-json\/wp\/v2\/product_brand?post=373"},{"taxonomy":"product_cat","embeddable":true,"href":"https:\/\/deltamed.cl\/tienda\/wp-json\/wp\/v2\/product_cat?post=373"},{"taxonomy":"product_tag","embeddable":true,"href":"https:\/\/deltamed.cl\/tienda\/wp-json\/wp\/v2\/product_tag?post=373"}],"curies":[{"name":"wp","href":"https:\/\/api.w.org\/{rel}","templated":true}]}}