{"id":3725,"date":"2022-04-26T16:47:38","date_gmt":"2022-04-26T19:47:38","guid":{"rendered":"https:\/\/deltamed.cl\/tienda\/?post_type=product&#038;p=3725"},"modified":"2026-02-27T13:30:40","modified_gmt":"2026-02-27T16:30:40","slug":"inmovilizador-de-rodilla-universal-blunding","status":"publish","type":"product","link":"https:\/\/deltamed.cl\/tienda\/producto\/inmovilizador-de-rodilla-universal-blunding\/","title":{"rendered":"Inmovilizador de rodilla universal Blunding"},"content":{"rendered":"<p>Inmovilizador de rodilla universal Blunding<\/p>\n<p>Inmovilizador de rodilla, confeccionado en laminado de velour con interior de<br \/>\nalgod\u00f3n posee dos f\u00e9rulas de duraluminio anat\u00f3mico y dos f\u00e9rulas lisas de duraluminio removibles, m\u00e1s bandas el\u00e1sticas libres de l\u00e1tex, ajustable con cierre de contacto. Inmoviliza en extensi\u00f3n la rodilla.<\/p>\n<p>INDICADO PARA<\/p>\n<p>Tratamiento pre y post-quir\u00fargico de rodilla.<br \/>\nFracturas sin desplazamiento en la regi\u00f3n de la rodilla<\/p>\n<p>TALLAS Y MEDIDAS:<\/p>\n<p>Extra Small (XS):<br \/>\nContorno de muslo: 48 cm.<br \/>\nContorno de Tobillo: 32 cm.<br \/>\nLongitud del inmovilizador: 50 cm.<\/p>\n<p>Small (S):<br \/>\nContorno de muslo: 55 cm.<br \/>\nContorno de Tobillo: 35 cm.<br \/>\nLongitud del inmovilizador: 55 cm.<\/p>\n<p>Medium (M):<br \/>\nContorno de muslo: 60 cm.<br \/>\nContorno de Tobillo: 40 cm.<br \/>\nLongitud del inmovilizador: 58 cm.<\/p>\n<p>Large (L):<br \/>\nContorno de muslo: 65 cm.<br \/>\nContorno de Tobillo: 42 cm.<br \/>\nLongitud del inmovilizador: 63 cm.<\/p>\n<p>Extra Large (XL):<br \/>\nContorno de muslo: 71 cm.<br \/>\nContorno de Tobillo: 48 cm.<br \/>\nLongitud del inmovilizador: 63 cm.<\/p>\n<p>Color: Plata<\/p>\n<p>COMPOSICI\u00d3N:<\/p>\n<p>Cara Interna: 100% Algod\u00f3n<br \/>\nCara Externa: 100% Poli\u00e9ster<br \/>\nF\u00e9rulas: 100% Aluminio<br \/>\nBandas El\u00e1sticas: 73% Poli\u00e9ster \/ 21% Nylon \/ 6% Spandex<br \/>\nCierre de Contacto: 100% Nylon<\/p>\n<p>CERTIFICACI\u00d3N Y REGISTROS:<\/p>\n<p>Certificaci\u00f3n de Norma ISO-9001\/2008 Secci\u00f3n 8.2.3 N\u00ba CL13\/20100668<br \/>\nRegistro FDA N\u00ba 9104922<br \/>\nRegistro del Instituto Nacional de Salud P\u00fablica N\u00ba EDM 198\/14<\/p>\n<p>*Blunding recomienda utilizar este producto bajo prescripci\u00f3n m\u00e9dica.<\/p>\n","protected":false},"excerpt":{"rendered":"<p>Inmovilizador de rodilla universal\u00a0 Blunding<\/p>\n<p>Inmovilizador de rodilla, confeccionado en laminado de velour con interior de<br \/>\nalgod\u00f3n posee dos f\u00e9rulas de duraluminio anat\u00f3mico y dos f\u00e9rulas lisas de duraluminio removibles, m\u00e1s bandas el\u00e1sticas libres de l\u00e1tex, ajustable con cierre de contacto. Inmoviliza en extensi\u00f3n la rodilla.<\/p>\n<p>INDICADO PARA<\/p>\n<p>Tratamiento pre y post-quir\u00fargico de rodilla.<br \/>\nFracturas sin desplazamiento en la regi\u00f3n de la rodilla<\/p>\n","protected":false},"featured_media":3727,"comment_status":"open","ping_status":"closed","template":"","meta":{"_acf_changed":false},"product_brand":[1093],"product_cat":[37,235,422],"product_tag":[],"class_list":{"0":"post-3725","1":"product","2":"type-product","3":"status-publish","4":"has-post-thumbnail","6":"product_brand-blunding","7":"product_cat-kinesiologia","8":"product_cat-ortopedia","9":"product_cat-inmovilizadores","10":"product_shipping_class-pequeno","12":"first","13":"outofstock","14":"shipping-taxable","15":"purchasable","16":"product-type-simple"},"acf":[],"_links":{"self":[{"href":"https:\/\/deltamed.cl\/tienda\/wp-json\/wp\/v2\/product\/3725","targetHints":{"allow":["GET"]}}],"collection":[{"href":"https:\/\/deltamed.cl\/tienda\/wp-json\/wp\/v2\/product"}],"about":[{"href":"https:\/\/deltamed.cl\/tienda\/wp-json\/wp\/v2\/types\/product"}],"replies":[{"embeddable":true,"href":"https:\/\/deltamed.cl\/tienda\/wp-json\/wp\/v2\/comments?post=3725"}],"version-history":[{"count":2,"href":"https:\/\/deltamed.cl\/tienda\/wp-json\/wp\/v2\/product\/3725\/revisions"}],"predecessor-version":[{"id":8031,"href":"https:\/\/deltamed.cl\/tienda\/wp-json\/wp\/v2\/product\/3725\/revisions\/8031"}],"wp:featuredmedia":[{"embeddable":true,"href":"https:\/\/deltamed.cl\/tienda\/wp-json\/wp\/v2\/media\/3727"}],"wp:attachment":[{"href":"https:\/\/deltamed.cl\/tienda\/wp-json\/wp\/v2\/media?parent=3725"}],"wp:term":[{"taxonomy":"product_brand","embeddable":true,"href":"https:\/\/deltamed.cl\/tienda\/wp-json\/wp\/v2\/product_brand?post=3725"},{"taxonomy":"product_cat","embeddable":true,"href":"https:\/\/deltamed.cl\/tienda\/wp-json\/wp\/v2\/product_cat?post=3725"},{"taxonomy":"product_tag","embeddable":true,"href":"https:\/\/deltamed.cl\/tienda\/wp-json\/wp\/v2\/product_tag?post=3725"}],"curies":[{"name":"wp","href":"https:\/\/api.w.org\/{rel}","templated":true}]}}