{"id":3721,"date":"2022-04-26T13:54:35","date_gmt":"2022-04-26T16:54:35","guid":{"rendered":"https:\/\/deltamed.cl\/tienda\/?post_type=product&#038;p=3721"},"modified":"2026-02-27T14:06:20","modified_gmt":"2026-02-27T17:06:20","slug":"soporte-tendon-rotuliano-blunding","status":"publish","type":"product","link":"https:\/\/deltamed.cl\/tienda\/producto\/soporte-tendon-rotuliano-blunding\/","title":{"rendered":"Soporte tend\u00f3n rotuliano Blunding"},"content":{"rendered":"<p>Soporte para tend\u00f3n rotuliano sport universal Blunding \/ Soporte tend\u00f3n rotuliano Blunding<\/p>\n<p><strong>Soporte de tend\u00f3n rotuliano<\/strong>, confeccionado en Neopreno Respirable y en la parte interna de algod\u00f3n con relleno de goma EVA, ajustable con cierre de contacto. Talla \u00danica.<\/p>\n<div>\n<div class=\"dnXCYb\" tabindex=\"0\" role=\"button\" aria-controls=\"_aWmtZO7gJYP75OUP76ix8AI_41\" aria-expanded=\"true\" data-hveid=\"CE4QAQ\">\n<div class=\"JlqpRe\">\n<h2>Es una cinta provista con velcros, que presiona debajo de la r\u00f3tula, ejerciendo una fuerte presi\u00f3n sobre el tend\u00f3n rotuliano. El objetivo es disminuir la tensi\u00f3n generada en la zona, fruto del ejercicio deportivo.<\/h2>\n<p>El deportista que se ve afectado por esta dolencia, debe utilizar la cincha Patelar y ayudar con el reposo y colocaci\u00f3n de hielo despu\u00e9s del ejercicio, en la zona rotuliana.<\/p>\n<p>Es una cinta provista con velcros, que presiona debajo de la r\u00f3tula,\u00a0 ejerciendo una fuerte presi\u00f3n sobre el tend\u00f3n rotuliano. El objetivo es disminuir la tensi\u00f3n generada en la zona, fruto del ejercicio deportivo.<\/p>\n<p>Se recomienda un uso puntual, por ejemplo cuando queremos hacer una carrera larga o un entrenamiento semanal o un partido intenso, ya que si vamos siempre con la cincha, el tend\u00f3n puede volverse vago y dejar\u00eda de surtir efecto<\/p>\n<\/div>\n<\/div>\n<\/div>\n<p><strong>Composici\u00f3n:<\/strong><\/p>\n<p>Neopreno Respirable Cara Interna\u00a0: 82% SP Poli\u00e9ster \/ 18% 75D Poli\u00e9ster<br \/>\nNeopreno Respirable Cara Externa : 100% Nylon<br \/>\nRelleno : 100% Goma Eva<\/p>\n<p><strong>Se recomienda el uso de este producto para:<\/strong><\/p>\n<p>Dolor asociado con mal alineamiento patelo-femoral<br \/>\nTendinitis rotuliana<br \/>\n*Blunding recomienda utilizar este producto bajo prescripci\u00f3n m\u00e9dica.<\/p>\n<p>Co -MI045NEOG<\/p>\n","protected":false},"excerpt":{"rendered":"<p>Soporte para tend\u00f3n rotuliano sport universal Blunding \/ Soporte tend\u00f3n rotuliano Blunding<\/p>\n<p><strong>Soporte de tend\u00f3n rotuliano<\/strong>, confeccionado en Neopreno Respirable y en la parte interna de algod\u00f3n con relleno de goma EVA, ajustable con cierre de contacto. Talla \u00danica.<\/p>\n<div>\n<div class=\"dnXCYb\" tabindex=\"0\" role=\"button\" aria-controls=\"_aWmtZO7gJYP75OUP76ix8AI_41\" aria-expanded=\"true\" data-hveid=\"CE4QAQ\">\n<div class=\"JlqpRe\">\n<h2>Es una cinta provista con velcros, que presiona debajo de la r\u00f3tula, ejerciendo una fuerte presi\u00f3n sobre el tend\u00f3n rotuliano. El objetivo es disminuir la tensi\u00f3n generada en la zona, fruto del ejercicio deportivo.<\/h2>\n<p>El deportista que se ve afectado por esta dolencia, debe utilizar la cincha Patelar y ayudar con el reposo y colocaci\u00f3n de hielo despu\u00e9s del ejercicio, en la zona rotuliana.<\/p>\n<\/div>\n<\/div>\n<\/div>\n","protected":false},"featured_media":3722,"comment_status":"open","ping_status":"closed","template":"","meta":{"_acf_changed":false},"product_brand":[1093],"product_cat":[235,419],"product_tag":[],"class_list":{"0":"post-3721","1":"product","2":"type-product","3":"status-publish","4":"has-post-thumbnail","6":"product_brand-blunding","7":"product_cat-ortopedia","8":"product_cat-soportes","9":"product_shipping_class-pequeno","11":"first","12":"outofstock","13":"shipping-taxable","14":"purchasable","15":"product-type-simple"},"acf":[],"_links":{"self":[{"href":"https:\/\/deltamed.cl\/tienda\/wp-json\/wp\/v2\/product\/3721","targetHints":{"allow":["GET"]}}],"collection":[{"href":"https:\/\/deltamed.cl\/tienda\/wp-json\/wp\/v2\/product"}],"about":[{"href":"https:\/\/deltamed.cl\/tienda\/wp-json\/wp\/v2\/types\/product"}],"replies":[{"embeddable":true,"href":"https:\/\/deltamed.cl\/tienda\/wp-json\/wp\/v2\/comments?post=3721"}],"version-history":[{"count":1,"href":"https:\/\/deltamed.cl\/tienda\/wp-json\/wp\/v2\/product\/3721\/revisions"}],"predecessor-version":[{"id":16376,"href":"https:\/\/deltamed.cl\/tienda\/wp-json\/wp\/v2\/product\/3721\/revisions\/16376"}],"wp:featuredmedia":[{"embeddable":true,"href":"https:\/\/deltamed.cl\/tienda\/wp-json\/wp\/v2\/media\/3722"}],"wp:attachment":[{"href":"https:\/\/deltamed.cl\/tienda\/wp-json\/wp\/v2\/media?parent=3721"}],"wp:term":[{"taxonomy":"product_brand","embeddable":true,"href":"https:\/\/deltamed.cl\/tienda\/wp-json\/wp\/v2\/product_brand?post=3721"},{"taxonomy":"product_cat","embeddable":true,"href":"https:\/\/deltamed.cl\/tienda\/wp-json\/wp\/v2\/product_cat?post=3721"},{"taxonomy":"product_tag","embeddable":true,"href":"https:\/\/deltamed.cl\/tienda\/wp-json\/wp\/v2\/product_tag?post=3721"}],"curies":[{"name":"wp","href":"https:\/\/api.w.org\/{rel}","templated":true}]}}