{"id":371,"date":"2020-12-14T17:33:32","date_gmt":"2020-12-14T20:33:32","guid":{"rendered":"https:\/\/deltamed.cl\/tienda\/?post_type=product&#038;p=371"},"modified":"2026-02-25T23:33:21","modified_gmt":"2026-02-26T02:33:21","slug":"100-ampollas-de-20ml-de-suero-fisiologico-al-09","status":"publish","type":"product","link":"https:\/\/deltamed.cl\/tienda\/producto\/100-ampollas-de-20ml-de-suero-fisiologico-al-09\/","title":{"rendered":"100 ampollas de 20ml de suero fisiologico al 09"},"content":{"rendered":"<p>Suero cloruro de sodio 0,9% 20ml amp x 100 und &#8211; Fresenius Kabi<\/p>\n<p>Se utiliza como aporte de electrolitos en los casos en los que exista deshidrataci\u00f3n con p\u00e9rdidas de sales.<\/p>\n<p>En estados de hipovolemia (disminuci\u00f3n del volumen sangu\u00edneo).<\/p>\n<p>Se trata de un mineral fundamental para\u00a0regular y controlar el equilibrio entre l\u00edquidos y electrolitos.<\/p>\n<p>Su funci\u00f3n en el mantenimiento del volumen de l\u00edquido extracelular, la conducci\u00f3n de los impulsos nerviosos y la presi\u00f3n arterial, tambi\u00e9n habla de su papel crucial.<\/p>\n<p>100 ampollas de 20ml de suero fisiologico al 09<\/p>\n<p>Soluci\u00f3n inyectable.<\/p>\n<p>Osmolaridad: 308 mOsm\/l<br \/>\nF\u00f3rmula i\u00f3nica: cloruros: 154 mmol\/l<br \/>\nsodio: 154 mmol\/l<br \/>\npH entre 4,5 y 7,0<\/p>\n<p>Soluci\u00f3n transparente sin color y sin olor<\/p>\n<p>Una ampolla de polipropileno de 5 ml contiene 0,045 g de cloruro de sodio<br \/>\nUna ampolla de polipropileno de 10 ml contiene 0,09 g de cloruro de sodio<br \/>\nUna ampolla de polipropileno de 20 ml contiene 0,18 g de cloruro de sodio<\/p>\n","protected":false},"excerpt":{"rendered":"<p>Suero cloruro de sodio 0,9% 20ml amp x 100 und &#8211; Fresenius Kabi<\/p>\n<p>Se utiliza como aporte de electrolitos en los casos en los que exista deshidrataci\u00f3n con p\u00e9rdidas de sales.<\/p>\n<p>Se trata de un mineral fundamental para\u00a0regular y controlar el equilibrio entre l\u00edquidos y electrolitos.<\/p>\n<p>Su funci\u00f3n en el mantenimiento del volumen de l\u00edquido extracelular, la conducci\u00f3n de los impulsos nerviosos y la presi\u00f3n arterial, tambi\u00e9n habla de su papel crucial.<\/p>\n<p>100 ampollas de 20ml de suero fisiologico al 09<\/p>\n<p>Soluci\u00f3n inyectable.<\/p>\n","protected":false},"featured_media":372,"comment_status":"open","ping_status":"closed","template":"","meta":{"_acf_changed":false},"product_brand":[],"product_cat":[94,456],"product_tag":[225,222,223,217],"class_list":{"0":"post-371","1":"product","2":"type-product","3":"status-publish","4":"has-post-thumbnail","6":"product_cat-insumos-desechables","7":"product_cat-suero","8":"product_tag-20ml","9":"product_tag-ampolla","10":"product_tag-cloruro","11":"product_tag-suero","12":"product_shipping_class-pequeno","14":"first","15":"outofstock","16":"shipping-taxable","17":"purchasable","18":"product-type-simple"},"acf":[],"_links":{"self":[{"href":"https:\/\/deltamed.cl\/tienda\/wp-json\/wp\/v2\/product\/371","targetHints":{"allow":["GET"]}}],"collection":[{"href":"https:\/\/deltamed.cl\/tienda\/wp-json\/wp\/v2\/product"}],"about":[{"href":"https:\/\/deltamed.cl\/tienda\/wp-json\/wp\/v2\/types\/product"}],"replies":[{"embeddable":true,"href":"https:\/\/deltamed.cl\/tienda\/wp-json\/wp\/v2\/comments?post=371"}],"version-history":[{"count":3,"href":"https:\/\/deltamed.cl\/tienda\/wp-json\/wp\/v2\/product\/371\/revisions"}],"predecessor-version":[{"id":9141,"href":"https:\/\/deltamed.cl\/tienda\/wp-json\/wp\/v2\/product\/371\/revisions\/9141"}],"wp:featuredmedia":[{"embeddable":true,"href":"https:\/\/deltamed.cl\/tienda\/wp-json\/wp\/v2\/media\/372"}],"wp:attachment":[{"href":"https:\/\/deltamed.cl\/tienda\/wp-json\/wp\/v2\/media?parent=371"}],"wp:term":[{"taxonomy":"product_brand","embeddable":true,"href":"https:\/\/deltamed.cl\/tienda\/wp-json\/wp\/v2\/product_brand?post=371"},{"taxonomy":"product_cat","embeddable":true,"href":"https:\/\/deltamed.cl\/tienda\/wp-json\/wp\/v2\/product_cat?post=371"},{"taxonomy":"product_tag","embeddable":true,"href":"https:\/\/deltamed.cl\/tienda\/wp-json\/wp\/v2\/product_tag?post=371"}],"curies":[{"name":"wp","href":"https:\/\/api.w.org\/{rel}","templated":true}]}}