{"id":3704,"date":"2022-04-25T18:02:38","date_gmt":"2022-04-25T21:02:38","guid":{"rendered":"https:\/\/deltamed.cl\/tienda\/?post_type=product&#038;p=3704"},"modified":"2026-02-27T13:30:40","modified_gmt":"2026-02-27T16:30:40","slug":"tapa-amarilla-heparina-kdl-200-unid","status":"publish","type":"product","link":"https:\/\/deltamed.cl\/tienda\/producto\/tapa-amarilla-heparina-kdl-200-unid\/","title":{"rendered":"Tapa amarilla heparina KDL 200 unid"},"content":{"rendered":"<h2><strong>Tapa amarilla heparina KDL 200 unidades<\/strong><\/h2>\n<p>El tubo con gel separador\u00a0<b>se usa en una gran variedad de pruebas que requieren suero separado, incluyendo bioqu\u00edmica, inmunolog\u00eda, microbiolog\u00eda y toxicolog\u00eda, etc<\/b>.<\/p>\n<p>Bloqueo inyector de la tapa es una unidad de un solo uso desechable que tiene por objeto la finalidad de la recogida de muestras y la inyecci\u00f3n de drogas coagulaci\u00f3n de sangre.<\/p>\n<p>Esa barrera\u00a0<b>previene efectivamente el intercambio de sustancias entre el suero sangu\u00edneo y las c\u00e9lulas<\/b>.<\/p>\n<p>Esto significa que la muestra se puede centrifugar en el laboratorio y el suero separado se puede extraer f\u00e1cilmente.<\/p>\n<p>Tubo de examen con etiqueta y tapa color amarilla<\/p>\n<p>Puede ser usado en ex\u00e1menes de\u00a0<b>toxicolog\u00eda, bioqu\u00edmica, inmunolog\u00eda, serolog\u00eda<\/b>, teniendo cerca de 48 horas de uso sin que se afecte la composici\u00f3n de la muestra.<\/p>\n","protected":false},"excerpt":{"rendered":"<h2><strong>Tapa amarilla heparina KDL 200 unidades<\/strong><\/h2>\n<p>Estos tubos presentan en su interior un agente coagulante junto con un gel separador de suero. Este se utiliza para realizar ambos estudios de **Qu\u00edmica Cl\u00ednica ** y las\u00a0<strong>Determinaciones del Suero<\/strong>. Esto facilita el proceso de realizar los estudios en una misma muestra.<\/p>\n<p>Esa barrera\u00a0<b>previene efectivamente el intercambio de sustancias entre el suero sangu\u00edneo y las c\u00e9lulas<\/b>.<\/p>\n<p>Esto significa que la muestra se puede centrifugar en el laboratorio y el suero separado se puede extraer f\u00e1cilmente.<\/p>\n<p>Tubo de examen con etiqueta y tapa color amarilla<\/p>\n","protected":false},"featured_media":3705,"comment_status":"open","ping_status":"closed","template":"","meta":{"_acf_changed":false},"product_brand":[],"product_cat":[94,384],"product_tag":[],"class_list":{"0":"post-3704","1":"product","2":"type-product","3":"status-publish","4":"has-post-thumbnail","6":"product_cat-insumos-desechables","7":"product_cat-otros","8":"product_shipping_class-pequeno","10":"first","11":"outofstock","12":"shipping-taxable","13":"purchasable","14":"product-type-simple"},"acf":[],"_links":{"self":[{"href":"https:\/\/deltamed.cl\/tienda\/wp-json\/wp\/v2\/product\/3704","targetHints":{"allow":["GET"]}}],"collection":[{"href":"https:\/\/deltamed.cl\/tienda\/wp-json\/wp\/v2\/product"}],"about":[{"href":"https:\/\/deltamed.cl\/tienda\/wp-json\/wp\/v2\/types\/product"}],"replies":[{"embeddable":true,"href":"https:\/\/deltamed.cl\/tienda\/wp-json\/wp\/v2\/comments?post=3704"}],"version-history":[{"count":1,"href":"https:\/\/deltamed.cl\/tienda\/wp-json\/wp\/v2\/product\/3704\/revisions"}],"predecessor-version":[{"id":9102,"href":"https:\/\/deltamed.cl\/tienda\/wp-json\/wp\/v2\/product\/3704\/revisions\/9102"}],"wp:featuredmedia":[{"embeddable":true,"href":"https:\/\/deltamed.cl\/tienda\/wp-json\/wp\/v2\/media\/3705"}],"wp:attachment":[{"href":"https:\/\/deltamed.cl\/tienda\/wp-json\/wp\/v2\/media?parent=3704"}],"wp:term":[{"taxonomy":"product_brand","embeddable":true,"href":"https:\/\/deltamed.cl\/tienda\/wp-json\/wp\/v2\/product_brand?post=3704"},{"taxonomy":"product_cat","embeddable":true,"href":"https:\/\/deltamed.cl\/tienda\/wp-json\/wp\/v2\/product_cat?post=3704"},{"taxonomy":"product_tag","embeddable":true,"href":"https:\/\/deltamed.cl\/tienda\/wp-json\/wp\/v2\/product_tag?post=3704"}],"curies":[{"name":"wp","href":"https:\/\/api.w.org\/{rel}","templated":true}]}}