{"id":37,"date":"2020-11-18T12:22:44","date_gmt":"2020-11-18T15:22:44","guid":{"rendered":"https:\/\/deltamed.cl\/tienda\/?post_type=product&#038;p=37"},"modified":"2026-03-01T21:23:14","modified_gmt":"2026-03-02T00:23:14","slug":"bano-inodoro-portatil-plegable-ba-313","status":"publish","type":"product","link":"https:\/\/deltamed.cl\/tienda\/producto\/bano-inodoro-portatil-plegable-ba-313\/","title":{"rendered":"Ba\u00f1o inodoro port\u00e1til plegable BA-313"},"content":{"rendered":"<p><strong>Ba\u00f1o inodoro port\u00e1til plegable BA-383<\/strong> \u00a0son la soluci\u00f3n perfecta para aquellas personas con movilidad reducida, de la tercera edad o en rehabilitaci\u00f3n, a las que les es imposible trasladarse hasta el ba\u00f1o, facilitando la eliminaci\u00f3n de manera pr\u00e1ctica.<\/p>\n<ul>\n<li>Asiento ajustable en altura para personas con discapacidades.<\/li>\n<li>\u00a0Marco de acero resistente.<\/li>\n<li>Respaldo desmontable.<\/li>\n<li>\u00a0Asiento del cubo extra\u00edble y funda para usar directamente al inodoro f\u00e1cil de limpiar.<\/li>\n<li>\u00a0Asiento grande para m\u00e1s espacio.<\/li>\n<li>\u00a0Regatones antideslizantes.<\/li>\n<li>\u00a0Plegable en un tama\u00f1o de embalaje peque\u00f1o.<\/li>\n<li>\u00a0Altura total ajustable.<\/li>\n<li>CAPACIDAD MAXIMA 150 KG<\/li>\n<li>\u00a0Marca Deltamed<\/li>\n<\/ul>\n<p><strong>Medidas<\/strong><br \/>\nLargo 54cm<br \/>\nAncho 57 cm<br \/>\nAltura 61 &#8211; 76cm<br \/>\nAltura del asiento 41 cm &#8211; 56 cm<br \/>\nProfundidad asiento 43 cm<br \/>\nAncho asiento 46 cm<br \/>\nAltura reposa brazos 20 cm<\/p>\n<p>El recipiente se puede retirar para higenizar.<\/p>\n<p>Ba\u00f1o inodoro port\u00e1til plegable BA-313<\/p>\n","protected":false},"excerpt":{"rendered":"<p><strong>Ba\u00f1o inodoro port\u00e1til plegable BA-383<\/strong> \u00a0son la soluci\u00f3n perfecta para aquellas personas con movilidad reducida, de la tercera edad o en rehabilitaci\u00f3n, a las que les es imposible trasladarse hasta el ba\u00f1o, facilitando la eliminaci\u00f3n de manera pr\u00e1ctica.<\/p>\n<ul>\n<li>Asiento ajustable en altura para personas con discapacidades.<\/li>\n<li>\u00a0Marco de acero resistente.<\/li>\n<li>Respaldo desmontable.<\/li>\n<li>\u00a0Asiento del cubo extra\u00edble y funda para usar directamente al inodoro f\u00e1cil de limpiar.<\/li>\n<li>\u00a0Asiento grande para m\u00e1s espacio.<\/li>\n<li>\u00a0Regatones antideslizantes.<\/li>\n<li>\u00a0Plegable en un tama\u00f1o de embalaje peque\u00f1o.<\/li>\n<li>\u00a0Altura total ajustable.<\/li>\n<li>CAPACIDAD MAXIMA 150 KG<\/li>\n<li>\u00a0Marca Deltamed<\/li>\n<\/ul>\n<p><strong>Envio gratis en Santiago<\/strong><\/p>\n<p>Las siguientes comunas no aplican<\/p>\n<p>Alhu\u00e9<br \/>\nBuin<br \/>\nCalera de Tango<br \/>\nCuracav\u00ed<br \/>\nEl Monte<br \/>\nIsla de Maipo<br \/>\nLampa<br \/>\nMar\u00eda Pinto<br \/>\nMelipilla<br \/>\nPadre Hurtado<br \/>\nPaine<br \/>\nPe\u00f1aflor<br \/>\nPirque<br \/>\nSan Jos\u00e9 de Maipo<br \/>\nSan Pedro<br \/>\nTalagante<br \/>\nTiltil<\/p>\n","protected":false},"featured_media":5853,"comment_status":"open","ping_status":"closed","template":"","meta":{"_acf_changed":false},"product_brand":[1091],"product_cat":[23,1200,363,17],"product_tag":[24,640,486,26,585,491,1201,27,25,639],"class_list":{"0":"post-37","1":"product","2":"type-product","3":"status-publish","4":"has-post-thumbnail","6":"product_brand-deltamed","7":"product_cat-ayudas-tecnicas-de-bano","8":"product_cat-ofertas-2026","9":"product_cat-articulos-de-bano","10":"product_cat-destacado","11":"product_tag-adulto-mayor","12":"product_tag-alza-bano","13":"product_tag-ayudas-tecnicas","14":"product_tag-bano","15":"product_tag-deltamed","16":"product_tag-inodoro","17":"product_tag-oferta-invierno","18":"product_tag-plegable","19":"product_tag-portatil","20":"product_tag-wc","21":"product_shipping_class-mediano","23":"first","24":"instock","25":"sale","26":"shipping-taxable","27":"purchasable","28":"product-type-simple"},"acf":[],"_links":{"self":[{"href":"https:\/\/deltamed.cl\/tienda\/wp-json\/wp\/v2\/product\/37","targetHints":{"allow":["GET"]}}],"collection":[{"href":"https:\/\/deltamed.cl\/tienda\/wp-json\/wp\/v2\/product"}],"about":[{"href":"https:\/\/deltamed.cl\/tienda\/wp-json\/wp\/v2\/types\/product"}],"replies":[{"embeddable":true,"href":"https:\/\/deltamed.cl\/tienda\/wp-json\/wp\/v2\/comments?post=37"}],"version-history":[{"count":8,"href":"https:\/\/deltamed.cl\/tienda\/wp-json\/wp\/v2\/product\/37\/revisions"}],"predecessor-version":[{"id":13710,"href":"https:\/\/deltamed.cl\/tienda\/wp-json\/wp\/v2\/product\/37\/revisions\/13710"}],"wp:featuredmedia":[{"embeddable":true,"href":"https:\/\/deltamed.cl\/tienda\/wp-json\/wp\/v2\/media\/5853"}],"wp:attachment":[{"href":"https:\/\/deltamed.cl\/tienda\/wp-json\/wp\/v2\/media?parent=37"}],"wp:term":[{"taxonomy":"product_brand","embeddable":true,"href":"https:\/\/deltamed.cl\/tienda\/wp-json\/wp\/v2\/product_brand?post=37"},{"taxonomy":"product_cat","embeddable":true,"href":"https:\/\/deltamed.cl\/tienda\/wp-json\/wp\/v2\/product_cat?post=37"},{"taxonomy":"product_tag","embeddable":true,"href":"https:\/\/deltamed.cl\/tienda\/wp-json\/wp\/v2\/product_tag?post=37"}],"curies":[{"name":"wp","href":"https:\/\/api.w.org\/{rel}","templated":true}]}}