{"id":3688,"date":"2022-04-25T13:02:36","date_gmt":"2022-04-25T16:02:36","guid":{"rendered":"https:\/\/deltamed.cl\/tienda\/?post_type=product&#038;p=3688"},"modified":"2026-04-13T21:50:08","modified_gmt":"2026-04-14T00:50:08","slug":"guante-de-nitrilo-sin-polvo","status":"publish","type":"product","link":"https:\/\/deltamed.cl\/tienda\/producto\/guante-de-nitrilo-sin-polvo\/","title":{"rendered":"Guante de nitrilo sin polvo"},"content":{"rendered":"<p>GUANTE NITRILO NEGRO SIN POLVO<\/p>\n<p>Los guantes de nitrilo sint\u00e9tico son una excelente barrera de protecci\u00f3n<br \/>\nbiol\u00f3gica y qu\u00edmica. Es un producto libre de l\u00e1tex, inodoro y ambidiestro. Las<br \/>\ncaracter\u00edsticas del producto lo categorizan como un guante premium cuyo uso<br \/>\nse extiende al \u00e1rea cl\u00ednica\/hospitalaria, farmac\u00e9utica, industrial y alimenticia.<br \/>\nColor: NEGRO.<br \/>\n\u2022 Caja por 50 pares<br \/>\n\u2022 No est\u00e9ril.<br \/>\n\u2022 Producto desechable.<br \/>\n\u2022 Guante anat\u00f3mico, que disminuye la fatigabilidad en sus manos.<br \/>\n\u2022 Textura suave para un calce c\u00f3modo.<br \/>\n\u2022 Guantes microtexturado en dedos, palmas y pu\u00f1os.<br \/>\n\u2022 Guante con una elasticidad, flexibilidad y mejor efecto memoria que los est\u00e1ndares<br \/>\nconocidos.<br \/>\n\u2022 Este producto cumple con las siguientes normas y\/o certificaciones:<br \/>\n&#8211; Certificado Libre L\u00e1tex.<br \/>\n&#8211; ISO certificate 13485-2012.<br \/>\n&#8211; EC certificate 93\/42\/EEC.<br \/>\n&#8211; Gmp: certificado de buenas pr\u00e1cticas de manufactura<\/p>\n","protected":false},"excerpt":{"rendered":"<p>GUANTE NITRILO NEGRO SIN POLVO<\/p>\n<p>Los guantes de nitrilo sint\u00e9tico son una excelente barrera de protecci\u00f3n<br \/>\nbiol\u00f3gica y qu\u00edmica. Es un producto libre de l\u00e1tex, inodoro y ambidiestro. Las<br \/>\ncaracter\u00edsticas del producto lo categorizan como un guante premium cuyo uso<br \/>\nse extiende al \u00e1rea cl\u00ednica\/hospitalaria, farmac\u00e9utica, industrial y alimenticia.<\/p>\n","protected":false},"featured_media":3698,"comment_status":"open","ping_status":"closed","template":"","meta":{"_acf_changed":false},"product_brand":[],"product_cat":[94,379],"product_tag":[186,187,174],"class_list":{"0":"post-3688","1":"product","2":"type-product","3":"status-publish","4":"has-post-thumbnail","6":"product_cat-insumos-desechables","7":"product_cat-guantes","8":"product_tag-guantes","9":"product_tag-nitrilo","10":"product_tag-sin-polvo","11":"product_shipping_class-pequeno","13":"first","14":"instock","15":"shipping-taxable","16":"purchasable","17":"product-type-variable"},"acf":[],"_links":{"self":[{"href":"https:\/\/deltamed.cl\/tienda\/wp-json\/wp\/v2\/product\/3688","targetHints":{"allow":["GET"]}}],"collection":[{"href":"https:\/\/deltamed.cl\/tienda\/wp-json\/wp\/v2\/product"}],"about":[{"href":"https:\/\/deltamed.cl\/tienda\/wp-json\/wp\/v2\/types\/product"}],"replies":[{"embeddable":true,"href":"https:\/\/deltamed.cl\/tienda\/wp-json\/wp\/v2\/comments?post=3688"}],"version-history":[{"count":1,"href":"https:\/\/deltamed.cl\/tienda\/wp-json\/wp\/v2\/product\/3688\/revisions"}],"predecessor-version":[{"id":12703,"href":"https:\/\/deltamed.cl\/tienda\/wp-json\/wp\/v2\/product\/3688\/revisions\/12703"}],"wp:featuredmedia":[{"embeddable":true,"href":"https:\/\/deltamed.cl\/tienda\/wp-json\/wp\/v2\/media\/3698"}],"wp:attachment":[{"href":"https:\/\/deltamed.cl\/tienda\/wp-json\/wp\/v2\/media?parent=3688"}],"wp:term":[{"taxonomy":"product_brand","embeddable":true,"href":"https:\/\/deltamed.cl\/tienda\/wp-json\/wp\/v2\/product_brand?post=3688"},{"taxonomy":"product_cat","embeddable":true,"href":"https:\/\/deltamed.cl\/tienda\/wp-json\/wp\/v2\/product_cat?post=3688"},{"taxonomy":"product_tag","embeddable":true,"href":"https:\/\/deltamed.cl\/tienda\/wp-json\/wp\/v2\/product_tag?post=3688"}],"curies":[{"name":"wp","href":"https:\/\/api.w.org\/{rel}","templated":true}]}}