{"id":3679,"date":"2022-04-25T12:00:50","date_gmt":"2022-04-25T15:00:50","guid":{"rendered":"https:\/\/deltamed.cl\/tienda\/?post_type=product&#038;p=3679"},"modified":"2026-02-27T13:30:40","modified_gmt":"2026-02-27T16:30:40","slug":"cinta-metrica-gen","status":"publish","type":"product","link":"https:\/\/deltamed.cl\/tienda\/producto\/cinta-metrica-gen\/","title":{"rendered":"Cinta m\u00e9trica gen"},"content":{"rendered":"<p>Cinta m\u00e9trica gen<\/p>\n<p>\u2022 Cinta o banda m\u00e9trica, graduada en cent\u00edmetro\/pulgada, retractable.<br \/>\n\u2022 \u00datil para mediciones antropom\u00e9tricas en ni\u00f1os y adultos.<br \/>\n\u2022 Posee bot\u00f3n de tracci\u00f3n para mantener la cinta fija en la medida deseada.<br \/>\n\u2022 Longitud: 150 cm o 1.5 mt<br \/>\n\u2022 Uso Cl\u00ednico \u2013 Hospitalario \u2013 Domiciliario &#8211; Profesional y Estudiantes de Salud.<\/p>\n<p>Colores disponibles: blanco, verde, rosado<\/p>\n<p>&nbsp;<\/p>\n","protected":false},"excerpt":{"rendered":"<p>Cinta m\u00e9trica gen<\/p>\n<p>\u2022 Cinta o banda m\u00e9trica, graduada en cent\u00edmetro\/pulgada, retractable.<br \/>\n\u2022 \u00datil para mediciones antropom\u00e9tricas en ni\u00f1os y adultos.<br \/>\n\u2022 Posee bot\u00f3n de tracci\u00f3n para mantener la cinta fija en la medida deseada.<br \/>\n\u2022 Longitud: 150 cm o 1.5 mt<br \/>\n\u2022 Uso Cl\u00ednico \u2013 Hospitalario \u2013 Domiciliario &#8211; Profesional y Estudiantes de Salud.<\/p>\n<p>Colores disponibles: blanco, verde, rosado<\/p>\n","protected":false},"featured_media":3683,"comment_status":"open","ping_status":"closed","template":"","meta":{"_acf_changed":false},"product_brand":[],"product_cat":[15],"product_tag":[],"class_list":{"0":"post-3679","1":"product","2":"type-product","3":"status-publish","4":"has-post-thumbnail","6":"product_cat-medicion-y-diagnostico","7":"product_shipping_class-extra-pequeno","9":"first","10":"outofstock","11":"shipping-taxable","12":"purchasable","13":"product-type-variable"},"acf":[],"_links":{"self":[{"href":"https:\/\/deltamed.cl\/tienda\/wp-json\/wp\/v2\/product\/3679","targetHints":{"allow":["GET"]}}],"collection":[{"href":"https:\/\/deltamed.cl\/tienda\/wp-json\/wp\/v2\/product"}],"about":[{"href":"https:\/\/deltamed.cl\/tienda\/wp-json\/wp\/v2\/types\/product"}],"replies":[{"embeddable":true,"href":"https:\/\/deltamed.cl\/tienda\/wp-json\/wp\/v2\/comments?post=3679"}],"version-history":[{"count":1,"href":"https:\/\/deltamed.cl\/tienda\/wp-json\/wp\/v2\/product\/3679\/revisions"}],"predecessor-version":[{"id":13327,"href":"https:\/\/deltamed.cl\/tienda\/wp-json\/wp\/v2\/product\/3679\/revisions\/13327"}],"wp:featuredmedia":[{"embeddable":true,"href":"https:\/\/deltamed.cl\/tienda\/wp-json\/wp\/v2\/media\/3683"}],"wp:attachment":[{"href":"https:\/\/deltamed.cl\/tienda\/wp-json\/wp\/v2\/media?parent=3679"}],"wp:term":[{"taxonomy":"product_brand","embeddable":true,"href":"https:\/\/deltamed.cl\/tienda\/wp-json\/wp\/v2\/product_brand?post=3679"},{"taxonomy":"product_cat","embeddable":true,"href":"https:\/\/deltamed.cl\/tienda\/wp-json\/wp\/v2\/product_cat?post=3679"},{"taxonomy":"product_tag","embeddable":true,"href":"https:\/\/deltamed.cl\/tienda\/wp-json\/wp\/v2\/product_tag?post=3679"}],"curies":[{"name":"wp","href":"https:\/\/api.w.org\/{rel}","templated":true}]}}