{"id":3622,"date":"2022-04-13T13:32:19","date_gmt":"2022-04-13T16:32:19","guid":{"rendered":"https:\/\/deltamed.cl\/tienda\/?post_type=product&#038;p=3622"},"modified":"2026-03-26T10:09:41","modified_gmt":"2026-03-26T13:09:41","slug":"guante-ex-vitrilo-libre-polvo-tresor","status":"publish","type":"product","link":"https:\/\/deltamed.cl\/tienda\/producto\/guante-ex-vitrilo-libre-polvo-tresor\/","title":{"rendered":"Guante ex. vitrilo libre polvo tresor"},"content":{"rendered":"<p>Guante ex. vitrilo libre polvo tresor<\/p>\n<p>Los guantes de vitrilo son una mezcla perfecta de nitrilo y vinilo, ambos materiales sint\u00e9ticos conforman un pol\u00edmero especialmente el\u00e1stico y resistente para diversas actividades laborales.<\/p>\n<p>En el ambiente de la salud este guante evita todo tipo de alergias y ofrece una gran bioseguridad al usuario.<\/p>\n<p>En la manipulaci\u00f3n de alimentos este insumo evita toda contaminaci\u00f3n cruzada y en la industria en general este dispositivo ofrece gran calidad y seguridad.<\/p>\n<p>Los guantes de vitrilo est\u00e1n compuesto por nitrito y vinilo, lo que permiten brindar mejor elasticidad y resistencia.<\/p>\n<p>Los guantes se ajustan y amoldan perfectamente a la mano, reduciendo la fatiga.<\/p>\n<p>Libres de l\u00e1tex, lo cual evita reacciones al\u00e9rgicas y ofrece bioseguridad al usuario.<\/p>\n<p>Libre de latex<\/p>\n<p>No esteril<\/p>\n<p>Vigencia 5 a\u00f1os a partir de la fabricacion.<\/p>\n<p>Producto descartable.Un solo uso.<\/p>\n<table class=\"table table-striped table-bordered\">\n<thead class=\"thead-dark\">\n<tr>\n<th scope=\"col\">TALLA<\/th>\n<th scope=\"col\">C\u00d3DIGO<\/th>\n<th scope=\"col\">OTRO<\/th>\n<\/tr>\n<\/thead>\n<tbody>\n<tr>\n<td scope=\"row\">S<\/td>\n<td>ACGVITR2<\/td>\n<td><\/td>\n<\/tr>\n<tr>\n<td scope=\"row\">M<\/td>\n<td>ACGVITR3<\/td>\n<td><\/td>\n<\/tr>\n<tr>\n<td scope=\"row\">L<\/td>\n<td>ACGVITR4<\/td>\n<\/tr>\n<\/tbody>\n<\/table>\n","protected":false},"excerpt":{"rendered":"<p>Guante ex. vitrilo libre polvo tresor<\/p>\n<p>Los guantes de vitrilo son una mezcla perfecta de nitrilo y vinilo, ambos materiales sint\u00e9ticos conforman un pol\u00edmero especialmente el\u00e1stico y resistente para diversas actividades laborales.<\/p>\n<p>En el ambiente de la salud este guante evita todo tipo de alergias y ofrece una gran bioseguridad al usuario.<\/p>\n<p>En la manipulaci\u00f3n de alimentos este insumo evita toda contaminaci\u00f3n cruzada y en la industria en general este dispositivo ofrece gran calidad y seguridad.<\/p>\n<p>Los guantes de vitrilo est\u00e1n compuesto por nitrito y vinilo, lo que permiten brindar mejor elasticidad y resistencia.<\/p>\n<p>Los guantes se ajustan y amoldan perfectamente a la mano, reduciendo la fatiga.<\/p>\n","protected":false},"featured_media":3623,"comment_status":"open","ping_status":"closed","template":"","meta":{"_acf_changed":false},"product_brand":[],"product_cat":[94,379],"product_tag":[],"class_list":{"0":"post-3622","1":"product","2":"type-product","3":"status-publish","4":"has-post-thumbnail","6":"product_cat-insumos-desechables","7":"product_cat-guantes","8":"product_shipping_class-pequeno","10":"first","11":"outofstock","12":"sale","13":"shipping-taxable","14":"purchasable","15":"product-type-variable"},"acf":[],"_links":{"self":[{"href":"https:\/\/deltamed.cl\/tienda\/wp-json\/wp\/v2\/product\/3622","targetHints":{"allow":["GET"]}}],"collection":[{"href":"https:\/\/deltamed.cl\/tienda\/wp-json\/wp\/v2\/product"}],"about":[{"href":"https:\/\/deltamed.cl\/tienda\/wp-json\/wp\/v2\/types\/product"}],"replies":[{"embeddable":true,"href":"https:\/\/deltamed.cl\/tienda\/wp-json\/wp\/v2\/comments?post=3622"}],"version-history":[{"count":1,"href":"https:\/\/deltamed.cl\/tienda\/wp-json\/wp\/v2\/product\/3622\/revisions"}],"predecessor-version":[{"id":19106,"href":"https:\/\/deltamed.cl\/tienda\/wp-json\/wp\/v2\/product\/3622\/revisions\/19106"}],"wp:featuredmedia":[{"embeddable":true,"href":"https:\/\/deltamed.cl\/tienda\/wp-json\/wp\/v2\/media\/3623"}],"wp:attachment":[{"href":"https:\/\/deltamed.cl\/tienda\/wp-json\/wp\/v2\/media?parent=3622"}],"wp:term":[{"taxonomy":"product_brand","embeddable":true,"href":"https:\/\/deltamed.cl\/tienda\/wp-json\/wp\/v2\/product_brand?post=3622"},{"taxonomy":"product_cat","embeddable":true,"href":"https:\/\/deltamed.cl\/tienda\/wp-json\/wp\/v2\/product_cat?post=3622"},{"taxonomy":"product_tag","embeddable":true,"href":"https:\/\/deltamed.cl\/tienda\/wp-json\/wp\/v2\/product_tag?post=3622"}],"curies":[{"name":"wp","href":"https:\/\/api.w.org\/{rel}","templated":true}]}}