{"id":3554,"date":"2022-04-01T12:01:48","date_gmt":"2022-04-01T15:01:48","guid":{"rendered":"https:\/\/deltamed.cl\/tienda\/?post_type=product&#038;p=3554"},"modified":"2026-02-27T13:52:27","modified_gmt":"2026-02-27T16:52:27","slug":"pack-de-cirugia-universal-c-3-batas-cranberry","status":"publish","type":"product","link":"https:\/\/deltamed.cl\/tienda\/producto\/pack-de-cirugia-universal-c-3-batas-cranberry\/","title":{"rendered":"Pack de cirug\u00eda universal c\/3 batas Cranberry"},"content":{"rendered":"<p>Pack de cirug\u00eda universal c\/3 batas Cranberry<\/p>\n<p>Producto desechable parar ser utilizado solamente en procedimientos quir\u00fargicos, por las caracter\u00edsticas t\u00e9cnicas del material SMMMS este insumo impide el traspaso de l\u00edquidos (es una barrera impermeable), evita el traspaso de virus y bacterias (posee filtros bacteriol\u00f3gicos en su estructura) y constituye una barrera f\u00edsica al ser resistente a rasgaduras y desgaste. Se usa ampliamente en actos de cirug\u00eda en todo el \u00e1mbito de la salud, vistiendo el campo quir\u00fargico de una manera segura y c\u00f3moda para el usuario. Nuestro paquete universal consta de 14 piezas: una cubierta mesa arsenalera, una funda mesa mayo, 3 delantales quir\u00fargicos con dos pa\u00f1os cada uno, 4 s\u00e1banas, 4 campos utilitarios y una bolsa para suturas.<\/p>\n<p>\u00d3xido de etileno (EO)<br \/>\nEl paquete quir\u00fargico universal est\u00e9ril, 3 batas posee dos testigos, un testigo externo que es un c\u00edrculo que cambia de coloraci\u00f3n rosa a azul al ser sometida a \u00d3xido de etileno (EO), y el testigo de viraje interno que es una cinta que vira de un color rosa a azul post-procesamiento en \u00d3xido de etileno (EO).<\/p>\n<p>AAPACKU1<\/p>\n","protected":false},"excerpt":{"rendered":"<p>Pack de cirug\u00eda universal c\/3 batas Cranberry<\/p>\n<p>Producto desechable parar ser utilizado solamente en procedimientos quir\u00fargicos, por las caracter\u00edsticas t\u00e9cnicas del material SMMMS este insumo impide el traspaso de l\u00edquidos (es una barrera impermeable), evita el traspaso de virus y bacterias (posee filtros bacteriol\u00f3gicos en su estructura) y constituye una barrera f\u00edsica al ser resistente a rasgaduras y desgaste. Se usa ampliamente en actos de cirug\u00eda en todo el \u00e1mbito de la salud, vistiendo el campo quir\u00fargico de una manera segura y c\u00f3moda para el usuario. Nuestro paquete universal consta de 14 piezas: una cubierta mesa arsenalera, una funda mesa mayo, 3 delantales quir\u00fargicos con dos pa\u00f1os cada uno, 4 s\u00e1banas, 4 campos utilitarios y una bolsa para suturas.<\/p>\n","protected":false},"featured_media":3555,"comment_status":"open","ping_status":"closed","template":"","meta":{"_acf_changed":false},"product_brand":[1087],"product_cat":[94,384],"product_tag":[119],"class_list":{"0":"post-3554","1":"product","2":"type-product","3":"status-publish","4":"has-post-thumbnail","6":"product_brand-cranberry","7":"product_cat-insumos-desechables","8":"product_cat-otros","9":"product_tag-cranberry","10":"product_shipping_class-pequeno","12":"first","13":"instock","14":"sale","15":"shipping-taxable","16":"purchasable","17":"product-type-simple"},"acf":[],"_links":{"self":[{"href":"https:\/\/deltamed.cl\/tienda\/wp-json\/wp\/v2\/product\/3554","targetHints":{"allow":["GET"]}}],"collection":[{"href":"https:\/\/deltamed.cl\/tienda\/wp-json\/wp\/v2\/product"}],"about":[{"href":"https:\/\/deltamed.cl\/tienda\/wp-json\/wp\/v2\/types\/product"}],"replies":[{"embeddable":true,"href":"https:\/\/deltamed.cl\/tienda\/wp-json\/wp\/v2\/comments?post=3554"}],"version-history":[{"count":2,"href":"https:\/\/deltamed.cl\/tienda\/wp-json\/wp\/v2\/product\/3554\/revisions"}],"predecessor-version":[{"id":19442,"href":"https:\/\/deltamed.cl\/tienda\/wp-json\/wp\/v2\/product\/3554\/revisions\/19442"}],"wp:featuredmedia":[{"embeddable":true,"href":"https:\/\/deltamed.cl\/tienda\/wp-json\/wp\/v2\/media\/3555"}],"wp:attachment":[{"href":"https:\/\/deltamed.cl\/tienda\/wp-json\/wp\/v2\/media?parent=3554"}],"wp:term":[{"taxonomy":"product_brand","embeddable":true,"href":"https:\/\/deltamed.cl\/tienda\/wp-json\/wp\/v2\/product_brand?post=3554"},{"taxonomy":"product_cat","embeddable":true,"href":"https:\/\/deltamed.cl\/tienda\/wp-json\/wp\/v2\/product_cat?post=3554"},{"taxonomy":"product_tag","embeddable":true,"href":"https:\/\/deltamed.cl\/tienda\/wp-json\/wp\/v2\/product_tag?post=3554"}],"curies":[{"name":"wp","href":"https:\/\/api.w.org\/{rel}","templated":true}]}}