{"id":3501,"date":"2022-03-24T15:28:51","date_gmt":"2022-03-24T18:28:51","guid":{"rendered":"https:\/\/deltamed.cl\/tienda\/?post_type=product&#038;p=3501"},"modified":"2026-04-06T17:18:28","modified_gmt":"2026-04-06T20:18:28","slug":"sonda-nelaton-40-cms-cranberry","status":"publish","type":"product","link":"https:\/\/deltamed.cl\/tienda\/producto\/sonda-nelaton-40-cms-cranberry\/","title":{"rendered":"Sonda nelaton 40 cms Cranberry"},"content":{"rendered":"<p>Sonda nelaton 40 cms Cranberry<br \/>\n<strong>Caja x 100 unidades<\/strong><\/p>\n<p>La sonda de N\u00e9laton es un dispositivo m\u00e9dico desechable con diversos usos cl\u00ednicos. Se utiliza para drenar la orina durante un cateterismo vesical, aspirar secreciones en \u00e1reas peque\u00f1as y de dif\u00edcil acceso durante cirug\u00edas, y proteger las puntas del instrumental quir\u00fargico.<\/p>\n<p>Este cat\u00e9ter flexible, est\u00e9ril y desechable, est\u00e1 dise\u00f1ado espec\u00edficamente para el drenaje de orina desde la vejiga. A diferencia de la sonda de Foley, la sonda de N\u00e9laton no es de uso permanente y no cuenta con un bal\u00f3n en su extremo para sujeci\u00f3n.<\/p>\n<p>Fabricada con PVC de calidad m\u00e9dica, la sonda de N\u00e9laton mide 40 cm de longitud y est\u00e1 disponible en calibres que var\u00edan desde 6 Fr hasta 18 Fr. Presenta un \u00fanico orificio proximal en forma de cono, sin tap\u00f3n, y un orificio apical junto con uno lateral en su extremo distal.<\/p>\n<p>Caracter\u00edsticas principales:<\/p>\n<ul>\n<li>Dise\u00f1ada para el drenaje intermitente de la vejiga.<\/li>\n<li>Fabricada con PVC de calidad m\u00e9dica.<\/li>\n<li>Est\u00e9ril y presentada en envase individual.<\/li>\n<li>Longitud de 40 cm.<\/li>\n<li>Punta redondeada y suave para una inserci\u00f3n atraum\u00e1tica.<\/li>\n<li>Dos orificios laterales para un drenaje \u00f3ptimo.<\/li>\n<li>Libre de l\u00e1tex.<\/li>\n<\/ul>\n","protected":false},"excerpt":{"rendered":"<p>Sonda nelaton 40 cms Cranberry<br \/>\n<strong>Caja x 100 unidades<\/strong><\/p>\n<p>La sonda de N\u00e9laton es un dispositivo m\u00e9dico desechable con diversos usos cl\u00ednicos. Se utiliza para drenar la orina durante un cateterismo vesical, aspirar secreciones en \u00e1reas peque\u00f1as y de dif\u00edcil acceso durante cirug\u00edas, y proteger las puntas del instrumental quir\u00fargico.<\/p>\n<p>Este cat\u00e9ter flexible, est\u00e9ril y desechable, est\u00e1 dise\u00f1ado espec\u00edficamente para el drenaje de orina desde la vejiga. A diferencia de la sonda de Foley, la sonda de N\u00e9laton no es de uso permanente y no cuenta con un bal\u00f3n en su extremo para sujeci\u00f3n.<\/p>\n<p>Fabricada con PVC de calidad m\u00e9dica, la sonda de N\u00e9laton mide 40 cm de longitud y est\u00e1 disponible en calibres que var\u00edan desde 6 Fr hasta 18 Fr. Presenta un \u00fanico orificio proximal en forma de cono, sin tap\u00f3n, y un orificio apical junto con uno lateral en su extremo distal.<\/p>\n","protected":false},"featured_media":12354,"comment_status":"open","ping_status":"closed","template":"","meta":{"_acf_changed":false},"product_brand":[1087],"product_cat":[738,94],"product_tag":[791,749,119,784,530,751,790],"class_list":{"0":"post-3501","1":"product","2":"type-product","3":"status-publish","4":"has-post-thumbnail","6":"product_brand-cranberry","7":"product_cat-sondas","8":"product_cat-insumos-desechables","9":"product_tag-cateter","10":"product_tag-cateterismo","11":"product_tag-cranberry","12":"product_tag-nelaton","13":"product_tag-sonda","14":"product_tag-sonda-de-orina","15":"product_tag-sonda-vesical","16":"product_shipping_class-pequeno","18":"first","19":"instock","20":"shipping-taxable","21":"purchasable","22":"product-type-variable"},"acf":[],"_links":{"self":[{"href":"https:\/\/deltamed.cl\/tienda\/wp-json\/wp\/v2\/product\/3501","targetHints":{"allow":["GET"]}}],"collection":[{"href":"https:\/\/deltamed.cl\/tienda\/wp-json\/wp\/v2\/product"}],"about":[{"href":"https:\/\/deltamed.cl\/tienda\/wp-json\/wp\/v2\/types\/product"}],"replies":[{"embeddable":true,"href":"https:\/\/deltamed.cl\/tienda\/wp-json\/wp\/v2\/comments?post=3501"}],"version-history":[{"count":8,"href":"https:\/\/deltamed.cl\/tienda\/wp-json\/wp\/v2\/product\/3501\/revisions"}],"predecessor-version":[{"id":12088,"href":"https:\/\/deltamed.cl\/tienda\/wp-json\/wp\/v2\/product\/3501\/revisions\/12088"}],"wp:featuredmedia":[{"embeddable":true,"href":"https:\/\/deltamed.cl\/tienda\/wp-json\/wp\/v2\/media\/12354"}],"wp:attachment":[{"href":"https:\/\/deltamed.cl\/tienda\/wp-json\/wp\/v2\/media?parent=3501"}],"wp:term":[{"taxonomy":"product_brand","embeddable":true,"href":"https:\/\/deltamed.cl\/tienda\/wp-json\/wp\/v2\/product_brand?post=3501"},{"taxonomy":"product_cat","embeddable":true,"href":"https:\/\/deltamed.cl\/tienda\/wp-json\/wp\/v2\/product_cat?post=3501"},{"taxonomy":"product_tag","embeddable":true,"href":"https:\/\/deltamed.cl\/tienda\/wp-json\/wp\/v2\/product_tag?post=3501"}],"curies":[{"name":"wp","href":"https:\/\/api.w.org\/{rel}","templated":true}]}}