{"id":3462,"date":"2022-03-21T17:13:20","date_gmt":"2022-03-21T20:13:20","guid":{"rendered":"https:\/\/deltamed.cl\/tienda\/?post_type=product&#038;p=3462"},"modified":"2026-03-26T11:52:44","modified_gmt":"2026-03-26T14:52:44","slug":"mariposas-bd-seguridad-c-luer-23-x-3-4-12-sistema-vacutainer","status":"publish","type":"product","link":"https:\/\/deltamed.cl\/tienda\/producto\/mariposas-bd-seguridad-c-luer-23-x-3-4-12-sistema-vacutainer\/","title":{"rendered":"Mariposas BD seguridad C\/Luer 23 x 3\/4 12&#8243; Sistema Vacutainer"},"content":{"rendered":"<p>Mariposas BD seguridad C\/Luer 23 x 3\/4 12&#8243; Sistema Vacutainer<\/p>\n<p>La Mariposa Scalp BD Vacutainer Safety-Lok\u00a0es ideal para la extracci\u00f3n de sangre en venas dif\u00edciles.<\/p>\n<p>Posee un dispositivo de seguridad integrado.<\/p>\n<p>Este dispositivo se activa por el usuario en cuanto la aguja sale de la vena del paciente, previniendo de pinchazos accidentales.<\/p>\n<p>Mariposa Scalp BD Vacutainer para extracci\u00f3n de sangre por vac\u00edo con dispositivo de seguridad.<\/p>\n<p>Est\u00e9ril y de un s\u00f3lo uso.<\/p>\n<p>Estas agujas de mariposa, tienen varias ventajas, con relaci\u00f3n a las agujas rectas. Una de ellas, es que\u00a0permiten una colocaci\u00f3n con mayor precisi\u00f3n, especialmente en venas que son de dif\u00edcil acceso.<\/p>\n<p>Caja de 50 unidades<\/p>\n<div id=\"attachment_3463\" style=\"width: 257px\" class=\"wp-caption alignnone\"><img fetchpriority=\"high\" decoding=\"async\" aria-describedby=\"caption-attachment-3463\" class=\"size-full wp-image-3463\" src=\"https:\/\/deltamed.cl\/tienda\/wp-content\/uploads\/2022\/03\/281-greenB-247x296-1.jpg\" alt=\"Mariposas BD seguridad C\/Luer 23 x 3\/4 12&quot; Sistema Vacutainer\" width=\"247\" height=\"296\" title=\"\"><p id=\"caption-attachment-3463\" class=\"wp-caption-text\">Mariposas BD seguridad C\/Luer 23 x 3\/4 12&#8243; Sistema Vacutainer<\/p><\/div>\n","protected":false},"excerpt":{"rendered":"<p>Mariposas BD seguridad C\/Luer 23 x 3\/4 12&#8243; Sistema Vacutainer<\/p>\n<p>La Mariposa Scalp BD Vacutainer Safety-Lok\u00a0es ideal para la extracci\u00f3n de sangre en venas dif\u00edciles.<\/p>\n<p>Posee un dispositivo de seguridad integrado.<\/p>\n<p>Este dispositivo se activa por el usuario en cuanto la aguja sale de la vena del paciente, previniendo de pinchazos accidentales.<\/p>\n","protected":false},"featured_media":3463,"comment_status":"open","ping_status":"closed","template":"","meta":{"_acf_changed":false},"product_brand":[],"product_cat":[94,383],"product_tag":[],"class_list":{"0":"post-3462","1":"product","2":"type-product","3":"status-publish","4":"has-post-thumbnail","6":"product_cat-insumos-desechables","7":"product_cat-agujas","8":"product_shipping_class-pequeno","10":"first","11":"instock","12":"shipping-taxable","13":"purchasable","14":"product-type-simple"},"acf":[],"_links":{"self":[{"href":"https:\/\/deltamed.cl\/tienda\/wp-json\/wp\/v2\/product\/3462","targetHints":{"allow":["GET"]}}],"collection":[{"href":"https:\/\/deltamed.cl\/tienda\/wp-json\/wp\/v2\/product"}],"about":[{"href":"https:\/\/deltamed.cl\/tienda\/wp-json\/wp\/v2\/types\/product"}],"replies":[{"embeddable":true,"href":"https:\/\/deltamed.cl\/tienda\/wp-json\/wp\/v2\/comments?post=3462"}],"version-history":[{"count":2,"href":"https:\/\/deltamed.cl\/tienda\/wp-json\/wp\/v2\/product\/3462\/revisions"}],"predecessor-version":[{"id":8747,"href":"https:\/\/deltamed.cl\/tienda\/wp-json\/wp\/v2\/product\/3462\/revisions\/8747"}],"wp:featuredmedia":[{"embeddable":true,"href":"https:\/\/deltamed.cl\/tienda\/wp-json\/wp\/v2\/media\/3463"}],"wp:attachment":[{"href":"https:\/\/deltamed.cl\/tienda\/wp-json\/wp\/v2\/media?parent=3462"}],"wp:term":[{"taxonomy":"product_brand","embeddable":true,"href":"https:\/\/deltamed.cl\/tienda\/wp-json\/wp\/v2\/product_brand?post=3462"},{"taxonomy":"product_cat","embeddable":true,"href":"https:\/\/deltamed.cl\/tienda\/wp-json\/wp\/v2\/product_cat?post=3462"},{"taxonomy":"product_tag","embeddable":true,"href":"https:\/\/deltamed.cl\/tienda\/wp-json\/wp\/v2\/product_tag?post=3462"}],"curies":[{"name":"wp","href":"https:\/\/api.w.org\/{rel}","templated":true}]}}