{"id":3461,"date":"2022-03-21T16:18:26","date_gmt":"2022-03-21T19:18:26","guid":{"rendered":"https:\/\/deltamed.cl\/tienda\/?post_type=product&#038;p=3461"},"modified":"2026-02-27T13:52:27","modified_gmt":"2026-02-27T16:52:27","slug":"mascarilla-venturi-pediatrica-cranberry","status":"publish","type":"product","link":"https:\/\/deltamed.cl\/tienda\/producto\/mascarilla-venturi-pediatrica-cranberry\/","title":{"rendered":"Mascarilla venturi pedi\u00e1trica Cranberry"},"content":{"rendered":"<p>Mascarilla venturi pedi\u00e1trica Cranberry<\/p>\n<p>La\u00a0mascarilla de oxigeno tipo venturi\u00a0es un dispositivo medico con v\u00eda de alimentaci\u00f3n y conector para toma de oxigeno universal. Permite administrar ox\u00edgeno (O2) a diferentes concentraciones gracias a una v\u00e1lvula con la cual se combina la entrada de O2 por la tubuladura y la mezcla con aire por la ventanilla incorporada.<\/p>\n<p>Estas mascarillas succionan el aire del medio ambiente y lo mezclan con el flujo de ox\u00edgeno. Este sistema ofrece altos flujos de gas en una FiO2 fija. Se obtienen concentraciones de O2 inspirado de una forma m\u00e1s exacta, independientemente del patr\u00f3n ventilatorio del paciente.<\/p>\n<p>Estas\u00a0mascarillas de ox\u00edgeno\u00a0tienen las mismas caracter\u00edsticas que las mascarillas simples pero con la diferencia de que en su parte inferior posee un dispositivo que permite regular la concentraci\u00f3n de ox\u00edgeno que se est\u00e1 administrando. Esto se consigue mediante un orificio o ventana regulable que posee este dispositivo en la parte inferior. En el cuerpo normalmente viene indicado el flujo que hay que elegir en el caudal\u00edmetro para conseguir la FiO2 deseada.<\/p>\n<p>AAMVENTP<\/p>\n","protected":false},"excerpt":{"rendered":"<p>Mascarilla venturi pedi\u00e1trica Cranberry<\/p>\n<p>La\u00a0mascarilla de oxigeno tipo venturi\u00a0es un dispositivo medico con v\u00eda de alimentaci\u00f3n y conector para toma de oxigeno universal. Permite administrar ox\u00edgeno (O2) a diferentes concentraciones gracias a una v\u00e1lvula con la cual se combina la entrada de O2 por la tubuladura y la mezcla con aire por la ventanilla incorporada.<\/p>\n<p>Estas mascarillas succionan el aire del medio ambiente y lo mezclan con el flujo de ox\u00edgeno. Este sistema ofrece altos flujos de gas en una FiO2 fija. Se obtienen concentraciones de O2 inspirado de una forma m\u00e1s exacta, independientemente del patr\u00f3n ventilatorio del paciente.<\/p>\n","protected":false},"featured_media":2940,"comment_status":"open","ping_status":"closed","template":"","meta":{"_acf_changed":false},"product_brand":[1087],"product_cat":[214,94,381],"product_tag":[119],"class_list":{"0":"post-3461","1":"product","2":"type-product","3":"status-publish","4":"has-post-thumbnail","6":"product_brand-cranberry","7":"product_cat-cuidado-personal","8":"product_cat-insumos-desechables","9":"product_cat-mascarillas","10":"product_tag-cranberry","11":"product_shipping_class-extra-pequeno","13":"first","14":"outofstock","15":"shipping-taxable","16":"purchasable","17":"product-type-simple"},"acf":[],"_links":{"self":[{"href":"https:\/\/deltamed.cl\/tienda\/wp-json\/wp\/v2\/product\/3461","targetHints":{"allow":["GET"]}}],"collection":[{"href":"https:\/\/deltamed.cl\/tienda\/wp-json\/wp\/v2\/product"}],"about":[{"href":"https:\/\/deltamed.cl\/tienda\/wp-json\/wp\/v2\/types\/product"}],"replies":[{"embeddable":true,"href":"https:\/\/deltamed.cl\/tienda\/wp-json\/wp\/v2\/comments?post=3461"}],"version-history":[{"count":1,"href":"https:\/\/deltamed.cl\/tienda\/wp-json\/wp\/v2\/product\/3461\/revisions"}],"predecessor-version":[{"id":9740,"href":"https:\/\/deltamed.cl\/tienda\/wp-json\/wp\/v2\/product\/3461\/revisions\/9740"}],"wp:featuredmedia":[{"embeddable":true,"href":"https:\/\/deltamed.cl\/tienda\/wp-json\/wp\/v2\/media\/2940"}],"wp:attachment":[{"href":"https:\/\/deltamed.cl\/tienda\/wp-json\/wp\/v2\/media?parent=3461"}],"wp:term":[{"taxonomy":"product_brand","embeddable":true,"href":"https:\/\/deltamed.cl\/tienda\/wp-json\/wp\/v2\/product_brand?post=3461"},{"taxonomy":"product_cat","embeddable":true,"href":"https:\/\/deltamed.cl\/tienda\/wp-json\/wp\/v2\/product_cat?post=3461"},{"taxonomy":"product_tag","embeddable":true,"href":"https:\/\/deltamed.cl\/tienda\/wp-json\/wp\/v2\/product_tag?post=3461"}],"curies":[{"name":"wp","href":"https:\/\/api.w.org\/{rel}","templated":true}]}}