{"id":3357,"date":"2022-03-03T17:09:03","date_gmt":"2022-03-03T20:09:03","guid":{"rendered":"https:\/\/deltamed.cl\/tienda\/?post_type=product&#038;p=3357"},"modified":"2026-02-28T20:05:57","modified_gmt":"2026-02-28T23:05:57","slug":"guante-latex-sin-polvo-top-glove","status":"publish","type":"product","link":"https:\/\/deltamed.cl\/tienda\/producto\/guante-latex-sin-polvo-top-glove\/","title":{"rendered":"Guante l\u00e1tex sin polvo Top glove"},"content":{"rendered":"<p>Guante l\u00e1tex sin polvo Top glove<\/p>\n<p>Los guantes de l\u00e1tex son una excelente barrera f\u00edsica de protecci\u00f3n personal<br \/>\ncontra sustancias no deseadas o peligrosas, son guantes ambidiestros,<br \/>\ninodoros y muy flexibles. Son usados en procedimientos no est\u00e9riles en \u00e1rea<br \/>\nde salud, est\u00e9tica e industrial.<\/p>\n<p>Color: Blanco Natural.<\/p>\n<p>Caja por 50 pares<\/p>\n<p>No est\u00e9ril.<\/p>\n<p>Producto desechable.<\/p>\n<p>Guante anat\u00f3mico, que disminuye la fatigabilidad en sus manos.<\/p>\n<p>Textura suave.<\/p>\n<p>Talla: S &#8211; M &#8211; L<\/p>\n<p>\u2022 Este producto cumple con las siguientes normas y\/o certificaciones:<br \/>\n&#8211; EC certificate 93\/42\/EEC.<br \/>\n&#8211; Gmp: certificado de buenas pr\u00e1cticas de manufactura.<br \/>\n&#8211; Inscripci\u00f3n instituto de salud p\u00fablica (ISP): DM\/454\/17.<\/p>\n","protected":false},"excerpt":{"rendered":"<p>Guante l\u00e1tex sin polvo Top glove<\/p>\n<p>Los guantes de l\u00e1tex son una excelente barrera f\u00edsica de protecci\u00f3n personal<br \/>\ncontra sustancias no deseadas o peligrosas, son guantes ambidiestros,<br \/>\ninodoros y muy flexibles. Son usados en procedimientos no est\u00e9riles en \u00e1rea<br \/>\nde salud, est\u00e9tica e industrial.<\/p>\n<p>Color: Blanco Natural.<\/p>\n<p>Caja por 50 pares<\/p>\n<p>&nbsp;<\/p>\n","protected":false},"featured_media":405,"comment_status":"open","ping_status":"closed","template":"","meta":{"_acf_changed":false},"product_brand":[],"product_cat":[94,379],"product_tag":[703],"class_list":{"0":"post-3357","1":"product","2":"type-product","3":"status-publish","4":"has-post-thumbnail","6":"product_cat-insumos-desechables","7":"product_cat-guantes","8":"product_tag-cyberday","9":"product_shipping_class-extra-pequeno","11":"first","12":"instock","13":"sale","14":"shipping-taxable","15":"purchasable","16":"product-type-variable"},"acf":[],"_links":{"self":[{"href":"https:\/\/deltamed.cl\/tienda\/wp-json\/wp\/v2\/product\/3357","targetHints":{"allow":["GET"]}}],"collection":[{"href":"https:\/\/deltamed.cl\/tienda\/wp-json\/wp\/v2\/product"}],"about":[{"href":"https:\/\/deltamed.cl\/tienda\/wp-json\/wp\/v2\/types\/product"}],"replies":[{"embeddable":true,"href":"https:\/\/deltamed.cl\/tienda\/wp-json\/wp\/v2\/comments?post=3357"}],"version-history":[{"count":2,"href":"https:\/\/deltamed.cl\/tienda\/wp-json\/wp\/v2\/product\/3357\/revisions"}],"predecessor-version":[{"id":14522,"href":"https:\/\/deltamed.cl\/tienda\/wp-json\/wp\/v2\/product\/3357\/revisions\/14522"}],"wp:featuredmedia":[{"embeddable":true,"href":"https:\/\/deltamed.cl\/tienda\/wp-json\/wp\/v2\/media\/405"}],"wp:attachment":[{"href":"https:\/\/deltamed.cl\/tienda\/wp-json\/wp\/v2\/media?parent=3357"}],"wp:term":[{"taxonomy":"product_brand","embeddable":true,"href":"https:\/\/deltamed.cl\/tienda\/wp-json\/wp\/v2\/product_brand?post=3357"},{"taxonomy":"product_cat","embeddable":true,"href":"https:\/\/deltamed.cl\/tienda\/wp-json\/wp\/v2\/product_cat?post=3357"},{"taxonomy":"product_tag","embeddable":true,"href":"https:\/\/deltamed.cl\/tienda\/wp-json\/wp\/v2\/product_tag?post=3357"}],"curies":[{"name":"wp","href":"https:\/\/api.w.org\/{rel}","templated":true}]}}