{"id":3204,"date":"2022-02-02T15:27:57","date_gmt":"2022-02-02T18:27:57","guid":{"rendered":"https:\/\/deltamed.cl\/tienda\/?post_type=product&#038;p=3204"},"modified":"2026-02-27T07:16:33","modified_gmt":"2026-02-27T10:16:33","slug":"tapa-branno","status":"publish","type":"product","link":"https:\/\/deltamed.cl\/tienda\/producto\/tapa-branno\/","title":{"rendered":"Tapa Branno"},"content":{"rendered":"<p>Tapa Branno<\/p>\n<p>Tapa roja obturadora est\u00e9ril, es un insumo utilizado para el cierre est\u00e9ril de todos los conectores luer y luer-lock macho o hembra de cualquier dispositivo utilizado en terapia intravenosa.<\/p>\n<p>Contiene 100 unidades<\/p>\n<p>Color: rojo<\/p>\n<p>La tapa de obturaci\u00f3n roja consite en cuerpo de pl\u00e1tico rigido con una conecci\u00f3n macho y hembra en uno de sus extremos respectivamente.<br \/>\nCaracter\u00edsticas<br \/>\nFabricado en polietileno<br \/>\nConector luer-lock macho y hembra<br \/>\nen ambos extremos respectivamente<br \/>\nDe un s\u00f3lo uso. Desechable<br \/>\nEsterilizado con \u00f3xido de etileno<\/p>\n<p>Libre de l\u00e1tex<\/p>\n<p>Bloqueo inyector de la tapa es una unidad de un solo uso desechable que tiene por objeto la finalidad de la recogida de muestras y la inyecci\u00f3n de drogas coagulaci\u00f3n de sangre.<\/p>\n<p>TAPA AMARILLA HEPARINA Branno CAJA X 100 UNID<br \/>\n&#8211; Tapa Amarilla Branno, con heparina<br \/>\n&#8211; Cantidad: 100 unidades<br \/>\n&#8211; Adaptador Luer Lock macho<br \/>\n&#8211; Acceso Directo sitio de punci\u00f3n.<\/p>\n<div id=\"attachment_9882\" style=\"width: 310px\" class=\"wp-caption alignnone\"><img fetchpriority=\"high\" decoding=\"async\" aria-describedby=\"caption-attachment-9882\" class=\"size-medium wp-image-9882\" src=\"https:\/\/deltamed.cl\/tienda\/wp-content\/uploads\/2022\/02\/Productos-Easy-Life-300x300.png\" alt=\"tapa branno\" width=\"300\" height=\"300\" title=\"\" srcset=\"https:\/\/deltamed.cl\/tienda\/wp-content\/uploads\/2022\/02\/Productos-Easy-Life-300x300.png 300w, https:\/\/deltamed.cl\/tienda\/wp-content\/uploads\/2022\/02\/Productos-Easy-Life-1024x1024.png 1024w, https:\/\/deltamed.cl\/tienda\/wp-content\/uploads\/2022\/02\/Productos-Easy-Life-150x150.png 150w, https:\/\/deltamed.cl\/tienda\/wp-content\/uploads\/2022\/02\/Productos-Easy-Life-768x768.png 768w, https:\/\/deltamed.cl\/tienda\/wp-content\/uploads\/2022\/02\/Productos-Easy-Life-600x600.png 600w, https:\/\/deltamed.cl\/tienda\/wp-content\/uploads\/2022\/02\/Productos-Easy-Life-100x100.png 100w, https:\/\/deltamed.cl\/tienda\/wp-content\/uploads\/2022\/02\/Productos-Easy-Life.png 1200w\" sizes=\"(max-width: 300px) 100vw, 300px\" \/><p id=\"caption-attachment-9882\" class=\"wp-caption-text\">tapa branno<\/p><\/div>\n<p>&nbsp;<\/p>\n<p>&nbsp;<\/p>\n","protected":false},"excerpt":{"rendered":"<p>Tapa Branno<\/p>\n<p>Tapa roja obturadora est\u00e9ril, es un insumo utilizado para el cierre est\u00e9ril de todos los conectores luer y luer-lock macho o hembra de cualquier dispositivo utilizado en terapia intravenosa.<\/p>\n<p>Contiene 100 unidades<\/p>\n<p>Color: rojo<\/p>\n<p>De un s\u00f3lo uso. Desechable<\/p>\n<p>TAPA AMARILLA HEPARINA Branno CAJA X 100 UNID<br \/>\n&#8211; Adaptador Luer Lock macho<br \/>\n&#8211; Acceso Directo sitio de punci\u00f3n.<\/p>\n","protected":false},"featured_media":9882,"comment_status":"open","ping_status":"closed","template":"","meta":{"_acf_changed":false},"product_brand":[],"product_cat":[94,384],"product_tag":[],"class_list":{"0":"post-3204","1":"product","2":"type-product","3":"status-publish","4":"has-post-thumbnail","6":"product_cat-insumos-desechables","7":"product_cat-otros","8":"product_shipping_class-pequeno","10":"first","11":"instock","12":"shipping-taxable","13":"purchasable","14":"product-type-variable"},"acf":[],"_links":{"self":[{"href":"https:\/\/deltamed.cl\/tienda\/wp-json\/wp\/v2\/product\/3204","targetHints":{"allow":["GET"]}}],"collection":[{"href":"https:\/\/deltamed.cl\/tienda\/wp-json\/wp\/v2\/product"}],"about":[{"href":"https:\/\/deltamed.cl\/tienda\/wp-json\/wp\/v2\/types\/product"}],"replies":[{"embeddable":true,"href":"https:\/\/deltamed.cl\/tienda\/wp-json\/wp\/v2\/comments?post=3204"}],"version-history":[{"count":3,"href":"https:\/\/deltamed.cl\/tienda\/wp-json\/wp\/v2\/product\/3204\/revisions"}],"predecessor-version":[{"id":12968,"href":"https:\/\/deltamed.cl\/tienda\/wp-json\/wp\/v2\/product\/3204\/revisions\/12968"}],"wp:featuredmedia":[{"embeddable":true,"href":"https:\/\/deltamed.cl\/tienda\/wp-json\/wp\/v2\/media\/9882"}],"wp:attachment":[{"href":"https:\/\/deltamed.cl\/tienda\/wp-json\/wp\/v2\/media?parent=3204"}],"wp:term":[{"taxonomy":"product_brand","embeddable":true,"href":"https:\/\/deltamed.cl\/tienda\/wp-json\/wp\/v2\/product_brand?post=3204"},{"taxonomy":"product_cat","embeddable":true,"href":"https:\/\/deltamed.cl\/tienda\/wp-json\/wp\/v2\/product_cat?post=3204"},{"taxonomy":"product_tag","embeddable":true,"href":"https:\/\/deltamed.cl\/tienda\/wp-json\/wp\/v2\/product_tag?post=3204"}],"curies":[{"name":"wp","href":"https:\/\/api.w.org\/{rel}","templated":true}]}}