{"id":3192,"date":"2022-02-01T17:01:59","date_gmt":"2022-02-01T20:01:59","guid":{"rendered":"https:\/\/deltamed.cl\/tienda\/?post_type=product&#038;p=3192"},"modified":"2026-02-27T13:30:38","modified_gmt":"2026-02-27T16:30:38","slug":"toma-presion-de-muneca-ck-w132","status":"publish","type":"product","link":"https:\/\/deltamed.cl\/tienda\/producto\/toma-presion-de-muneca-ck-w132\/","title":{"rendered":"Toma presi\u00f3n de mu\u00f1eca CK-W132"},"content":{"rendered":"<p><strong>Toma presi\u00f3n de mu\u00f1eca CK-W132<\/strong><\/p>\n<p>&#8212; Modelo CK-102S y CK-W132 (Seleccionar modelo de preferencia arriba de la opci\u00f3n comprar).<br \/>\n&#8212; Medici\u00f3n de Presi\u00f3n sist\u00f3lica y diast\u00f3lica.<br \/>\n&#8212; Frecuencia card\u00edaca.<br \/>\n&#8212; Memoria de 90.<br \/>\n&#8212; Hora y fecha.<br \/>\n&#8212; Mide el pulso regular y la presi\u00f3n arterial.<br \/>\n&#8212; M\u00e9todo oscilom\u00e9trico.<\/p>\n<p>Presi\u00f3n sangu\u00ednea: 40mmHg 280mmHg (5.3Kpa-37.3Kpa).<br \/>\n1.0 cm de ancho, brazalete: 13.5 cm a 19.5 cm.<br \/>\nHasta 99 memorias de presi\u00f3n, de 80 a 180 pulsaciones por min.<br \/>\nBater\u00eda set de 2 AAA (no incluidas).<br \/>\nDebe estar relajado unos 15 min. aproximadamente antes de usar para mejores resultados.<\/p>\n","protected":false},"excerpt":{"rendered":"<p><strong>Toma presi\u00f3n de mu\u00f1eca CK-W132<\/strong><\/p>\n<p>&#8212; Modelo CK-102S y CK-W132 (Seleccionar modelo de preferencia arriba de la opci\u00f3n comprar).<br \/>\n&#8212; Medici\u00f3n de Presi\u00f3n sist\u00f3lica y diast\u00f3lica.<br \/>\n&#8212; Frecuencia card\u00edaca.<br \/>\n&#8212; Memoria de 90.<br \/>\n&#8212; Hora y fecha.<br \/>\n&#8212; Mide el pulso regular y la presi\u00f3n arterial.<br \/>\n&#8212; M\u00e9todo oscilom\u00e9trico.<\/p>\n","protected":false},"featured_media":3193,"comment_status":"open","ping_status":"closed","template":"","meta":{"_acf_changed":false},"product_brand":[],"product_cat":[15,361],"product_tag":[],"class_list":{"0":"post-3192","1":"product","2":"type-product","3":"status-publish","4":"has-post-thumbnail","6":"product_cat-medicion-y-diagnostico","7":"product_cat-toma-presion","8":"product_shipping_class-pequeno","10":"first","11":"outofstock","12":"shipping-taxable","13":"purchasable","14":"product-type-simple"},"acf":[],"_links":{"self":[{"href":"https:\/\/deltamed.cl\/tienda\/wp-json\/wp\/v2\/product\/3192","targetHints":{"allow":["GET"]}}],"collection":[{"href":"https:\/\/deltamed.cl\/tienda\/wp-json\/wp\/v2\/product"}],"about":[{"href":"https:\/\/deltamed.cl\/tienda\/wp-json\/wp\/v2\/types\/product"}],"replies":[{"embeddable":true,"href":"https:\/\/deltamed.cl\/tienda\/wp-json\/wp\/v2\/comments?post=3192"}],"version-history":[{"count":2,"href":"https:\/\/deltamed.cl\/tienda\/wp-json\/wp\/v2\/product\/3192\/revisions"}],"predecessor-version":[{"id":14110,"href":"https:\/\/deltamed.cl\/tienda\/wp-json\/wp\/v2\/product\/3192\/revisions\/14110"}],"wp:featuredmedia":[{"embeddable":true,"href":"https:\/\/deltamed.cl\/tienda\/wp-json\/wp\/v2\/media\/3193"}],"wp:attachment":[{"href":"https:\/\/deltamed.cl\/tienda\/wp-json\/wp\/v2\/media?parent=3192"}],"wp:term":[{"taxonomy":"product_brand","embeddable":true,"href":"https:\/\/deltamed.cl\/tienda\/wp-json\/wp\/v2\/product_brand?post=3192"},{"taxonomy":"product_cat","embeddable":true,"href":"https:\/\/deltamed.cl\/tienda\/wp-json\/wp\/v2\/product_cat?post=3192"},{"taxonomy":"product_tag","embeddable":true,"href":"https:\/\/deltamed.cl\/tienda\/wp-json\/wp\/v2\/product_tag?post=3192"}],"curies":[{"name":"wp","href":"https:\/\/api.w.org\/{rel}","templated":true}]}}