{"id":313,"date":"2020-12-14T16:55:20","date_gmt":"2020-12-14T19:55:20","guid":{"rendered":"https:\/\/deltamed.cl\/tienda\/?post_type=product&#038;p=313"},"modified":"2026-03-25T20:26:01","modified_gmt":"2026-03-25T23:26:01","slug":"alcohol-pad-toallitas-con-alcohol-isopropilico","status":"publish","type":"product","link":"https:\/\/deltamed.cl\/tienda\/producto\/alcohol-pad-toallitas-con-alcohol-isopropilico\/","title":{"rendered":"Alcohol pad toallitas con alcohol isoprop\u00edlico"},"content":{"rendered":"<p>Alcohol pad toallitas con alcohol isoprop\u00edlico<\/p>\n<p>Toallita impregnada de Alcohol Isoprop\u00edlico de 70\u00b0, para\u00a0antisepsia de \u00e1reas peque\u00f1as antes de realizar un procedimiento m\u00e9dico.\u00a0Viene en sachets individuales, desechables herm\u00e9ticamente sellados de f\u00e1cil y c\u00f3moda manipulaci\u00f3n.<\/p>\n<p>Material: Toallita de tela no tejida de polipropileno, impregnada con 0,4grs \u00b1 0,1 de alcohol<br \/>\nisoprop\u00edlico al 70%<br \/>\nColor: Blanco.<br \/>\nTallas: \u00danica<br \/>\nPresentaci\u00f3n: Caja x 100 sachet.<\/p>\n<p>ESPECIFICACIONES T\u00c9CNICAS<br \/>\nFunci\u00f3n: Las toallitas impregnadas en alcohol son un insumo desechable. Est\u00e1n selladas de manera individual para conservar el alcohol, siendo su envase de muy f\u00e1cil manipulaci\u00f3n.<\/p>\n<p>Poseen una variedad de funciones que van desde la antisepsia de la piel, procedimiento realizado previo a cada punci\u00f3n, desinfecci\u00f3n de accesos en cat\u00e9teres venosos y arteriales,<br \/>\ndesinfecci\u00f3n de frascos y ampollas del \u00e1rea m\u00e9dica previo a su administraci\u00f3n y desinfecci\u00f3n de todo tipo de tubuladuras del \u00e1rea de la salud.<\/p>\n<p>Libre de l\u00e1tex: S\u00ed<\/p>\n<p>Est\u00e9ril: No<\/p>\n<p>Tama\u00f1o: Sachet 4,5 x 5 cm.<\/p>\n<p>Vigencia: 5 a\u00f1os a partir de la fecha de fabricaci\u00f3n indicada en el empaque.<\/p>\n<p>Almacenamiento: En lugar fresco y seco. Temperatura 5 a 30\u00b0C.<\/p>\n<p>Uso: Producto descartable para un solo uso. No reutilizar.<\/p>\n<p>Empaque primario: Papel herm\u00e9tico con interior metalizado que mantiene humedad del producto<\/p>\n<p>&nbsp;<\/p>\n","protected":false},"excerpt":{"rendered":"<p>Alcohol pad toallitas con alcohol isoprop\u00edlico<\/p>\n<p>Toallita impregnada de Alcohol Isoprop\u00edlico de 70\u00b0, para\u00a0antisepsia de \u00e1reas peque\u00f1as antes de realizar un procedimiento m\u00e9dico.\u00a0Viene en sachets individuales, desechables herm\u00e9ticamente sellados de f\u00e1cil y c\u00f3moda manipulaci\u00f3n.<\/p>\n<p>Desechar despu\u00e9s de usar.<\/p>\n<p>&#8211; Producto Est\u00e9ril.<\/p>\n<p>&#8211; S\u00f3lo para uso externo<\/p>\n<p>PRESENTACI\u00d3N<br \/>\n&#8211; Alcohol Pad 100 sachets por caja.<\/p>\n<p>&nbsp;<\/p>\n","protected":false},"featured_media":414,"comment_status":"open","ping_status":"closed","template":"","meta":{"_acf_changed":false},"product_brand":[],"product_cat":[94,36,397],"product_tag":[],"class_list":{"0":"post-313","1":"product","2":"type-product","3":"status-publish","4":"has-post-thumbnail","6":"product_cat-insumos-desechables","7":"product_cat-tratamiento-de-herida","8":"product_cat-alcohol","9":"product_shipping_class-extra-pequeno","11":"first","12":"instock","13":"shipping-taxable","14":"purchasable","15":"product-type-simple"},"acf":[],"_links":{"self":[{"href":"https:\/\/deltamed.cl\/tienda\/wp-json\/wp\/v2\/product\/313","targetHints":{"allow":["GET"]}}],"collection":[{"href":"https:\/\/deltamed.cl\/tienda\/wp-json\/wp\/v2\/product"}],"about":[{"href":"https:\/\/deltamed.cl\/tienda\/wp-json\/wp\/v2\/types\/product"}],"replies":[{"embeddable":true,"href":"https:\/\/deltamed.cl\/tienda\/wp-json\/wp\/v2\/comments?post=313"}],"version-history":[{"count":1,"href":"https:\/\/deltamed.cl\/tienda\/wp-json\/wp\/v2\/product\/313\/revisions"}],"predecessor-version":[{"id":9439,"href":"https:\/\/deltamed.cl\/tienda\/wp-json\/wp\/v2\/product\/313\/revisions\/9439"}],"wp:featuredmedia":[{"embeddable":true,"href":"https:\/\/deltamed.cl\/tienda\/wp-json\/wp\/v2\/media\/414"}],"wp:attachment":[{"href":"https:\/\/deltamed.cl\/tienda\/wp-json\/wp\/v2\/media?parent=313"}],"wp:term":[{"taxonomy":"product_brand","embeddable":true,"href":"https:\/\/deltamed.cl\/tienda\/wp-json\/wp\/v2\/product_brand?post=313"},{"taxonomy":"product_cat","embeddable":true,"href":"https:\/\/deltamed.cl\/tienda\/wp-json\/wp\/v2\/product_cat?post=313"},{"taxonomy":"product_tag","embeddable":true,"href":"https:\/\/deltamed.cl\/tienda\/wp-json\/wp\/v2\/product_tag?post=313"}],"curies":[{"name":"wp","href":"https:\/\/api.w.org\/{rel}","templated":true}]}}