{"id":3120,"date":"2022-01-21T16:53:39","date_gmt":"2022-01-21T19:53:39","guid":{"rendered":"https:\/\/deltamed.cl\/tienda\/?post_type=product&#038;p=3120"},"modified":"2026-02-27T07:16:15","modified_gmt":"2026-02-27T10:16:15","slug":"suero-glucosalino-hipertonico-5-500ml-unid","status":"publish","type":"product","link":"https:\/\/deltamed.cl\/tienda\/producto\/suero-glucosalino-hipertonico-5-500ml-unid\/","title":{"rendered":"Suero glucosa 5% 500ml apiroflex unid"},"content":{"rendered":"<p>Suero glucosa 5% 500ml apiroflex unid\u00a0 o Dextrosa en agua destilada al 5%<\/p>\n<p><b>Se usa para tratar az\u00facar bajo en la sangre (hipoglucemia), shock insul\u00ednico, o deshidrataci\u00f3n (perdida de fluidos)<\/b>.<\/p>\n<p>Dextrose 5% in water tambi\u00e9n se da para apoyo nutricional a pacientes que no pueden comer debido a enfermedad, herida, u otra condici\u00f3n m\u00e9dica.<\/p>\n<p>La solucion de glucosa al 5% esta indicada cuando es necesario administrar agua libre de sodio; es auxiliar en el mantenimiento o correccion del equilibrio hidroelectrolitico.<\/p>\n<p>Cuando se desea incrementar el aporte calorico y en los casos en que se requiere mantener una vena permeable.<\/p>\n<p>En medicina la\u00a0<b>dextrosa<\/b>\u00a0se utiliza en forma de inyecci\u00f3n y su objetivo es el de restaurar de manera r\u00e1pida los niveles de az\u00facar o de electrolitos en la sangre.<\/p>\n<p>Esto puede producirse en caso de deshidrataciones severas, hipoglucemias, shock insul\u00ednico o como consecuencia de cuadros febriles.<\/p>\n<p>Equivalencia Terapeutica No Bioequivalente<\/p>\n<p>Principio Activo Dextrosa<\/p>\n<p>Marca Fresenius Kabi<\/p>\n<p>Concentraci\u00f3n 5%<\/p>\n<p>Forma Farmac\u00e9utica SOLUCI\u00d3N INYECTABLE<\/p>\n<p>V\u00eda Administraci\u00f3n PARENTERAL<\/p>\n<p>Registro ISPF-7559<\/p>\n","protected":false},"excerpt":{"rendered":"<p>Suero glucosa 5% 500ml Apiroflex unid\u00a0 o Dextrosa en agua destilada al 5%<\/p>\n<p><b>Se usa para tratar az\u00facar bajo en la sangre (hipoglucemia), shock insul\u00ednico, o deshidrataci\u00f3n (perdida de fluidos)<\/b>.<\/p>\n<p>Dextrose 5% in water tambi\u00e9n se da para apoyo nutricional a pacientes que no pueden comer debido a enfermedad, herida, u otra condici\u00f3n m\u00e9dica.<\/p>\n","protected":false},"featured_media":3123,"comment_status":"open","ping_status":"closed","template":"","meta":{"_acf_changed":false},"product_brand":[],"product_cat":[94,456],"product_tag":[],"class_list":{"0":"post-3120","1":"product","2":"type-product","3":"status-publish","4":"has-post-thumbnail","6":"product_cat-insumos-desechables","7":"product_cat-suero","8":"product_shipping_class-pequeno","10":"first","11":"outofstock","12":"shipping-taxable","13":"purchasable","14":"product-type-variable"},"acf":[],"_links":{"self":[{"href":"https:\/\/deltamed.cl\/tienda\/wp-json\/wp\/v2\/product\/3120","targetHints":{"allow":["GET"]}}],"collection":[{"href":"https:\/\/deltamed.cl\/tienda\/wp-json\/wp\/v2\/product"}],"about":[{"href":"https:\/\/deltamed.cl\/tienda\/wp-json\/wp\/v2\/types\/product"}],"replies":[{"embeddable":true,"href":"https:\/\/deltamed.cl\/tienda\/wp-json\/wp\/v2\/comments?post=3120"}],"version-history":[{"count":1,"href":"https:\/\/deltamed.cl\/tienda\/wp-json\/wp\/v2\/product\/3120\/revisions"}],"predecessor-version":[{"id":10548,"href":"https:\/\/deltamed.cl\/tienda\/wp-json\/wp\/v2\/product\/3120\/revisions\/10548"}],"wp:featuredmedia":[{"embeddable":true,"href":"https:\/\/deltamed.cl\/tienda\/wp-json\/wp\/v2\/media\/3123"}],"wp:attachment":[{"href":"https:\/\/deltamed.cl\/tienda\/wp-json\/wp\/v2\/media?parent=3120"}],"wp:term":[{"taxonomy":"product_brand","embeddable":true,"href":"https:\/\/deltamed.cl\/tienda\/wp-json\/wp\/v2\/product_brand?post=3120"},{"taxonomy":"product_cat","embeddable":true,"href":"https:\/\/deltamed.cl\/tienda\/wp-json\/wp\/v2\/product_cat?post=3120"},{"taxonomy":"product_tag","embeddable":true,"href":"https:\/\/deltamed.cl\/tienda\/wp-json\/wp\/v2\/product_tag?post=3120"}],"curies":[{"name":"wp","href":"https:\/\/api.w.org\/{rel}","templated":true}]}}