{"id":307,"date":"2020-12-16T15:36:10","date_gmt":"2020-12-16T18:36:10","guid":{"rendered":"https:\/\/deltamed.cl\/tienda\/?post_type=product&#038;p=307"},"modified":"2026-02-27T13:30:27","modified_gmt":"2026-02-27T16:30:27","slug":"guante-latex-tressor-con-polvo","status":"publish","type":"product","link":"https:\/\/deltamed.cl\/tienda\/producto\/guante-latex-tressor-con-polvo\/","title":{"rendered":"Guante l\u00e1tex Tressor con polvo"},"content":{"rendered":"<p>Guante l\u00e1tex Tressor con polvo<br \/>\ncaja 100 unidades<\/p>\n<p>Los guantes de l\u00e1tex son una excelente barrera f\u00edsica de protecci\u00f3n personal contra sustancias no deseadas o peligrosas, son guantes ambidiestros, inodoros y muy flexibles. Son usados en procedimientos no est\u00e9riles en \u00e1rea de salud, est\u00e9tica e industrial.<\/p>\n<p>Color: Blanco Natural.<br \/>\n\u2022 Caja por 50 pares<br \/>\n\u2022 No est\u00e9ril. Ligeramente empolvados.<br \/>\n\u2022 Producto desechable.<br \/>\n\u2022 Guante anat\u00f3mico, que disminuye la fatigabilidad en sus manos.<br \/>\n\u2022 Textura suave.<br \/>\n\u2022 Desde el a\u00f1o 2002 la American Society For Testing And Materials (ASTM) recomienda<br \/>\npara guantes de procedimientos hasta 10mg\/dm2 de polvo en el guante.<br \/>\n\u2022 Este producto cumple con las siguientes normas y\/o certificaciones:<br \/>\n&#8211; EC certificate 93\/42\/EEC.<br \/>\n&#8211; Gmp: certificado de buenas pr\u00e1cticas de manufactura.<br \/>\n&#8211; Inscripci\u00f3n instituto de salud p\u00fablica (ISP): DM\/454\/17.<\/p>\n","protected":false},"excerpt":{"rendered":"<p>Guante l\u00e1tex Tressor con polvo<br \/>\n<strong>caja 100 unidades<\/strong><\/p>\n<p>Los guantes de l\u00e1tex son una excelente barrera f\u00edsica de protecci\u00f3n personal contra sustancias no deseadas o peligrosas, son guantes ambidiestros, inodoros y muy flexibles. Son usados en procedimientos no est\u00e9riles en \u00e1rea de salud, est\u00e9tica e industrial.<\/p>\n","protected":false},"featured_media":405,"comment_status":"open","ping_status":"closed","template":"","meta":{"_acf_changed":false},"product_brand":[],"product_cat":[94,379],"product_tag":[],"class_list":{"0":"post-307","1":"product","2":"type-product","3":"status-publish","4":"has-post-thumbnail","6":"product_cat-insumos-desechables","7":"product_cat-guantes","8":"product_shipping_class-pequeno","10":"first","11":"instock","12":"shipping-taxable","13":"purchasable","14":"product-type-variable"},"acf":[],"_links":{"self":[{"href":"https:\/\/deltamed.cl\/tienda\/wp-json\/wp\/v2\/product\/307","targetHints":{"allow":["GET"]}}],"collection":[{"href":"https:\/\/deltamed.cl\/tienda\/wp-json\/wp\/v2\/product"}],"about":[{"href":"https:\/\/deltamed.cl\/tienda\/wp-json\/wp\/v2\/types\/product"}],"replies":[{"embeddable":true,"href":"https:\/\/deltamed.cl\/tienda\/wp-json\/wp\/v2\/comments?post=307"}],"version-history":[{"count":3,"href":"https:\/\/deltamed.cl\/tienda\/wp-json\/wp\/v2\/product\/307\/revisions"}],"predecessor-version":[{"id":14521,"href":"https:\/\/deltamed.cl\/tienda\/wp-json\/wp\/v2\/product\/307\/revisions\/14521"}],"wp:featuredmedia":[{"embeddable":true,"href":"https:\/\/deltamed.cl\/tienda\/wp-json\/wp\/v2\/media\/405"}],"wp:attachment":[{"href":"https:\/\/deltamed.cl\/tienda\/wp-json\/wp\/v2\/media?parent=307"}],"wp:term":[{"taxonomy":"product_brand","embeddable":true,"href":"https:\/\/deltamed.cl\/tienda\/wp-json\/wp\/v2\/product_brand?post=307"},{"taxonomy":"product_cat","embeddable":true,"href":"https:\/\/deltamed.cl\/tienda\/wp-json\/wp\/v2\/product_cat?post=307"},{"taxonomy":"product_tag","embeddable":true,"href":"https:\/\/deltamed.cl\/tienda\/wp-json\/wp\/v2\/product_tag?post=307"}],"curies":[{"name":"wp","href":"https:\/\/api.w.org\/{rel}","templated":true}]}}